{"id":2247,"date":"2021-12-30T21:05:15","date_gmt":"2021-12-30T21:05:15","guid":{"rendered":"https:\/\/hotelcathedral.be\/?page_id=2247"},"modified":"2021-12-31T16:45:35","modified_gmt":"2021-12-31T16:45:35","slug":"citycard-gent","status":"publish","type":"page","link":"https:\/\/hotelcathedral.be\/fr\/citycard-gent\/","title":{"rendered":"CityCard Gand"},"content":{"rendered":"<div data-elementor-type=\"wp-page\" data-elementor-id=\"2247\" class=\"elementor elementor-2247\" data-elementor-post-type=\"page\">\n\t\t\t\t\t\t<section class=\"elementor-section elementor-top-section elementor-element elementor-element-3ea2197 elementor-section-boxed elementor-section-height-default elementor-section-height-default\" data-id=\"3ea2197\" data-element_type=\"section\" data-e-type=\"section\" data-settings=\"{&quot;background_background&quot;:&quot;classic&quot;}\">\n\t\t\t\t\t\t<div class=\"elementor-container elementor-column-gap-wide\">\n\t\t\t\t\t<div class=\"elementor-column elementor-col-100 elementor-top-column elementor-element elementor-element-1729c28\" data-id=\"1729c28\" data-element_type=\"column\" data-e-type=\"column\">\n\t\t\t<div class=\"elementor-widget-wrap elementor-element-populated\">\n\t\t\t\t\t\t<div class=\"elementor-element elementor-element-4fbd2cc elementor-widget elementor-widget-heading\" data-id=\"4fbd2cc\" data-element_type=\"widget\" data-e-type=\"widget\" data-widget_type=\"heading.default\">\n\t\t\t\t<div class=\"elementor-widget-container\">\n\t\t\t\t\t<h2 class=\"elementor-heading-title elementor-size-default\">CityCard Gand<\/h2>\t\t\t\t<\/div>\n\t\t\t\t<\/div>\n\t\t\t\t<div class=\"elementor-element elementor-element-d4ba826 elementor-widget elementor-widget-image\" data-id=\"d4ba826\" data-element_type=\"widget\" data-e-type=\"widget\" data-widget_type=\"image.default\">\n\t\t\t\t<div class=\"elementor-widget-container\">\n\t\t\t\t\t\t\t\t\t\t\t\t\t\t\t<img fetchpriority=\"high\" decoding=\"async\" width=\"768\" height=\"614\" src=\"https:\/\/hotelcathedral.be\/wp-content\/uploads\/2021\/12\/CityCard-Gent-map-768x614.jpg\" class=\"attachment-medium_large size-medium_large wp-image-2214\" alt=\"\" srcset=\"https:\/\/hotelcathedral.be\/wp-content\/uploads\/2021\/12\/CityCard-Gent-map-768x614.jpg 768w, https:\/\/hotelcathedral.be\/wp-content\/uploads\/2021\/12\/CityCard-Gent-map-300x240.jpg 300w, https:\/\/hotelcathedral.be\/wp-content\/uploads\/2021\/12\/CityCard-Gent-map-15x12.jpg 15w, https:\/\/hotelcathedral.be\/wp-content\/uploads\/2021\/12\/CityCard-Gent-map.jpg 840w\" sizes=\"(max-width: 768px) 100vw, 768px\" \/>\t\t\t\t\t\t\t\t\t\t\t\t\t\t\t<\/div>\n\t\t\t\t<\/div>\n\t\t\t\t<div class=\"elementor-element elementor-element-a1f1c24 elementor-widget elementor-widget-text-editor\" data-id=\"a1f1c24\" data-element_type=\"widget\" data-e-type=\"widget\" data-widget_type=\"text-editor.default\">\n\t\t\t\t<div class=\"elementor-widget-container\">\n\t\t\t\t\t\t\t\t\t<p>Faites votre week-end compl\u00e8tement \u00e0 votre guise. La CityCard Gent est simple et claire \u00e0 utiliser. Vous recevrez un plan de la ville extensible et pratique et toutes les informations sur les avantages de la CityCard. Choisissez une carte pour 48 heures ou 72 heures.<\/p><p>Cette carte de r\u00e9duction est une exp\u00e9rience tout compris \u00e0 Gand. Vous seriez fou de ne pas profiter de cette offre unique !<\/p><p>Vous pouvez acheter la Ghent CityCard ici :<\/p><ul><li>Par courriel \u00e0 <a href=\"mailto:info@hotelcathedral.be\">info@hotelcathedral.be<\/a><\/li><li>A l&#039;arriv\u00e9e \u00e0 la r\u00e9ception de l&#039;h\u00f4tel.<\/li><li>Tous les mus\u00e9es et lieux d&#039;int\u00e9r\u00eat participants \u00e0 Gand.<\/li><li>Les points de vente de la soci\u00e9t\u00e9 de transport De Lijn.<\/li><\/ul>\t\t\t\t\t\t\t\t<\/div>\n\t\t\t\t<\/div>\n\t\t\t\t\t<\/div>\n\t\t<\/div>\n\t\t\t\t\t<\/div>\n\t\t<\/section>\n\t\t\t\t<\/div>","protected":false},"excerpt":{"rendered":"<p>CityCard Gent Zet je weekendje weg volledig naar je hand. De CityCard Gent is simpel en overzichtelijk in gebruik. Je krijgt een handig uitvouwbaar stadsplan en alle info over de CityCard-voordelen. Kies een kaart voor 48 uur of 72 uur. Deze voordeelkaart is een all-in belevenis in Gent. Je zou wel gek zijn om niet [&hellip;]<\/p>\n","protected":false},"author":1,"featured_media":0,"parent":0,"menu_order":0,"comment_status":"closed","ping_status":"closed","template":"elementor_header_footer","meta":{"footnotes":""},"class_list":["post-2247","page","type-page","status-publish","hentry"],"_links":{"self":[{"href":"https:\/\/hotelcathedral.be\/fr\/wp-json\/wp\/v2\/pages\/2247","targetHints":{"allow":["GET"]}}],"collection":[{"href":"https:\/\/hotelcathedral.be\/fr\/wp-json\/wp\/v2\/pages"}],"about":[{"href":"https:\/\/hotelcathedral.be\/fr\/wp-json\/wp\/v2\/types\/page"}],"author":[{"embeddable":true,"href":"https:\/\/hotelcathedral.be\/fr\/wp-json\/wp\/v2\/users\/1"}],"replies":[{"embeddable":true,"href":"https:\/\/hotelcathedral.be\/fr\/wp-json\/wp\/v2\/comments?post=2247"}],"version-history":[{"count":0,"href":"https:\/\/hotelcathedral.be\/fr\/wp-json\/wp\/v2\/pages\/2247\/revisions"}],"wp:attachment":[{"href":"https:\/\/hotelcathedral.be\/fr\/wp-json\/wp\/v2\/media?parent=2247"}],"curies":[{"name":"wp","href":"https:\/\/api.w.org\/{rel}","templated":true}]}}