{"id":16,"date":"2020-05-14T19:14:10","date_gmt":"2020-05-14T19:14:10","guid":{"rendered":"http:\/\/schrijnwerkerij.galia.be\/?page_id=16"},"modified":"2020-07-26T20:17:11","modified_gmt":"2020-07-26T20:17:11","slug":"promoties","status":"publish","type":"page","link":"https:\/\/hotelcathedral.be\/fr\/promoties\/","title":{"rendered":"des promotions"},"content":{"rendered":"<div data-elementor-type=\"wp-page\" data-elementor-id=\"16\" class=\"elementor elementor-16\" data-elementor-post-type=\"page\">\n\t\t\t\t\t\t<section class=\"elementor-section elementor-top-section elementor-element elementor-element-2da2c02 elementor-section-full_width elementor-section-content-bottom elementor-section-height-default elementor-section-height-default\" data-id=\"2da2c02\" data-element_type=\"section\" data-e-type=\"section\">\n\t\t\t\t\t\t<div class=\"elementor-container elementor-column-gap-no\">\n\t\t\t\t\t<div class=\"elementor-column elementor-col-100 elementor-top-column elementor-element elementor-element-1a42f1a\" data-id=\"1a42f1a\" data-element_type=\"column\" data-e-type=\"column\">\n\t\t\t<div class=\"elementor-widget-wrap elementor-element-populated\">\n\t\t\t\t\t\t<div class=\"elementor-element elementor-element-399096a elementor--h-position-center elementor--v-position-middle elementor-widget elementor-widget-slides\" data-id=\"399096a\" data-element_type=\"widget\" data-e-type=\"widget\" data-settings=\"{&quot;navigation&quot;:&quot;none&quot;,&quot;transition&quot;:&quot;fade&quot;,&quot;transition_speed&quot;:500}\" data-widget_type=\"slides.default\">\n\t\t\t\t<div class=\"elementor-widget-container\">\n\t\t\t\t\t\t\t\t\t<div class=\"elementor-swiper\">\n\t\t\t\t\t<div class=\"elementor-slides-wrapper elementor-main-swiper swiper\" role=\"region\" aria-roledescription=\"carousel\" aria-label=\"Slides\" dir=\"ltr\" data-animation=\"\">\n\t\t\t\t<div class=\"swiper-wrapper elementor-slides\">\n\t\t\t\t\t\t\t\t\t\t<div class=\"elementor-repeater-item-9a7e4a5 swiper-slide\" role=\"group\" aria-roledescription=\"slide\"><div class=\"swiper-slide-bg\" role=\"img\" aria-label=\"AdobeStock_178255351 (2)\"><\/div><div class=\"elementor-background-overlay\"><\/div><div class=\"swiper-slide-inner\" ><div class=\"swiper-slide-contents\"><div class=\"elementor-slide-heading\">Des promotions &amp;<br\/>Arrangements<\/div><\/div><\/div><\/div>\t\t\t\t<\/div>\n\t\t\t\t\t\t\t<\/div>\n\t\t\t\t<\/div>\n\t\t\t\t\t\t\t\t<\/div>\n\t\t\t\t<\/div>\n\t\t\t\t\t<\/div>\n\t\t<\/div>\n\t\t\t\t\t<\/div>\n\t\t<\/section>\n\t\t\t\t<section class=\"elementor-section elementor-top-section elementor-element elementor-element-aaa4d99 elementor-section-boxed elementor-section-height-default elementor-section-height-default\" data-id=\"aaa4d99\" data-element_type=\"section\" data-e-type=\"section\" data-settings=\"{&quot;background_background&quot;:&quot;classic&quot;}\">\n\t\t\t\t\t\t<div class=\"elementor-container elementor-column-gap-wide\">\n\t\t\t\t\t<div class=\"elementor-column elementor-col-100 elementor-top-column elementor-element elementor-element-633f83d\" data-id=\"633f83d\" data-element_type=\"column\" data-e-type=\"column\">\n\t\t\t<div class=\"elementor-widget-wrap elementor-element-populated\">\n\t\t\t\t\t\t<div class=\"elementor-element elementor-element-6378bf5 elementor-widget elementor-widget-uael-posts\" data-id=\"6378bf5\" data-element_type=\"widget\" data-e-type=\"widget\" data-settings=\"{&quot;feed_slides_to_show_tablet&quot;:2,&quot;feed_slides_to_show_mobile&quot;:1,&quot;feed_show_filters&quot;:&quot;no&quot;}\" data-widget_type=\"uael-posts.feed\">\n\t\t\t\t<div class=\"elementor-widget-container\">\n\t\t\t\t\t\t\t<div class=\"uael-post__header\">\n\t\t\t\t\t<\/div>\n\t\t<div class=\"uael-post__body\">\n\t\t\t\n\t\t\n\t\t<div class=\"uael-post-grid uael-posts\" data-query-type=\"custom\" data-structure=\"\" data-layout=\"\" data-page=\"16\" data-skin=\"feed\" data-filter-default=\"\" data-offset-top=\"30\" >\n\n\t\t\t\t\t\t\t<div class=\"uael-post-grid__inner uael-post__columns-1 uael-post__columns-tablet-1 uael-post__columns-mobile-1\">\n\t\t\t\n\n<div class=\"uael-post-wrapper  export promoties\">\n\n\t<div class=\"uael-post__bg-wrap\">\n\t\t\n\t\t\n\t\t<div class=\"uael-post__inner-wrap\">\n\n\t\t\t\t<div class=\"uael-post__thumbnail\">\n\t\t\t\n\t\t\t<a href=\"https:\/\/hotelcathedral.be\/fr\/promoties\/fietsarrangement-superdeal-nu-aan-109-e-ontbijt-inbegrepen\/\" target=\"_self\" title=\"Forfait v\u00e9lo : Super deal \u00e0 partir de 139 \u20ac, petit d\u00e9jeuner inclus\"><img fetchpriority=\"high\" decoding=\"async\" width=\"768\" height=\"513\" src=\"https:\/\/hotelcathedral.be\/wp-content\/uploads\/2020\/10\/CityCyclingGent-390-43-768x513.jpg\" class=\"attachment-medium_large size-medium_large wp-image-1934\" alt=\"\" srcset=\"https:\/\/hotelcathedral.be\/wp-content\/uploads\/2020\/10\/CityCyclingGent-390-43-768x513.jpg 768w, https:\/\/hotelcathedral.be\/wp-content\/uploads\/2020\/10\/CityCyclingGent-390-43-300x200.jpg 300w, https:\/\/hotelcathedral.be\/wp-content\/uploads\/2020\/10\/CityCyclingGent-390-43-1024x684.jpg 1024w, https:\/\/hotelcathedral.be\/wp-content\/uploads\/2020\/10\/CityCyclingGent-390-43-1536x1025.jpg 1536w, https:\/\/hotelcathedral.be\/wp-content\/uploads\/2020\/10\/CityCyclingGent-390-43.jpg 1618w\" sizes=\"(max-width: 768px) 100vw, 768px\" \/><\/a>\n\t\t\t\t\t<\/div>\n\t\t\n\t\t\t\n\t\t\t<div class=\"uael-post__content-wrap\">\n\n\t\t\t\t\t<h3 class=\"uael-post__title\">\n\n\t\t\n\t\t\t\t\t\t<a href=\"https:\/\/hotelcathedral.be\/fr\/promoties\/fietsarrangement-superdeal-nu-aan-109-e-ontbijt-inbegrepen\/\" target=\"_self\">\n\t\t\t\tForfait v\u00e9lo : Super deal \u00e0 partir de 139 \u20ac, petit d\u00e9jeuner inclus\t\t\t<\/a>\n\n\t\t\t\t<\/h3>\n\t\t<div class=\"uael-post__separator\"><\/div>\n\t\t<div class=\"uael-post__excerpt\">\n\t\t\tLors de la r\u00e9servation de ce forfait, les \u00e9l\u00e9ments suivants sont inclus : S\u00e9jour en chambre standard. V\u00e9lo gratuit pour 1 jour. Le v\u00e9lo est disponible \u00e0 partir de 11h le jour de l&#039;arriv\u00e9e jusqu&#039;\u00e0 11h le lendemain. Carte cyclable gratuite de Gand. 2 bouteilles d&#039;eau gratuites dans la chambre. Avec le ticket v\u00e9lo, vous parcourez Gand \u00e0 v\u00e9lo...\t\t<\/div>\n\n\t\t\t\t\t<a class=\"uael-post__read-more elementor-button\" href=\"https:\/\/hotelcathedral.be\/fr\/promoties\/fietsarrangement-superdeal-nu-aan-109-e-ontbijt-inbegrepen\/\" target=\"_self\" aria-labelledby=\"uael-post-1922\">\n\t\t\t\t\t<span class=\"elementor-button-content-wrapper\">\n\t\t\t\t\t\t\t\t\t\t\t\t\t\t<span class=\"elementor-button-icon elementor-align-icon-left\">\n\n\t\t\t\t\t\t\t\t\t\n\t\t\t\t\t\t\t\t<\/span>\n\t\t\t\t\t\t\t\t\t\t\t\t\t\n\t\t\t\t\t\t<span class=\"elementor-button-text\" id=\"uael-post-1922\">Plus d&#039;infos \u2192<\/span>\n\t\t\t\t\t<\/span>\n\t\t\t\t<\/a>\n\t\t\t\t\t\t<\/div>\n\t\t\t\n\t\t<\/div>\n\t\t\n\t<\/div>\n\n<\/div>\n\n\n<div class=\"uael-post-wrapper  homepagina promoties\">\n\n\t<div class=\"uael-post__bg-wrap\">\n\t\t\n\t\t\n\t\t<div class=\"uael-post__inner-wrap\">\n\n\t\t\t\t<div class=\"uael-post__thumbnail\">\n\t\t\t\n\t\t\t<a href=\"https:\/\/hotelcathedral.be\/fr\/promoties\/romantisch-verblijf-159e\/\" target=\"_self\" title=\"Forfait Romantique\"><img decoding=\"async\" width=\"640\" height=\"400\" src=\"https:\/\/hotelcathedral.be\/wp-content\/uploads\/2020\/07\/Valentijn-romantisch-arrangement.png\" class=\"attachment-medium_large size-medium_large wp-image-1105\" alt=\"\" srcset=\"https:\/\/hotelcathedral.be\/wp-content\/uploads\/2020\/07\/Valentijn-romantisch-arrangement.png 640w, https:\/\/hotelcathedral.be\/wp-content\/uploads\/2020\/07\/Valentijn-romantisch-arrangement-300x188.png 300w\" sizes=\"(max-width: 640px) 100vw, 640px\" \/><\/a>\n\t\t\t\t\t<\/div>\n\t\t\n\t\t\t\n\t\t\t<div class=\"uael-post__content-wrap\">\n\n\t\t\t\t\t<h3 class=\"uael-post__title\">\n\n\t\t\n\t\t\t\t\t\t<a href=\"https:\/\/hotelcathedral.be\/fr\/promoties\/romantisch-verblijf-159e\/\" target=\"_self\">\n\t\t\t\tForfait Romantique\t\t\t<\/a>\n\n\t\t\t\t<\/h3>\n\t\t<div class=\"uael-post__separator\"><\/div>\n\t\t<div class=\"uael-post__excerpt\">\n\t\t\tSuper offre \u00e0 partir de 139 \u20ac Profitez d&#039;un s\u00e9jour romantique \u00e0 Gand avec votre bien-aim\u00e9. D\u00e9couvrez Gand et passez la nuit avec votre partenaire \u00e0 l&#039;H\u00f4tel Cathedral pr\u00e8s du centre historique de Gand. Vous passerez la nuit dans une chambre confort, \u00e9quip\u00e9e du Wi-Fi, d&#039;une t\u00e9l\u00e9vision \u00e0 \u00e9cran plat et d&#039;une salle de bain privative. Apr\u00e8s l&#039;enregistrement, vous pouvez...\t\t<\/div>\n\n\t\t\t\t\t<a class=\"uael-post__read-more elementor-button\" href=\"https:\/\/hotelcathedral.be\/fr\/promoties\/romantisch-verblijf-159e\/\" target=\"_self\" aria-labelledby=\"uael-post-1096\">\n\t\t\t\t\t<span class=\"elementor-button-content-wrapper\">\n\t\t\t\t\t\t\t\t\t\t\t\t\t\t<span class=\"elementor-button-icon elementor-align-icon-left\">\n\n\t\t\t\t\t\t\t\t\t\n\t\t\t\t\t\t\t\t<\/span>\n\t\t\t\t\t\t\t\t\t\t\t\t\t\n\t\t\t\t\t\t<span class=\"elementor-button-text\" id=\"uael-post-1096\">Plus d&#039;infos \u2192<\/span>\n\t\t\t\t\t<\/span>\n\t\t\t\t<\/a>\n\t\t\t\t\t\t<\/div>\n\t\t\t\n\t\t<\/div>\n\t\t\n\t<\/div>\n\n<\/div>\n\n\n<div class=\"uael-post-wrapper  homepagina promoties\">\n\n\t<div class=\"uael-post__bg-wrap\">\n\t\t\n\t\t\n\t\t<div class=\"uael-post__inner-wrap\">\n\n\t\t\t\t<div class=\"uael-post__thumbnail\">\n\t\t\t\n\t\t\t<a href=\"https:\/\/hotelcathedral.be\/fr\/promoties\/frietarrangement\/\" target=\"_self\" title=\"Promo : nuit\u00e9e et frites belges \u00e0 partir de 129\u20ac\"><img decoding=\"async\" width=\"768\" height=\"685\" src=\"https:\/\/hotelcathedral.be\/wp-content\/uploads\/2020\/05\/filip-in-frituur-voor-op-website-768x685.jpg\" class=\"attachment-medium_large size-medium_large wp-image-860\" alt=\"\" srcset=\"https:\/\/hotelcathedral.be\/wp-content\/uploads\/2020\/05\/filip-in-frituur-voor-op-website-768x685.jpg 768w, https:\/\/hotelcathedral.be\/wp-content\/uploads\/2020\/05\/filip-in-frituur-voor-op-website-300x268.jpg 300w, https:\/\/hotelcathedral.be\/wp-content\/uploads\/2020\/05\/filip-in-frituur-voor-op-website-1024x914.jpg 1024w, https:\/\/hotelcathedral.be\/wp-content\/uploads\/2020\/05\/filip-in-frituur-voor-op-website-1536x1371.jpg 1536w, https:\/\/hotelcathedral.be\/wp-content\/uploads\/2020\/05\/filip-in-frituur-voor-op-website.jpg 1700w\" sizes=\"(max-width: 768px) 100vw, 768px\" \/><\/a>\n\t\t\t\t\t<\/div>\n\t\t\n\t\t\t\n\t\t\t<div class=\"uael-post__content-wrap\">\n\n\t\t\t\t\t<h3 class=\"uael-post__title\">\n\n\t\t\n\t\t\t\t\t\t<a href=\"https:\/\/hotelcathedral.be\/fr\/promoties\/frietarrangement\/\" target=\"_self\">\n\t\t\t\tPromo : nuit\u00e9e et frites belges \u00e0 partir de 129\u20ac\t\t\t<\/a>\n\n\t\t\t\t<\/h3>\n\t\t<div class=\"uael-post__separator\"><\/div>\n\t\t<div class=\"uael-post__excerpt\">\n\t\t\tVous ne devriez pas manquer cette promotion si vous aimez nos d\u00e9licieuses frites Belviva. Notre offre comprend: 1 nuit en chambre standard avec petit-d\u00e9jeuner, un sachet de frites de Filip avec sauce et un morceau de viande de votre choix par personne. Les meilleures frites de Gand !!!\t\t<\/div>\n\n\t\t\t\t\t<a class=\"uael-post__read-more elementor-button\" href=\"https:\/\/hotelcathedral.be\/fr\/promoties\/frietarrangement\/\" target=\"_self\" aria-labelledby=\"uael-post-877\">\n\t\t\t\t\t<span class=\"elementor-button-content-wrapper\">\n\t\t\t\t\t\t\t\t\t\t\t\t\t\t<span class=\"elementor-button-icon elementor-align-icon-left\">\n\n\t\t\t\t\t\t\t\t\t\n\t\t\t\t\t\t\t\t<\/span>\n\t\t\t\t\t\t\t\t\t\t\t\t\t\n\t\t\t\t\t\t<span class=\"elementor-button-text\" id=\"uael-post-877\">Plus d&#039;infos \u2192<\/span>\n\t\t\t\t\t<\/span>\n\t\t\t\t<\/a>\n\t\t\t\t\t\t<\/div>\n\t\t\t\n\t\t<\/div>\n\t\t\n\t<\/div>\n\n<\/div>\n\n\n<div class=\"uael-post-wrapper  arrangementen\">\n\n\t<div class=\"uael-post__bg-wrap\">\n\t\t\n\t\t\n\t\t<div class=\"uael-post__inner-wrap\">\n\n\t\t\t\t<div class=\"uael-post__thumbnail\">\n\t\t\t\n\t\t\t<a href=\"https:\/\/hotelcathedral.be\/fr\/arrangementen\/gent-4-daags-arrangement\/\" target=\"_self\" title=\"Forfait Gand 4 jours \u00e0 partir de 450 \u20ac\"><img loading=\"lazy\" decoding=\"async\" width=\"768\" height=\"377\" src=\"https:\/\/hotelcathedral.be\/wp-content\/uploads\/2020\/07\/gent-local-768x377.jpg\" class=\"attachment-medium_large size-medium_large wp-image-1168\" alt=\"\" srcset=\"https:\/\/hotelcathedral.be\/wp-content\/uploads\/2020\/07\/gent-local-768x377.jpg 768w, https:\/\/hotelcathedral.be\/wp-content\/uploads\/2020\/07\/gent-local-300x147.jpg 300w, https:\/\/hotelcathedral.be\/wp-content\/uploads\/2020\/07\/gent-local.jpg 794w\" sizes=\"(max-width: 768px) 100vw, 768px\" \/><\/a>\n\t\t\t\t\t<\/div>\n\t\t\n\t\t\t\n\t\t\t<div class=\"uael-post__content-wrap\">\n\n\t\t\t\t\t<h3 class=\"uael-post__title\">\n\n\t\t\n\t\t\t\t\t\t<a href=\"https:\/\/hotelcathedral.be\/fr\/arrangementen\/gent-4-daags-arrangement\/\" target=\"_self\">\n\t\t\t\tForfait Gand 4 jours \u00e0 partir de 450 \u20ac\t\t\t<\/a>\n\n\t\t\t\t<\/h3>\n\t\t<div class=\"uael-post__separator\"><\/div>\n\t\t<div class=\"uael-post__excerpt\">\n\t\t\tCommencez bien votre s\u00e9jour \u00e0 Gand. Personnalisez compl\u00e8tement votre s\u00e9jour \u00e0 Gand. Avec le forfait de 4 jours, Gand est facile et claire \u00e0 visiter. Vous recevrez un plan de la ville d\u00e9pliant pratique et toutes les informations sur les avantages de la CityCard. Le forfait Gand 4 jours est une exp\u00e9rience tout compris \u00e0 Gand. Toi ...\t\t<\/div>\n\n\t\t\t\t\t<a class=\"uael-post__read-more elementor-button\" href=\"https:\/\/hotelcathedral.be\/fr\/arrangementen\/gent-4-daags-arrangement\/\" target=\"_self\" aria-labelledby=\"uael-post-1167\">\n\t\t\t\t\t<span class=\"elementor-button-content-wrapper\">\n\t\t\t\t\t\t\t\t\t\t\t\t\t\t<span class=\"elementor-button-icon elementor-align-icon-left\">\n\n\t\t\t\t\t\t\t\t\t\n\t\t\t\t\t\t\t\t<\/span>\n\t\t\t\t\t\t\t\t\t\t\t\t\t\n\t\t\t\t\t\t<span class=\"elementor-button-text\" id=\"uael-post-1167\">Plus d&#039;infos \u2192<\/span>\n\t\t\t\t\t<\/span>\n\t\t\t\t<\/a>\n\t\t\t\t\t\t<\/div>\n\t\t\t\n\t\t<\/div>\n\t\t\n\t<\/div>\n\n<\/div>\n\n\n<div class=\"uael-post-wrapper  arrangementen\">\n\n\t<div class=\"uael-post__bg-wrap\">\n\t\t\n\t\t\n\t\t<div class=\"uael-post__inner-wrap\">\n\n\t\t\t\t<div class=\"uael-post__thumbnail\">\n\t\t\t\n\t\t\t<a href=\"https:\/\/hotelcathedral.be\/fr\/arrangementen\/gent-cultuurarrangement-e189\/\" target=\"_self\" title=\"Forfait culturel Gand \u00e0 partir de 249 \u20ac\"><img loading=\"lazy\" decoding=\"async\" width=\"550\" height=\"413\" src=\"https:\/\/hotelcathedral.be\/wp-content\/uploads\/2020\/07\/incredible-views.jpg\" class=\"attachment-medium_large size-medium_large wp-image-1162\" alt=\"\" srcset=\"https:\/\/hotelcathedral.be\/wp-content\/uploads\/2020\/07\/incredible-views.jpg 550w, https:\/\/hotelcathedral.be\/wp-content\/uploads\/2020\/07\/incredible-views-300x225.jpg 300w\" sizes=\"(max-width: 550px) 100vw, 550px\" \/><\/a>\n\t\t\t\t\t<\/div>\n\t\t\n\t\t\t\n\t\t\t<div class=\"uael-post__content-wrap\">\n\n\t\t\t\t\t<h3 class=\"uael-post__title\">\n\n\t\t\n\t\t\t\t\t\t<a href=\"https:\/\/hotelcathedral.be\/fr\/arrangementen\/gent-cultuurarrangement-e189\/\" target=\"_self\">\n\t\t\t\tForfait culturel Gand \u00e0 partir de 249 \u20ac\t\t\t<\/a>\n\n\t\t\t\t<\/h3>\n\t\t<div class=\"uael-post__separator\"><\/div>\n\t\t<div class=\"uael-post__excerpt\">\n\t\t\t2 jours \u00e0 Gand. Unique en Europe, pas de vains mots. D\u00e9couvrez, go\u00fbtez et ressentez la Gand anim\u00e9e, \u00e9tonnamment abordable. Le forfait culture vous donne acc\u00e8s \u00e0 toutes les principales attractions de Gand, y compris les transports en commun. En bref, avec ce forfait, vous gardez un \u0153il attentif sur votre portefeuille pendant tout votre s\u00e9jour en ville. Maximum Gent contre ...\t\t<\/div>\n\n\t\t\t\t\t<a class=\"uael-post__read-more elementor-button\" href=\"https:\/\/hotelcathedral.be\/fr\/arrangementen\/gent-cultuurarrangement-e189\/\" target=\"_self\" aria-labelledby=\"uael-post-1153\">\n\t\t\t\t\t<span class=\"elementor-button-content-wrapper\">\n\t\t\t\t\t\t\t\t\t\t\t\t\t\t<span class=\"elementor-button-icon elementor-align-icon-left\">\n\n\t\t\t\t\t\t\t\t\t\n\t\t\t\t\t\t\t\t<\/span>\n\t\t\t\t\t\t\t\t\t\t\t\t\t\n\t\t\t\t\t\t<span class=\"elementor-button-text\" id=\"uael-post-1153\">Plus d&#039;infos \u2192<\/span>\n\t\t\t\t\t<\/span>\n\t\t\t\t<\/a>\n\t\t\t\t\t\t<\/div>\n\t\t\t\n\t\t<\/div>\n\t\t\n\t<\/div>\n\n<\/div>\n\n\n<div class=\"uael-post-wrapper  arrangementen homepagina\">\n\n\t<div class=\"uael-post__bg-wrap\">\n\t\t\n\t\t\n\t\t<div class=\"uael-post__inner-wrap\">\n\n\t\t\t\t<div class=\"uael-post__thumbnail\">\n\t\t\t\n\t\t\t<a href=\"https:\/\/hotelcathedral.be\/fr\/arrangementen\/winterfeesten-arrangement-129e\/\" target=\"_self\" title=\"Forfait F\u00eates d&#039;hiver du 8 d\u00e9cembre 2023 au 22 d\u00e9cembre 2023 \u00e0 partir de 149 \u20ac\"><img loading=\"lazy\" decoding=\"async\" width=\"768\" height=\"512\" src=\"https:\/\/hotelcathedral.be\/wp-content\/uploads\/2020\/07\/reuzenrad-768x512.jpg\" class=\"attachment-medium_large size-medium_large wp-image-1111\" alt=\"\" srcset=\"https:\/\/hotelcathedral.be\/wp-content\/uploads\/2020\/07\/reuzenrad-768x512.jpg 768w, https:\/\/hotelcathedral.be\/wp-content\/uploads\/2020\/07\/reuzenrad-300x200.jpg 300w, https:\/\/hotelcathedral.be\/wp-content\/uploads\/2020\/07\/reuzenrad-1024x683.jpg 1024w, https:\/\/hotelcathedral.be\/wp-content\/uploads\/2020\/07\/reuzenrad-1536x1024.jpg 1536w, https:\/\/hotelcathedral.be\/wp-content\/uploads\/2020\/07\/reuzenrad.jpg 1620w\" sizes=\"(max-width: 768px) 100vw, 768px\" \/><\/a>\n\t\t\t\t\t<\/div>\n\t\t\n\t\t\t\n\t\t\t<div class=\"uael-post__content-wrap\">\n\n\t\t\t\t\t<h3 class=\"uael-post__title\">\n\n\t\t\n\t\t\t\t\t\t<a href=\"https:\/\/hotelcathedral.be\/fr\/arrangementen\/winterfeesten-arrangement-129e\/\" target=\"_self\">\n\t\t\t\tForfait F\u00eates d&#039;hiver du 8 d\u00e9cembre 2023 au 22 d\u00e9cembre 2023 \u00e0 partir de 149 \u20ac\t\t\t<\/a>\n\n\t\t\t\t<\/h3>\n\t\t<div class=\"uael-post__separator\"><\/div>\n\t\t<div class=\"uael-post__excerpt\">\n\t\t\tLes f\u00eates d\u2019hiver sont-elles r\u00e9serv\u00e9es aux adultes ? Rien ne pourrait \u00eatre plus \u00e9loign\u00e9 de la v\u00e9rit\u00e9 ! Les F\u00eates d&#039;Hiver de Gand proposent de nombreuses activit\u00e9s pour tous et des divertissements pour les plus petits. Flottez dans l&#039;une des grandes boules de No\u00ebl du Sapin Magique en mouvement ou sentez-vous comme un g\u00e9ant volant au-dessus de la ville de Gand depuis la grande roue...\t\t<\/div>\n\n\t\t\t\t\t<a class=\"uael-post__read-more elementor-button\" href=\"https:\/\/hotelcathedral.be\/fr\/arrangementen\/winterfeesten-arrangement-129e\/\" target=\"_self\" aria-labelledby=\"uael-post-1110\">\n\t\t\t\t\t<span class=\"elementor-button-content-wrapper\">\n\t\t\t\t\t\t\t\t\t\t\t\t\t\t<span class=\"elementor-button-icon elementor-align-icon-left\">\n\n\t\t\t\t\t\t\t\t\t\n\t\t\t\t\t\t\t\t<\/span>\n\t\t\t\t\t\t\t\t\t\t\t\t\t\n\t\t\t\t\t\t<span class=\"elementor-button-text\" id=\"uael-post-1110\">Plus d&#039;infos \u2192<\/span>\n\t\t\t\t\t<\/span>\n\t\t\t\t<\/a>\n\t\t\t\t\t\t<\/div>\n\t\t\t\n\t\t<\/div>\n\t\t\n\t<\/div>\n\n<\/div>\n\n\n<div class=\"uael-post-wrapper  arrangementen\">\n\n\t<div class=\"uael-post__bg-wrap\">\n\t\t\n\t\t\n\t\t<div class=\"uael-post__inner-wrap\">\n\n\t\t\t\t<div class=\"uael-post__thumbnail\">\n\t\t\t\n\t\t\t<a href=\"https:\/\/hotelcathedral.be\/fr\/arrangementen\/paasarrangement-189e\/\" target=\"_self\" title=\"Forfait P\u00e2ques \u00e0 partir de 129 \u20ac\"><img loading=\"lazy\" decoding=\"async\" width=\"470\" height=\"279\" src=\"https:\/\/hotelcathedral.be\/wp-content\/uploads\/2020\/07\/2014-04-16-vrolijk-pasen.png\" class=\"attachment-medium_large size-medium_large wp-image-1121\" alt=\"\" srcset=\"https:\/\/hotelcathedral.be\/wp-content\/uploads\/2020\/07\/2014-04-16-vrolijk-pasen.png 470w, https:\/\/hotelcathedral.be\/wp-content\/uploads\/2020\/07\/2014-04-16-vrolijk-pasen-300x178.png 300w\" sizes=\"(max-width: 470px) 100vw, 470px\" \/><\/a>\n\t\t\t\t\t<\/div>\n\t\t\n\t\t\t\n\t\t\t<div class=\"uael-post__content-wrap\">\n\n\t\t\t\t\t<h3 class=\"uael-post__title\">\n\n\t\t\n\t\t\t\t\t\t<a href=\"https:\/\/hotelcathedral.be\/fr\/arrangementen\/paasarrangement-189e\/\" target=\"_self\">\n\t\t\t\tForfait P\u00e2ques \u00e0 partir de 129 \u20ac\t\t\t<\/a>\n\n\t\t\t\t<\/h3>\n\t\t<div class=\"uael-post__separator\"><\/div>\n\t\t<div class=\"uael-post__excerpt\">\n\t\t\tCette offre est valable pour toutes r\u00e9servations effectu\u00e9es dans la p\u00e9riode du 31 mars 2024 au 15 avril 2024. Vous s\u00e9journerez dans une chambre standard avec petit-d\u00e9jeuner pour 2 personnes, les chambres sont \u00e9quip\u00e9es d&#039;une salle de bain privative avec douche, s\u00e8che-cheveux, lavabo et WC, TV LED avec cha\u00eenes nationales et \u00e9trang\u00e8res, bureau...\t\t<\/div>\n\n\t\t\t\t\t<a class=\"uael-post__read-more elementor-button\" href=\"https:\/\/hotelcathedral.be\/fr\/arrangementen\/paasarrangement-189e\/\" target=\"_self\" aria-labelledby=\"uael-post-1119\">\n\t\t\t\t\t<span class=\"elementor-button-content-wrapper\">\n\t\t\t\t\t\t\t\t\t\t\t\t\t\t<span class=\"elementor-button-icon elementor-align-icon-left\">\n\n\t\t\t\t\t\t\t\t\t\n\t\t\t\t\t\t\t\t<\/span>\n\t\t\t\t\t\t\t\t\t\t\t\t\t\n\t\t\t\t\t\t<span class=\"elementor-button-text\" id=\"uael-post-1119\">Plus d&#039;infos \u2192<\/span>\n\t\t\t\t\t<\/span>\n\t\t\t\t<\/a>\n\t\t\t\t\t\t<\/div>\n\t\t\t\n\t\t<\/div>\n\t\t\n\t<\/div>\n\n<\/div>\n\t\t\t\t<\/div>\n\t\t\t\t\t\t\n\t\t<\/div>\n\n\t\t\t\t\t\t<\/div>\n\t\t<div class=\"uael-post__footer\">\n\t\t\t\t\t<\/div>\n\t\t\t\t\t\t<\/div>\n\t\t\t\t<\/div>\n\t\t\t\t\t<\/div>\n\t\t<\/div>\n\t\t\t\t\t<\/div>\n\t\t<\/section>\n\t\t\t\t<\/div>","protected":false},"excerpt":{"rendered":"<p>Promoties &#038;Arrangementen Romantisch verblijf \u20ac 159 Gent is de ideale stad om samen met je geliefde te ontdekken, wat is er nu niet gezelliger om hand in hand langs de waterkant te kuieren en op \u00e9\u00e9n van de vele terrasjes te pauzeren. Na een mooie verlichte avondwandeling kan je genieten van een romantisch diner op [&hellip;]<\/p>\n","protected":false},"author":1,"featured_media":0,"parent":0,"menu_order":0,"comment_status":"closed","ping_status":"closed","template":"","meta":{"footnotes":""},"class_list":["post-16","page","type-page","status-publish","hentry"],"_links":{"self":[{"href":"https:\/\/hotelcathedral.be\/fr\/wp-json\/wp\/v2\/pages\/16","targetHints":{"allow":["GET"]}}],"collection":[{"href":"https:\/\/hotelcathedral.be\/fr\/wp-json\/wp\/v2\/pages"}],"about":[{"href":"https:\/\/hotelcathedral.be\/fr\/wp-json\/wp\/v2\/types\/page"}],"author":[{"embeddable":true,"href":"https:\/\/hotelcathedral.be\/fr\/wp-json\/wp\/v2\/users\/1"}],"replies":[{"embeddable":true,"href":"https:\/\/hotelcathedral.be\/fr\/wp-json\/wp\/v2\/comments?post=16"}],"version-history":[{"count":0,"href":"https:\/\/hotelcathedral.be\/fr\/wp-json\/wp\/v2\/pages\/16\/revisions"}],"wp:attachment":[{"href":"https:\/\/hotelcathedral.be\/fr\/wp-json\/wp\/v2\/media?parent=16"}],"curies":[{"name":"wp","href":"https:\/\/api.w.org\/{rel}","templated":true}]}}