{"id":1438,"date":"2020-07-20T14:14:44","date_gmt":"2020-07-20T14:14:44","guid":{"rendered":"https:\/\/parkhotelghent.be\/?page_id=1438"},"modified":"2020-08-06T20:12:14","modified_gmt":"2020-08-06T20:12:14","slug":"welkom-in-parkhotel","status":"publish","type":"page","link":"https:\/\/hotelcathedral.be\/fr\/welkom-in-parkhotel\/","title":{"rendered":"Bienvenue au Parkhotel"},"content":{"rendered":"<div data-elementor-type=\"wp-page\" data-elementor-id=\"1438\" class=\"elementor elementor-1438\" data-elementor-post-type=\"page\">\n\t\t\t\t\t\t<section class=\"elementor-section elementor-top-section elementor-element elementor-element-95cfb9f elementor-section-boxed elementor-section-height-default elementor-section-height-default\" data-id=\"95cfb9f\" data-element_type=\"section\" data-e-type=\"section\" data-settings=\"{&quot;background_background&quot;:&quot;classic&quot;}\">\n\t\t\t\t\t\t<div class=\"elementor-container elementor-column-gap-wide\">\n\t\t\t\t\t<div class=\"elementor-column elementor-col-50 elementor-top-column elementor-element elementor-element-518335a\" data-id=\"518335a\" data-element_type=\"column\" data-e-type=\"column\">\n\t\t\t<div class=\"elementor-widget-wrap elementor-element-populated\">\n\t\t\t\t\t\t<div class=\"elementor-element elementor-element-759e436 elementor-widget elementor-widget-heading\" data-id=\"759e436\" data-element_type=\"widget\" data-e-type=\"widget\" data-widget_type=\"heading.default\">\n\t\t\t\t<div class=\"elementor-widget-container\">\n\t\t\t\t\t<h2 class=\"elementor-heading-title elementor-size-default\">Bienvenue \u00e0 l&#039;h\u00f4tel Cathedral<\/h2>\t\t\t\t<\/div>\n\t\t\t\t<\/div>\n\t\t\t\t<div class=\"elementor-element elementor-element-0267233 elementor-widget elementor-widget-text-editor\" data-id=\"0267233\" data-element_type=\"widget\" data-e-type=\"widget\" data-widget_type=\"text-editor.default\">\n\t\t\t\t<div class=\"elementor-widget-container\">\n\t\t\t\t\t\t\t\t\t<p>L&#039;H\u00f4tel Cathedral est situ\u00e9 pr\u00e8s du centre historique de Gand, o\u00f9 vous serez accueilli par l&#039;h\u00f4tesse elle-m\u00eame. L&#039;h\u00f4tel dispose de son propre parking moyennant un suppl\u00e9ment de 20 \u20ac par jour, valable de 11h00 le jour d&#039;arriv\u00e9e jusqu&#039;\u00e0 11h00 le jour du d\u00e9part.<br><\/p><p>Chaque chambre dispose de la climatisation et d&#039;une salle de bain privative avec s\u00e8che-cheveux, toilettes et douche, TV \u00e9cran plat avec cha\u00eenes internationales et bureau avec wifi gratuit. <br>L&#039;h\u00f4tel dispose de chambres standard, de chambres standard avec coin salon, de chambres confort et d&#039;une chambre en duplex. <br>La cath\u00e9drale Vakantieielogies dispose de chambres standard et de chambres standard avec une salle de bains externe. L&#039;h\u00e9bergement de vacances Cathedral est situ\u00e9 dans une d\u00e9pendance \u00e0 c\u00f4t\u00e9 de l&#039;h\u00f4tel.<br>Les chambres standard avec coin salon, chambres confort et chambre duplex disposent d&#039;un coin salon avec table basse et canap\u00e9, cafeti\u00e8re \/ th\u00e9i\u00e8re. <br>La cath\u00e9drale Saint-Bavon avec le retable de Gand et les c\u00e9l\u00e8bres trois tours de Gand sont \u00e0 moins de 200 m\u00e8tres \u00e0 pied de l&#039;h\u00f4tel. Le centre commercial avec ses nombreuses boutiques, les universit\u00e9s et l&#039;\u00e9cole de management de Vlerick ainsi que le centre culturel et de conf\u00e9rence \u00abHet Pand\u00bb sont \u00e0 proximit\u00e9. L&#039;H\u00f4tel Cathedral est donc l&#039;h\u00f4tel pour les touristes et les hommes d&#039;affaires. Nous fournissons \u00e9galement un bar d&#039;honn\u00eatet\u00e9 o\u00f9 les clients peuvent servir des boissons gazeuses ou alcoolis\u00e9es et des barres de chocolat. <br>L&#039;H\u00f4tel Cathedral est donc un excellent emplacement pour d\u00e9couvrir Gand. Bienvenue !<\/p>\n<p>H\u00f4tel Cathedral Gand<br>Rue Sint-Jacobsnieuw 87 <br>9000 Gand<br>T\u00e9l: +32 (0) 9 329 56 08<br><a href=\"mailto: info@hotelcathedral.be\" target=\"_blank\" rel=\"noopener\">info@hotelcathedral.be<\/a><\/p>\t\t\t\t\t\t\t\t<\/div>\n\t\t\t\t<\/div>\n\t\t\t\t\t<\/div>\n\t\t<\/div>\n\t\t\t\t<div class=\"elementor-column elementor-col-50 elementor-top-column elementor-element elementor-element-13eb513\" data-id=\"13eb513\" data-element_type=\"column\" data-e-type=\"column\">\n\t\t\t<div class=\"elementor-widget-wrap elementor-element-populated\">\n\t\t\t\t\t\t<div class=\"elementor-element elementor-element-ce3c218 elementor-widget elementor-widget-gallery\" data-id=\"ce3c218\" data-element_type=\"widget\" data-e-type=\"widget\" data-settings=\"{&quot;gallery_layout&quot;:&quot;justified&quot;,&quot;ideal_row_height&quot;:{&quot;unit&quot;:&quot;px&quot;,&quot;size&quot;:239,&quot;sizes&quot;:[]},&quot;gap&quot;:{&quot;unit&quot;:&quot;px&quot;,&quot;size&quot;:9,&quot;sizes&quot;:[]},&quot;ideal_row_height_tablet&quot;:{&quot;unit&quot;:&quot;px&quot;,&quot;size&quot;:150,&quot;sizes&quot;:[]},&quot;ideal_row_height_mobile&quot;:{&quot;unit&quot;:&quot;px&quot;,&quot;size&quot;:150,&quot;sizes&quot;:[]},&quot;gap_tablet&quot;:{&quot;unit&quot;:&quot;px&quot;,&quot;size&quot;:10,&quot;sizes&quot;:[]},&quot;gap_mobile&quot;:{&quot;unit&quot;:&quot;px&quot;,&quot;size&quot;:10,&quot;sizes&quot;:[]},&quot;link_to&quot;:&quot;file&quot;,&quot;overlay_background&quot;:&quot;yes&quot;,&quot;content_hover_animation&quot;:&quot;fade-in&quot;}\" data-widget_type=\"gallery.default\">\n\t\t\t\t<div class=\"elementor-widget-container\">\n\t\t\t\t\t\t\t<div class=\"elementor-gallery__container\">\n\t\t\t\t\t\t\t<a class=\"e-gallery-item elementor-gallery-item elementor-animated-content\" href=\"https:\/\/hotelcathedral.be\/wp-content\/uploads\/2020\/08\/hotel-vooraanzicht-hotel.jpg\" data-elementor-open-lightbox=\"yes\" data-elementor-lightbox-slideshow=\"ce3c218\" data-elementor-lightbox-title=\"hotel vooraanzicht hotel\" data-e-action-hash=\"#elementor-action%3Aaction%3Dlightbox%26settings%3DeyJpZCI6MTc1MiwidXJsIjoiaHR0cHM6XC9cL2hvdGVsY2F0aGVkcmFsLmJlXC93cC1jb250ZW50XC91cGxvYWRzXC8yMDIwXC8wOFwvaG90ZWwtdm9vcmFhbnppY2h0LWhvdGVsLmpwZyIsInNsaWRlc2hvdyI6ImNlM2MyMTgifQ%3D%3D\">\n\t\t\t\t\t<div class=\"e-gallery-image elementor-gallery-item__image\" data-thumbnail=\"https:\/\/hotelcathedral.be\/wp-content\/uploads\/2020\/08\/hotel-vooraanzicht-hotel-300x200.jpg\" data-width=\"300\" data-height=\"200\" aria-label=\"\" role=\"img\" ><\/div>\n\t\t\t\t\t\t\t\t\t\t\t<div class=\"elementor-gallery-item__overlay\"><\/div>\n\t\t\t\t\t\t\t\t\t\t\t\t\t\t<\/a>\n\t\t\t\t\t\t\t<a class=\"e-gallery-item elementor-gallery-item elementor-animated-content\" href=\"https:\/\/hotelcathedral.be\/wp-content\/uploads\/2020\/08\/an-aan-receptie-1.jpg\" data-elementor-open-lightbox=\"yes\" data-elementor-lightbox-slideshow=\"ce3c218\" data-elementor-lightbox-title=\"an aan receptie\" data-e-action-hash=\"#elementor-action%3Aaction%3Dlightbox%26settings%3DeyJpZCI6MTc0NiwidXJsIjoiaHR0cHM6XC9cL2hvdGVsY2F0aGVkcmFsLmJlXC93cC1jb250ZW50XC91cGxvYWRzXC8yMDIwXC8wOFwvYW4tYWFuLXJlY2VwdGllLTEuanBnIiwic2xpZGVzaG93IjoiY2UzYzIxOCJ9\">\n\t\t\t\t\t<div class=\"e-gallery-image elementor-gallery-item__image\" data-thumbnail=\"https:\/\/hotelcathedral.be\/wp-content\/uploads\/2020\/08\/an-aan-receptie-1-300x200.jpg\" data-width=\"300\" data-height=\"200\" aria-label=\"\" role=\"img\" ><\/div>\n\t\t\t\t\t\t\t\t\t\t\t<div class=\"elementor-gallery-item__overlay\"><\/div>\n\t\t\t\t\t\t\t\t\t\t\t\t\t\t<\/a>\n\t\t\t\t\t\t\t<a class=\"e-gallery-item elementor-gallery-item elementor-animated-content\" href=\"https:\/\/hotelcathedral.be\/wp-content\/uploads\/2020\/08\/receptie-ontbijtzaal-1.jpg\" data-elementor-open-lightbox=\"yes\" data-elementor-lightbox-slideshow=\"ce3c218\" data-elementor-lightbox-title=\"receptie ontbijtzaal\" data-e-action-hash=\"#elementor-action%3Aaction%3Dlightbox%26settings%3DeyJpZCI6MTc1NiwidXJsIjoiaHR0cHM6XC9cL2hvdGVsY2F0aGVkcmFsLmJlXC93cC1jb250ZW50XC91cGxvYWRzXC8yMDIwXC8wOFwvcmVjZXB0aWUtb250YmlqdHphYWwtMS5qcGciLCJzbGlkZXNob3ciOiJjZTNjMjE4In0%3D\">\n\t\t\t\t\t<div class=\"e-gallery-image elementor-gallery-item__image\" data-thumbnail=\"https:\/\/hotelcathedral.be\/wp-content\/uploads\/2020\/08\/receptie-ontbijtzaal-1-300x149.jpg\" data-width=\"300\" data-height=\"149\" aria-label=\"\" role=\"img\" ><\/div>\n\t\t\t\t\t\t\t\t\t\t\t<div class=\"elementor-gallery-item__overlay\"><\/div>\n\t\t\t\t\t\t\t\t\t\t\t\t\t\t<\/a>\n\t\t\t\t\t\t\t<a class=\"e-gallery-item elementor-gallery-item elementor-animated-content\" href=\"https:\/\/hotelcathedral.be\/wp-content\/uploads\/2020\/08\/Cathedral-JUNI-26-145.jpg\" data-elementor-open-lightbox=\"yes\" data-elementor-lightbox-slideshow=\"ce3c218\" data-elementor-lightbox-title=\"Cathedral JUNI 26-145\" data-e-action-hash=\"#elementor-action%3Aaction%3Dlightbox%26settings%3DeyJpZCI6MTc0NywidXJsIjoiaHR0cHM6XC9cL2hvdGVsY2F0aGVkcmFsLmJlXC93cC1jb250ZW50XC91cGxvYWRzXC8yMDIwXC8wOFwvQ2F0aGVkcmFsLUpVTkktMjYtMTQ1LmpwZyIsInNsaWRlc2hvdyI6ImNlM2MyMTgifQ%3D%3D\">\n\t\t\t\t\t<div class=\"e-gallery-image elementor-gallery-item__image\" data-thumbnail=\"https:\/\/hotelcathedral.be\/wp-content\/uploads\/2020\/08\/Cathedral-JUNI-26-145-300x200.jpg\" data-width=\"300\" data-height=\"200\" aria-label=\"\" role=\"img\" ><\/div>\n\t\t\t\t\t\t\t\t\t\t\t<div class=\"elementor-gallery-item__overlay\"><\/div>\n\t\t\t\t\t\t\t\t\t\t\t\t\t\t<\/a>\n\t\t\t\t\t\t\t<a class=\"e-gallery-item elementor-gallery-item elementor-animated-content\" href=\"https:\/\/hotelcathedral.be\/wp-content\/uploads\/2020\/08\/hal-flessenfrigo.jpg\" data-elementor-open-lightbox=\"yes\" data-elementor-lightbox-slideshow=\"ce3c218\" data-elementor-lightbox-title=\"hal flessenfrigo\" data-e-action-hash=\"#elementor-action%3Aaction%3Dlightbox%26settings%3DeyJpZCI6MTc0OSwidXJsIjoiaHR0cHM6XC9cL2hvdGVsY2F0aGVkcmFsLmJlXC93cC1jb250ZW50XC91cGxvYWRzXC8yMDIwXC8wOFwvaGFsLWZsZXNzZW5mcmlnby5qcGciLCJzbGlkZXNob3ciOiJjZTNjMjE4In0%3D\">\n\t\t\t\t\t<div class=\"e-gallery-image elementor-gallery-item__image\" data-thumbnail=\"https:\/\/hotelcathedral.be\/wp-content\/uploads\/2020\/08\/hal-flessenfrigo-200x300.jpg\" data-width=\"200\" data-height=\"300\" aria-label=\"\" role=\"img\" ><\/div>\n\t\t\t\t\t\t\t\t\t\t\t<div class=\"elementor-gallery-item__overlay\"><\/div>\n\t\t\t\t\t\t\t\t\t\t\t\t\t\t<\/a>\n\t\t\t\t\t\t\t<a class=\"e-gallery-item elementor-gallery-item elementor-animated-content\" href=\"https:\/\/hotelcathedral.be\/wp-content\/uploads\/2020\/08\/foto-garage-hotel-cathedral.jpg\" data-elementor-open-lightbox=\"yes\" data-elementor-lightbox-slideshow=\"ce3c218\" data-elementor-lightbox-title=\"foto garage hotel cathedral\" data-e-action-hash=\"#elementor-action%3Aaction%3Dlightbox%26settings%3DeyJpZCI6MTc0OCwidXJsIjoiaHR0cHM6XC9cL2hvdGVsY2F0aGVkcmFsLmJlXC93cC1jb250ZW50XC91cGxvYWRzXC8yMDIwXC8wOFwvZm90by1nYXJhZ2UtaG90ZWwtY2F0aGVkcmFsLmpwZyIsInNsaWRlc2hvdyI6ImNlM2MyMTgifQ%3D%3D\">\n\t\t\t\t\t<div class=\"e-gallery-image elementor-gallery-item__image\" data-thumbnail=\"https:\/\/hotelcathedral.be\/wp-content\/uploads\/2020\/08\/foto-garage-hotel-cathedral-300x200.jpg\" data-width=\"300\" data-height=\"200\" aria-label=\"\" role=\"img\" ><\/div>\n\t\t\t\t\t\t\t\t\t\t\t<div class=\"elementor-gallery-item__overlay\"><\/div>\n\t\t\t\t\t\t\t\t\t\t\t\t\t\t<\/a>\n\t\t\t\t\t\t\t<a class=\"e-gallery-item elementor-gallery-item elementor-animated-content\" href=\"https:\/\/hotelcathedral.be\/wp-content\/uploads\/2020\/08\/hal-trap-2-verdiep.jpg\" data-elementor-open-lightbox=\"yes\" data-elementor-lightbox-slideshow=\"ce3c218\" data-elementor-lightbox-title=\"hal trap 2 verdiep\" data-e-action-hash=\"#elementor-action%3Aaction%3Dlightbox%26settings%3DeyJpZCI6MTc1MCwidXJsIjoiaHR0cHM6XC9cL2hvdGVsY2F0aGVkcmFsLmJlXC93cC1jb250ZW50XC91cGxvYWRzXC8yMDIwXC8wOFwvaGFsLXRyYXAtMi12ZXJkaWVwLmpwZyIsInNsaWRlc2hvdyI6ImNlM2MyMTgifQ%3D%3D\">\n\t\t\t\t\t<div class=\"e-gallery-image elementor-gallery-item__image\" data-thumbnail=\"https:\/\/hotelcathedral.be\/wp-content\/uploads\/2020\/08\/hal-trap-2-verdiep-200x300.jpg\" data-width=\"200\" data-height=\"300\" aria-label=\"\" role=\"img\" ><\/div>\n\t\t\t\t\t\t\t\t\t\t\t<div class=\"elementor-gallery-item__overlay\"><\/div>\n\t\t\t\t\t\t\t\t\t\t\t\t\t\t<\/a>\n\t\t\t\t\t\t\t<a class=\"e-gallery-item elementor-gallery-item elementor-animated-content\" href=\"https:\/\/hotelcathedral.be\/wp-content\/uploads\/2020\/08\/hotel-zijzicht-met-lichtreklame-Hotel.jpg\" data-elementor-open-lightbox=\"yes\" data-elementor-lightbox-slideshow=\"ce3c218\" data-elementor-lightbox-title=\"hotel zijzicht met lichtreklame Hotel\" data-e-action-hash=\"#elementor-action%3Aaction%3Dlightbox%26settings%3DeyJpZCI6MTc1MywidXJsIjoiaHR0cHM6XC9cL2hvdGVsY2F0aGVkcmFsLmJlXC93cC1jb250ZW50XC91cGxvYWRzXC8yMDIwXC8wOFwvaG90ZWwtemlqemljaHQtbWV0LWxpY2h0cmVrbGFtZS1Ib3RlbC5qcGciLCJzbGlkZXNob3ciOiJjZTNjMjE4In0%3D\">\n\t\t\t\t\t<div class=\"e-gallery-image elementor-gallery-item__image\" data-thumbnail=\"https:\/\/hotelcathedral.be\/wp-content\/uploads\/2020\/08\/hotel-zijzicht-met-lichtreklame-Hotel-200x300.jpg\" data-width=\"200\" data-height=\"300\" aria-label=\"\" role=\"img\" ><\/div>\n\t\t\t\t\t\t\t\t\t\t\t<div class=\"elementor-gallery-item__overlay\"><\/div>\n\t\t\t\t\t\t\t\t\t\t\t\t\t\t<\/a>\n\t\t\t\t\t<\/div>\n\t\t\t\t\t<\/div>\n\t\t\t\t<\/div>\n\t\t\t\t\t<\/div>\n\t\t<\/div>\n\t\t\t\t\t<\/div>\n\t\t<\/section>\n\t\t\t\t<\/div>","protected":false},"excerpt":{"rendered":"<p>Welkom in Hotel Cathedral Hotel Cathedral is gelegen nabij het historisch centrum van Gent, waar u door de gastvrouw zelf ontvangen wordt. Het hotel beschikt over een eigen parking tegen vergoeding van 20 \u20ac per dag geldig vanaf 11 uur dag van aankomst tot 11 uur datum van vertrek. Elke kamer heeft airco en een [&hellip;]<\/p>\n","protected":false},"author":1,"featured_media":0,"parent":0,"menu_order":0,"comment_status":"closed","ping_status":"closed","template":"elementor_header_footer","meta":{"footnotes":""},"class_list":["post-1438","page","type-page","status-publish","hentry"],"_links":{"self":[{"href":"https:\/\/hotelcathedral.be\/fr\/wp-json\/wp\/v2\/pages\/1438","targetHints":{"allow":["GET"]}}],"collection":[{"href":"https:\/\/hotelcathedral.be\/fr\/wp-json\/wp\/v2\/pages"}],"about":[{"href":"https:\/\/hotelcathedral.be\/fr\/wp-json\/wp\/v2\/types\/page"}],"author":[{"embeddable":true,"href":"https:\/\/hotelcathedral.be\/fr\/wp-json\/wp\/v2\/users\/1"}],"replies":[{"embeddable":true,"href":"https:\/\/hotelcathedral.be\/fr\/wp-json\/wp\/v2\/comments?post=1438"}],"version-history":[{"count":0,"href":"https:\/\/hotelcathedral.be\/fr\/wp-json\/wp\/v2\/pages\/1438\/revisions"}],"wp:attachment":[{"href":"https:\/\/hotelcathedral.be\/fr\/wp-json\/wp\/v2\/media?parent=1438"}],"curies":[{"name":"wp","href":"https:\/\/api.w.org\/{rel}","templated":true}]}}