{"id":1429,"date":"2020-07-20T13:37:05","date_gmt":"2020-07-20T13:37:05","guid":{"rendered":"https:\/\/parkhotelghent.be\/?page_id=1429"},"modified":"2020-07-26T20:29:59","modified_gmt":"2020-07-26T20:29:59","slug":"covid-19","status":"publish","type":"page","link":"https:\/\/hotelcathedral.be\/fr\/covid-19\/","title":{"rendered":"COVID-19 [feminine"},"content":{"rendered":"<div data-elementor-type=\"wp-page\" data-elementor-id=\"1429\" class=\"elementor elementor-1429\" data-elementor-post-type=\"page\">\n\t\t\t\t\t\t<section class=\"elementor-section elementor-top-section elementor-element elementor-element-726b8a1 elementor-section-boxed elementor-section-height-default elementor-section-height-default\" data-id=\"726b8a1\" data-element_type=\"section\" data-e-type=\"section\" data-settings=\"{&quot;background_background&quot;:&quot;classic&quot;}\">\n\t\t\t\t\t\t<div class=\"elementor-container elementor-column-gap-wide\">\n\t\t\t\t\t<div class=\"elementor-column elementor-col-100 elementor-top-column elementor-element elementor-element-eb1c2a1\" data-id=\"eb1c2a1\" data-element_type=\"column\" data-e-type=\"column\">\n\t\t\t<div class=\"elementor-widget-wrap elementor-element-populated\">\n\t\t\t\t\t\t<div class=\"elementor-element elementor-element-f01edad elementor-widget elementor-widget-heading\" data-id=\"f01edad\" data-element_type=\"widget\" data-e-type=\"widget\" data-widget_type=\"heading.default\">\n\t\t\t\t<div class=\"elementor-widget-container\">\n\t\t\t\t\t<h2 class=\"elementor-heading-title elementor-size-default\">COVID-19 [feminine<\/h2>\t\t\t\t<\/div>\n\t\t\t\t<\/div>\n\t\t\t\t<div class=\"elementor-element elementor-element-36a0aca elementor-widget elementor-widget-button\" data-id=\"36a0aca\" data-element_type=\"widget\" data-e-type=\"widget\" data-widget_type=\"button.default\">\n\t\t\t\t<div class=\"elementor-widget-container\">\n\t\t\t\t\t\t\t\t\t<div class=\"elementor-button-wrapper\">\n\t\t\t\t\t<a class=\"elementor-button elementor-button-link elementor-size-sm\" href=\"https:\/\/visit.gent.be\/nl\/maatregelen-voor-bestrijding-coronavirus-covid-19\" target=\"_blank\">\n\t\t\t\t\t\t<span class=\"elementor-button-content-wrapper\">\n\t\t\t\t\t\t\t\t\t<span class=\"elementor-button-text\">Mises \u00e0 jour Covid-19<\/span>\n\t\t\t\t\t<\/span>\n\t\t\t\t\t<\/a>\n\t\t\t\t<\/div>\n\t\t\t\t\t\t\t\t<\/div>\n\t\t\t\t<\/div>\n\t\t\t\t<div class=\"elementor-element elementor-element-c92e2bd elementor-widget elementor-widget-text-editor\" data-id=\"c92e2bd\" data-element_type=\"widget\" data-e-type=\"widget\" data-widget_type=\"text-editor.default\">\n\t\t\t\t<div class=\"elementor-widget-container\">\n\t\t\t\t\t\t\t\t\t<p>Dans l&#039;int\u00e9r\u00eat de la sant\u00e9 publique, le gouvernement belge a pris une s\u00e9rie de mesures suppl\u00e9mentaires le 13 mars pour ralentir la propagation du coronavirus \/ COVID-19. Ces mesures ont \u00e9t\u00e9 syst\u00e9matiquement assouplies depuis le 4 mai.<\/p><h4>Quelles mesures restent en vigueur?<\/h4><ul><li><p>Des mesures d&#039;hygi\u00e8ne sont essentielles (se laver les mains, \u00e9ternuer ou tousser au coude).<\/p><\/li><li><p>Gardez une distance suffisante les uns des autres (minimum 1,5 m).<\/p><\/li><li><p>Le port d&#039;un masque buccal est obligatoire dans certaines situations (voir ci-dessous).<\/p><\/li><li><p>Les grands \u00e9v\u00e9nements, festivals, rassemblements priv\u00e9s et publics restent interdits jusqu&#039;au 31 ao\u00fbt.<\/p><\/li><li><p>Les propres services de la Ville de Gand sont limit\u00e9s \u00e0 l&#039;essentiel et, dans la mesure du possible, les services sont fournis par t\u00e9l\u00e9phone ou par e-mail. Depuis le 15 juin, il est possible de voyager au sein de l&#039;UE (+ Royaume-Uni, Suisse, Liechtenstein, Islande et Norv\u00e8ge). Plus d&#039;informations \u00e0 ce sujet via Affaires \u00e9trang\u00e8res.<\/p><\/li><\/ul><h4>Le port d&#039;un masque buccal est obligatoire dans les cas suivants:<\/h4><ul><li><p>magasins et centres commerciaux<\/p><\/li><li><p>cin\u00e9mas<\/p><\/li><li><p>salles de th\u00e9\u00e2tre, de concert et de conf\u00e9rence<\/p><\/li><li><p>auditoriums<\/p><\/li><li><p>lieux de culte<\/p><\/li><li><p>mus\u00e9es (et monuments)<\/p><\/li><li><p>biblioth\u00e8que<\/p><\/li><li><p>transports publics (y compris quai et gare)<\/p><\/li><\/ul><p>Si vous ne portez pas de masque facial dans ces cas, l&#039;entr\u00e9e vous sera refus\u00e9e et vous risquez une sanction. Les enfants de moins de 12 ans ne sont pas tenus de porter un masque buccal.<\/p><h4>Que signifie la relaxation pour vous en tant que visiteur?<\/h4><p><strong>H\u00f4tels:<br \/><\/strong>Tous les h\u00f4tels de Gand sont \u00e0 nouveau ouverts depuis le 10 juin. Pour plus d&#039;informations sur les r\u00e8gles de s\u00e9curit\u00e9, veuillez contacter votre h\u00f4tel.<\/p><p><strong>Autres h\u00e9bergements:<\/strong><br \/>Tous les autres h\u00e9bergements (maisons de vacances, maisons de vacances, campings, chambres d&#039;h\u00f4tes, parcs de vacances, AirBnB, auberges, maisons de jeunes\u2026) ont \u00e9t\u00e9 rouverts depuis le 8 juin. Pour plus d&#039;informations sur les r\u00e8gles de s\u00e9curit\u00e9 et les heures d&#039;ouverture, veuillez contacter votre h\u00e9bergement.<\/p><p><strong>Entreprises (alimentaires et non alimentaires):<\/strong><\/p><ul><li>les restaurants, caf\u00e9s et bars qui proposent des places assises ont rouvert depuis le 8 juin. Ils doivent fermer \u00e0 1h du matin au plus tard. Il existe un certain nombre de r\u00e8gles de s\u00e9curit\u00e9 \u00e0 respecter lors d&#039;une visite de restauration.<\/li><li>les bo\u00eetes de nuit et discoth\u00e8ques (et autres \u00e9tablissements de restauration qui ne proposent pas de places assises) resteront ferm\u00e9es.<\/li><\/ul><p>Tous les magasins sont \u00e0 nouveau ouverts depuis le 11 mai.<br \/>Tous les march\u00e9s locaux ont red\u00e9marr\u00e9 depuis le 18 mai.<\/p>\t\t\t\t\t\t\t\t<\/div>\n\t\t\t\t<\/div>\n\t\t\t\t\t<\/div>\n\t\t<\/div>\n\t\t\t\t\t<\/div>\n\t\t<\/section>\n\t\t\t\t<\/div>","protected":false},"excerpt":{"rendered":"<p>Covid-19 Updates Covid-19 In het belang van de volksgezondheid nam de Belgische Overheid op 13 maart een reeks extra maatregelen om de verspreiding van het coronavirus\/ COVID-19 af te remmen. Sinds 4 mei worden deze maatregelen stelselmatig versoepeld. Welke maatregelen blijven van kracht? Hygi\u00ebnemaatregelen zijn essentieel (handen wassen; niezen of hoesten in de elleboog). Hou [&hellip;]<\/p>\n","protected":false},"author":1,"featured_media":0,"parent":0,"menu_order":0,"comment_status":"closed","ping_status":"closed","template":"elementor_header_footer","meta":{"footnotes":""},"class_list":["post-1429","page","type-page","status-publish","hentry"],"_links":{"self":[{"href":"https:\/\/hotelcathedral.be\/fr\/wp-json\/wp\/v2\/pages\/1429","targetHints":{"allow":["GET"]}}],"collection":[{"href":"https:\/\/hotelcathedral.be\/fr\/wp-json\/wp\/v2\/pages"}],"about":[{"href":"https:\/\/hotelcathedral.be\/fr\/wp-json\/wp\/v2\/types\/page"}],"author":[{"embeddable":true,"href":"https:\/\/hotelcathedral.be\/fr\/wp-json\/wp\/v2\/users\/1"}],"replies":[{"embeddable":true,"href":"https:\/\/hotelcathedral.be\/fr\/wp-json\/wp\/v2\/comments?post=1429"}],"version-history":[{"count":0,"href":"https:\/\/hotelcathedral.be\/fr\/wp-json\/wp\/v2\/pages\/1429\/revisions"}],"wp:attachment":[{"href":"https:\/\/hotelcathedral.be\/fr\/wp-json\/wp\/v2\/media?parent=1429"}],"curies":[{"name":"wp","href":"https:\/\/api.w.org\/{rel}","templated":true}]}}