{"id":12,"date":"2020-05-14T19:13:22","date_gmt":"2020-05-14T19:13:22","guid":{"rendered":"http:\/\/schrijnwerkerij.galia.be\/?page_id=12"},"modified":"2023-03-02T12:09:12","modified_gmt":"2023-03-02T12:09:12","slug":"contact","status":"publish","type":"page","link":"https:\/\/hotelcathedral.be\/fr\/contact\/","title":{"rendered":"Contact"},"content":{"rendered":"<div data-elementor-type=\"wp-page\" data-elementor-id=\"12\" class=\"elementor elementor-12\" data-elementor-post-type=\"page\">\n\t\t\t\t\t\t<section class=\"elementor-section elementor-top-section elementor-element elementor-element-ef165f4 elementor-section-full_width elementor-section-height-default elementor-section-height-default\" data-id=\"ef165f4\" data-element_type=\"section\" data-e-type=\"section\">\n\t\t\t\t\t\t<div class=\"elementor-container elementor-column-gap-no\">\n\t\t\t\t\t<div class=\"elementor-column elementor-col-100 elementor-top-column elementor-element elementor-element-88cb801\" data-id=\"88cb801\" data-element_type=\"column\" data-e-type=\"column\">\n\t\t\t<div class=\"elementor-widget-wrap elementor-element-populated\">\n\t\t\t\t\t\t<div class=\"elementor-element elementor-element-52f6aa6 elementor--h-position-center elementor--v-position-middle elementor-widget elementor-widget-slides\" data-id=\"52f6aa6\" data-element_type=\"widget\" data-e-type=\"widget\" data-settings=\"{&quot;navigation&quot;:&quot;none&quot;,&quot;transition&quot;:&quot;fade&quot;,&quot;transition_speed&quot;:500}\" data-widget_type=\"slides.default\">\n\t\t\t\t<div class=\"elementor-widget-container\">\n\t\t\t\t\t\t\t\t\t<div class=\"elementor-swiper\">\n\t\t\t\t\t<div class=\"elementor-slides-wrapper elementor-main-swiper swiper\" role=\"region\" aria-roledescription=\"carousel\" aria-label=\"Slider\" dir=\"ltr\" data-animation=\"\" data-no-translation-aria-label=\"\">\n\t\t\t\t<div class=\"swiper-wrapper elementor-slides\">\n\t\t\t\t\t\t\t\t\t\t<div class=\"elementor-repeater-item-9a7e4a5 swiper-slide\" role=\"group\" aria-roledescription=\"slide\"><div class=\"swiper-slide-bg\" role=\"img\" aria-label=\"receptie vooraanzicht bar\"><\/div><div class=\"elementor-background-overlay\"><\/div><div class=\"swiper-slide-inner\" ><div class=\"swiper-slide-contents\"><div class=\"elementor-slide-heading\">Contact<br\/>H\u00f4tel Cathedral Gand<\/div><\/div><\/div><\/div>\t\t\t\t<\/div>\n\t\t\t\t\t\t\t<\/div>\n\t\t\t\t<\/div>\n\t\t\t\t\t\t\t\t<\/div>\n\t\t\t\t<\/div>\n\t\t\t\t\t<\/div>\n\t\t<\/div>\n\t\t\t\t\t<\/div>\n\t\t<\/section>\n\t\t\t\t<section class=\"elementor-section elementor-top-section elementor-element elementor-element-555168d0 elementor-section-content-middle elementor-section-boxed elementor-section-height-default elementor-section-height-default\" data-id=\"555168d0\" data-element_type=\"section\" data-e-type=\"section\" data-settings=\"{&quot;background_background&quot;:&quot;classic&quot;}\">\n\t\t\t\t\t\t<div class=\"elementor-container elementor-column-gap-wide\">\n\t\t\t\t\t<div class=\"elementor-column elementor-col-100 elementor-top-column elementor-element elementor-element-49ebba1\" data-id=\"49ebba1\" data-element_type=\"column\" data-e-type=\"column\">\n\t\t\t<div class=\"elementor-widget-wrap elementor-element-populated\">\n\t\t\t\t\t\t<section class=\"elementor-section elementor-inner-section elementor-element elementor-element-7be10a56 elementor-section-content-middle elementor-section-boxed elementor-section-height-default elementor-section-height-default\" data-id=\"7be10a56\" data-element_type=\"section\" data-e-type=\"section\">\n\t\t\t\t\t\t<div class=\"elementor-container elementor-column-gap-no\">\n\t\t\t\t\t<div class=\"elementor-column elementor-col-50 elementor-inner-column elementor-element elementor-element-29ce984b\" data-id=\"29ce984b\" data-element_type=\"column\" data-e-type=\"column\">\n\t\t\t<div class=\"elementor-widget-wrap elementor-element-populated\">\n\t\t\t\t\t\t<div class=\"elementor-element elementor-element-4cacbb48 elementor-widget elementor-widget-heading\" data-id=\"4cacbb48\" data-element_type=\"widget\" data-e-type=\"widget\" data-widget_type=\"heading.default\">\n\t\t\t\t<div class=\"elementor-widget-container\">\n\t\t\t\t\t<h3 class=\"elementor-heading-title elementor-size-default\">H\u00f4tel Cathedral<\/h3>\t\t\t\t<\/div>\n\t\t\t\t<\/div>\n\t\t\t\t<div class=\"elementor-element elementor-element-0ca466b elementor-widget elementor-widget-text-editor\" data-id=\"0ca466b\" data-element_type=\"widget\" data-e-type=\"widget\" data-widget_type=\"text-editor.default\">\n\t\t\t\t<div class=\"elementor-widget-container\">\n\t\t\t\t\t\t\t\t\t<h4>L&#039;accueil<\/h4><p>La r\u00e9ception est ouverte du lundi au samedi de 7h00 \u00e0 20h00.<br \/>Le dimanche, la r\u00e9ception est ouverte de 7h00 \u00e0 14h00.<br \/>Si vous souhaitez vous enregistrer en dehors des heures d&#039;ouverture, veuillez nous en informer par t\u00e9l\u00e9phone au num\u00e9ro <a href=\"tel:32475732782\">+32 475 73 27 82<\/a> ou par email <a href=\"mailto:info@hotelcathedral.be\">info@hotelcathedral.be<\/a><\/p><p>Le bar est ouvert du lundi au samedi de 14h \u00e0 18h. <br \/>L&#039;h\u00f4tel dispose \u00e9galement d&#039;un bar de l&#039;honn\u00eatet\u00e9.<br \/>Le bar est ferm\u00e9 le dimanche.\u00a0<\/p><p>T\u00e9l\u00e9phone: <a href=\"tel:+32474736223\">+32 474 73 62 23<\/a><br \/>Adresse e-mail: <a href=\"mailto:info@hotelcathedral.be\">info@hotelcathedral.be<\/a><\/p>\t\t\t\t\t\t\t\t<\/div>\n\t\t\t\t<\/div>\n\t\t\t\t\t<\/div>\n\t\t<\/div>\n\t\t\t\t<div class=\"elementor-column elementor-col-50 elementor-inner-column elementor-element elementor-element-56f36b7e\" data-id=\"56f36b7e\" data-element_type=\"column\" data-e-type=\"column\">\n\t\t\t<div class=\"elementor-widget-wrap elementor-element-populated\">\n\t\t\t\t\t\t<div class=\"elementor-element elementor-element-e92b2b0 elementor-widget elementor-widget-image\" data-id=\"e92b2b0\" data-element_type=\"widget\" data-e-type=\"widget\" data-widget_type=\"image.default\">\n\t\t\t\t<div class=\"elementor-widget-container\">\n\t\t\t\t\t\t\t\t\t\t\t\t\t\t\t<img fetchpriority=\"high\" decoding=\"async\" width=\"800\" height=\"534\" src=\"https:\/\/hotelcathedral.be\/wp-content\/uploads\/2020\/08\/an-aan-receptie.jpg\" class=\"attachment-large size-large wp-image-1581\" alt=\"\" srcset=\"https:\/\/hotelcathedral.be\/wp-content\/uploads\/2020\/08\/an-aan-receptie.jpg 1000w, https:\/\/hotelcathedral.be\/wp-content\/uploads\/2020\/08\/an-aan-receptie-300x200.jpg 300w, https:\/\/hotelcathedral.be\/wp-content\/uploads\/2020\/08\/an-aan-receptie-768x512.jpg 768w\" sizes=\"(max-width: 800px) 100vw, 800px\" \/>\t\t\t\t\t\t\t\t\t\t\t\t\t\t\t<\/div>\n\t\t\t\t<\/div>\n\t\t\t\t\t<\/div>\n\t\t<\/div>\n\t\t\t\t\t<\/div>\n\t\t<\/section>\n\t\t\t\t\t<\/div>\n\t\t<\/div>\n\t\t\t\t\t<\/div>\n\t\t<\/section>\n\t\t\t\t<\/div>","protected":false},"excerpt":{"rendered":"<p>ContacteerHotel Cathedral Gent Hotel Cathedral Receptie De receptie is van maandag tot en met zaterdag open van 7.00 uur tot 20.00 uur.Op zondag is de receptie open van 7.00 uur tot 14.00 uur.Indien U wenst in te checken buiten de openingsuren, gelieve dit telefonisch mede te delen op het nummer +32 475 73 27 82 [&hellip;]<\/p>\n","protected":false},"author":1,"featured_media":0,"parent":0,"menu_order":0,"comment_status":"closed","ping_status":"closed","template":"","meta":{"footnotes":""},"class_list":["post-12","page","type-page","status-publish","hentry"],"_links":{"self":[{"href":"https:\/\/hotelcathedral.be\/fr\/wp-json\/wp\/v2\/pages\/12","targetHints":{"allow":["GET"]}}],"collection":[{"href":"https:\/\/hotelcathedral.be\/fr\/wp-json\/wp\/v2\/pages"}],"about":[{"href":"https:\/\/hotelcathedral.be\/fr\/wp-json\/wp\/v2\/types\/page"}],"author":[{"embeddable":true,"href":"https:\/\/hotelcathedral.be\/fr\/wp-json\/wp\/v2\/users\/1"}],"replies":[{"embeddable":true,"href":"https:\/\/hotelcathedral.be\/fr\/wp-json\/wp\/v2\/comments?post=12"}],"version-history":[{"count":0,"href":"https:\/\/hotelcathedral.be\/fr\/wp-json\/wp\/v2\/pages\/12\/revisions"}],"wp:attachment":[{"href":"https:\/\/hotelcathedral.be\/fr\/wp-json\/wp\/v2\/media?parent=12"}],"curies":[{"name":"wp","href":"https:\/\/api.w.org\/{rel}","templated":true}]}}