{"id":1142,"date":"2020-07-16T09:11:13","date_gmt":"2020-07-16T09:11:13","guid":{"rendered":"http:\/\/parkhotel.galia.be\/?page_id=1142"},"modified":"2024-02-05T17:14:04","modified_gmt":"2024-02-05T17:14:04","slug":"parking","status":"publish","type":"page","link":"https:\/\/hotelcathedral.be\/fr\/parking\/","title":{"rendered":"Parking"},"content":{"rendered":"<div data-elementor-type=\"wp-page\" data-elementor-id=\"1142\" class=\"elementor elementor-1142\" data-elementor-post-type=\"page\">\n\t\t\t\t\t\t<section class=\"elementor-section elementor-top-section elementor-element elementor-element-9d1d141 elementor-section-boxed elementor-section-height-default elementor-section-height-default\" data-id=\"9d1d141\" data-element_type=\"section\" data-e-type=\"section\" data-settings=\"{&quot;background_background&quot;:&quot;classic&quot;}\">\n\t\t\t\t\t\t<div class=\"elementor-container elementor-column-gap-wide\">\n\t\t\t\t\t<div class=\"elementor-column elementor-col-50 elementor-top-column elementor-element elementor-element-ab8e3af\" data-id=\"ab8e3af\" data-element_type=\"column\" data-e-type=\"column\">\n\t\t\t<div class=\"elementor-widget-wrap elementor-element-populated\">\n\t\t\t\t\t\t<div class=\"elementor-element elementor-element-cd88d3f elementor-widget elementor-widget-heading\" data-id=\"cd88d3f\" data-element_type=\"widget\" data-e-type=\"widget\" data-widget_type=\"heading.default\">\n\t\t\t\t<div class=\"elementor-widget-container\">\n\t\t\t\t\t<h2 class=\"elementor-heading-title elementor-size-default\">Parking<\/h2>\t\t\t\t<\/div>\n\t\t\t\t<\/div>\n\t\t\t\t<div class=\"elementor-element elementor-element-d8ceb37 elementor-widget elementor-widget-heading\" data-id=\"d8ceb37\" data-element_type=\"widget\" data-e-type=\"widget\" data-widget_type=\"heading.default\">\n\t\t\t\t<div class=\"elementor-widget-container\">\n\t\t\t\t\t<h4 class=\"elementor-heading-title elementor-size-default\">Parking \u00e0 Gand<\/h4>\t\t\t\t<\/div>\n\t\t\t\t<\/div>\n\t\t\t\t<div class=\"elementor-element elementor-element-604af4e elementor-widget elementor-widget-text-editor\" data-id=\"604af4e\" data-element_type=\"widget\" data-e-type=\"widget\" data-widget_type=\"text-editor.default\">\n\t\t\t\t<div class=\"elementor-widget-container\">\n\t\t\t\t\t\t\t\t\t<p>Si vous avez une r\u00e9servation avec nous \u00e0 l&#039;H\u00f4tel Cath\u00e9drale, vous pouvez demander une place de parking sous r\u00e9serve de disponibilit\u00e9.<\/p><p>Il est obligatoire de trouver une place de parking avant votre arriv\u00e9e <b>r\u00e9server<\/b>, car l&#039;h\u00f4tel est \u00e0 environ <b>4 places de stationnement<\/b> a.<\/p><p>Le tarif est de 20 euros par jour, le tarif journalier est valable de 12h00 le jour de l&#039;arriv\u00e9e jusqu&#039;\u00e0 11h00 le lendemain.<\/p><p>Si notre parking est complet, vous pouvez \u00e9galement vous garer en toute s\u00e9curit\u00e9 dans le <b>parking public P2 Reep<\/b>, sur<b> Situ\u00e9 \u00e0 400 m\u00e8tres de l&#039;h\u00f4tel<\/b>.<\/p><p>Toutes les informations peuvent \u00eatre trouv\u00e9es sur le bouton suivant Parking Reep 2.<\/p>\t\t\t\t\t\t\t\t<\/div>\n\t\t\t\t<\/div>\n\t\t\t\t<div class=\"elementor-element elementor-element-b20e3dd elementor-widget elementor-widget-button\" data-id=\"b20e3dd\" data-element_type=\"widget\" data-e-type=\"widget\" data-widget_type=\"button.default\">\n\t\t\t\t<div class=\"elementor-widget-container\">\n\t\t\t\t\t\t\t\t\t<div class=\"elementor-button-wrapper\">\n\t\t\t\t\t<a class=\"elementor-button elementor-button-link elementor-size-sm\" href=\"https:\/\/stad.gent\/nl\/mobiliteit-openbare-werken\/parkeren\/parkings-gent\/parking-reep\" target=\"_blank\">\n\t\t\t\t\t\t<span class=\"elementor-button-content-wrapper\">\n\t\t\t\t\t\t\t\t\t<span class=\"elementor-button-text\">Parking Reep 2 \u2192<\/span>\n\t\t\t\t\t<\/span>\n\t\t\t\t\t<\/a>\n\t\t\t\t<\/div>\n\t\t\t\t\t\t\t\t<\/div>\n\t\t\t\t<\/div>\n\t\t\t\t<div class=\"elementor-element elementor-element-06a5b22 elementor-widget elementor-widget-text-editor\" data-id=\"06a5b22\" data-element_type=\"widget\" data-e-type=\"widget\" data-widget_type=\"text-editor.default\">\n\t\t\t\t<div class=\"elementor-widget-container\">\n\t\t\t\t\t\t\t\t\t<p><b>D\u00e9chargement et chargement<\/b>\u00a0Vous pourrez ensuite garer votre voiture devant le portail d&#039;entr\u00e9e dans un parking souterrain.<\/p><p>L&#039;h\u00f4tel ne dispose pas de bornes de recharge pour les voitures \u00e9lectriques.<\/p>\t\t\t\t\t\t\t\t<\/div>\n\t\t\t\t<\/div>\n\t\t\t\t<div class=\"elementor-element elementor-element-2aee8e8 elementor-widget elementor-widget-heading\" data-id=\"2aee8e8\" data-element_type=\"widget\" data-e-type=\"widget\" data-widget_type=\"heading.default\">\n\t\t\t\t<div class=\"elementor-widget-container\">\n\t\t\t\t\t<h3 class=\"elementor-heading-title elementor-size-default\">Route vers l\u2019H\u00f4tel Cath\u00e9drale<\/h3>\t\t\t\t<\/div>\n\t\t\t\t<\/div>\n\t\t\t\t<div class=\"elementor-element elementor-element-69d973a elementor-widget elementor-widget-text-editor\" data-id=\"69d973a\" data-element_type=\"widget\" data-e-type=\"widget\" data-widget_type=\"text-editor.default\">\n\t\t\t\t<div class=\"elementor-widget-container\">\n\t\t\t\t\t\t\t\t\t<p>Si vous venez \u00e0 Gand en voiture, prenez <b>sortie Gand centre<\/b> et suivez le <b>signes men\u00e9s dynamiques<\/b> qui te m\u00e8ne aux diff\u00e9rents <b>parc et man\u00e8ges\u00a0<\/b>\u00e0 l&#039;ext\u00e9rieur du p\u00e9riph\u00e9rique R40 et indiquez comment vous rendre aux parkings souterrains du centre.<\/p><p>Du <b>sortie Gand Centre<\/b> ceux-ci sont <b>signes men\u00e9s<\/b> le long de l&#039;autoroute, vous pourrez donc facilement trouver une place de parking.<\/p><p>Sur le bouton suivant, vous pouvez <b>occupation en temps r\u00e9el<\/b> de la <b>places de parking<\/b> vue \u00e0 Gand.<\/p>\t\t\t\t\t\t\t\t<\/div>\n\t\t\t\t<\/div>\n\t\t\t\t<div class=\"elementor-element elementor-element-be47151 elementor-align-left elementor-widget elementor-widget-button\" data-id=\"be47151\" data-element_type=\"widget\" data-e-type=\"widget\" data-widget_type=\"button.default\">\n\t\t\t\t<div class=\"elementor-widget-container\">\n\t\t\t\t\t\t\t\t\t<div class=\"elementor-button-wrapper\">\n\t\t\t\t\t<a class=\"elementor-button elementor-button-link elementor-size-sm\" href=\"https:\/\/data.stad.gent\/explore\/dataset\/bezetting-parkeergarages-real-time\/table\/?sort=-occupation\" target=\"_blank\">\n\t\t\t\t\t\t<span class=\"elementor-button-content-wrapper\">\n\t\t\t\t\t\t\t\t\t<span class=\"elementor-button-text\">Disponibilit\u00e9 des parkings \u00e0 Gand \u2192<\/span>\n\t\t\t\t\t<\/span>\n\t\t\t\t\t<\/a>\n\t\t\t\t<\/div>\n\t\t\t\t\t\t\t\t<\/div>\n\t\t\t\t<\/div>\n\t\t\t\t\t<\/div>\n\t\t<\/div>\n\t\t\t\t<div class=\"elementor-column elementor-col-50 elementor-top-column elementor-element elementor-element-7c66c18\" data-id=\"7c66c18\" data-element_type=\"column\" data-e-type=\"column\">\n\t\t\t<div class=\"elementor-widget-wrap elementor-element-populated\">\n\t\t\t\t\t\t<section class=\"elementor-section elementor-inner-section elementor-element elementor-element-e9fdd9e elementor-section-boxed elementor-section-height-default elementor-section-height-default\" data-id=\"e9fdd9e\" data-element_type=\"section\" data-e-type=\"section\">\n\t\t\t\t\t\t<div class=\"elementor-container elementor-column-gap-default\">\n\t\t\t\t\t<div class=\"elementor-column elementor-col-50 elementor-inner-column elementor-element elementor-element-9017d42\" data-id=\"9017d42\" data-element_type=\"column\" data-e-type=\"column\">\n\t\t\t<div class=\"elementor-widget-wrap elementor-element-populated\">\n\t\t\t\t\t\t<div class=\"elementor-element elementor-element-3c70f47 elementor-widget elementor-widget-heading\" data-id=\"3c70f47\" data-element_type=\"widget\" data-e-type=\"widget\" data-widget_type=\"heading.default\">\n\t\t\t\t<div class=\"elementor-widget-container\">\n\t\t\t\t\t<h6 class=\"elementor-heading-title elementor-size-default\">Panneaux LED<\/h6>\t\t\t\t<\/div>\n\t\t\t\t<\/div>\n\t\t\t\t<div class=\"elementor-element elementor-element-c659396 elementor-widget elementor-widget-image\" data-id=\"c659396\" data-element_type=\"widget\" data-e-type=\"widget\" data-widget_type=\"image.default\">\n\t\t\t\t<div class=\"elementor-widget-container\">\n\t\t\t\t\t\t\t\t\t\t\t\t\t\t\t\t<a href=\"https:\/\/hotelcathedral.be\/wp-content\/uploads\/2024\/02\/image001.jpg\" data-elementor-open-lightbox=\"yes\" data-elementor-lightbox-title=\"image001\" data-e-action-hash=\"#elementor-action%3Aaction%3Dlightbox%26settings%3DeyJpZCI6MjY2MiwidXJsIjoiaHR0cHM6XC9cL2hvdGVsY2F0aGVkcmFsLmJlXC93cC1jb250ZW50XC91cGxvYWRzXC8yMDI0XC8wMlwvaW1hZ2UwMDEuanBnIn0%3D\">\n\t\t\t\t\t\t\t<img fetchpriority=\"high\" decoding=\"async\" width=\"364\" height=\"526\" src=\"https:\/\/hotelcathedral.be\/wp-content\/uploads\/2024\/02\/image001.jpg\" class=\"attachment-large size-large wp-image-2662\" alt=\"\" srcset=\"https:\/\/hotelcathedral.be\/wp-content\/uploads\/2024\/02\/image001.jpg 364w, https:\/\/hotelcathedral.be\/wp-content\/uploads\/2024\/02\/image001-208x300.jpg 208w, https:\/\/hotelcathedral.be\/wp-content\/uploads\/2024\/02\/image001-8x12.jpg 8w\" sizes=\"(max-width: 364px) 100vw, 364px\" \/>\t\t\t\t\t\t\t\t<\/a>\n\t\t\t\t\t\t\t\t\t\t\t\t\t\t\t<\/div>\n\t\t\t\t<\/div>\n\t\t\t\t\t<\/div>\n\t\t<\/div>\n\t\t\t\t<div class=\"elementor-column elementor-col-50 elementor-inner-column elementor-element elementor-element-4b7fc01\" data-id=\"4b7fc01\" data-element_type=\"column\" data-e-type=\"column\">\n\t\t\t<div class=\"elementor-widget-wrap elementor-element-populated\">\n\t\t\t\t\t\t<div class=\"elementor-element elementor-element-52d5f98 elementor-widget elementor-widget-heading\" data-id=\"52d5f98\" data-element_type=\"widget\" data-e-type=\"widget\" data-widget_type=\"heading.default\">\n\t\t\t\t<div class=\"elementor-widget-container\">\n\t\t\t\t\t<h6 class=\"elementor-heading-title elementor-size-default\">Route vers l&#039;h\u00f4tel depuis la sortie du centre de Gand<\/h6>\t\t\t\t<\/div>\n\t\t\t\t<\/div>\n\t\t\t\t<div class=\"elementor-element elementor-element-bca8510 elementor-widget elementor-widget-image\" data-id=\"bca8510\" data-element_type=\"widget\" data-e-type=\"widget\" data-widget_type=\"image.default\">\n\t\t\t\t<div class=\"elementor-widget-container\">\n\t\t\t\t\t\t\t\t\t\t\t\t\t\t\t\t<a href=\"https:\/\/hotelcathedral.be\/wp-content\/uploads\/2024\/02\/image002.png\" data-elementor-open-lightbox=\"yes\" data-elementor-lightbox-title=\"image002\" data-e-action-hash=\"#elementor-action%3Aaction%3Dlightbox%26settings%3DeyJpZCI6MjY2MywidXJsIjoiaHR0cHM6XC9cL2hvdGVsY2F0aGVkcmFsLmJlXC93cC1jb250ZW50XC91cGxvYWRzXC8yMDI0XC8wMlwvaW1hZ2UwMDIucG5nIn0%3D\">\n\t\t\t\t\t\t\t<img decoding=\"async\" width=\"511\" height=\"800\" src=\"https:\/\/hotelcathedral.be\/wp-content\/uploads\/2024\/02\/image002.png\" class=\"attachment-large size-large wp-image-2663\" alt=\"\" srcset=\"https:\/\/hotelcathedral.be\/wp-content\/uploads\/2024\/02\/image002.png 511w, https:\/\/hotelcathedral.be\/wp-content\/uploads\/2024\/02\/image002-192x300.png 192w, https:\/\/hotelcathedral.be\/wp-content\/uploads\/2024\/02\/image002-8x12.png 8w\" sizes=\"(max-width: 511px) 100vw, 511px\" \/>\t\t\t\t\t\t\t\t<\/a>\n\t\t\t\t\t\t\t\t\t\t\t\t\t\t\t<\/div>\n\t\t\t\t<\/div>\n\t\t\t\t\t<\/div>\n\t\t<\/div>\n\t\t\t\t\t<\/div>\n\t\t<\/section>\n\t\t\t\t<section class=\"elementor-section elementor-inner-section elementor-element elementor-element-2cef179 elementor-section-boxed elementor-section-height-default elementor-section-height-default\" data-id=\"2cef179\" data-element_type=\"section\" data-e-type=\"section\">\n\t\t\t\t\t\t<div class=\"elementor-container elementor-column-gap-default\">\n\t\t\t\t\t<div class=\"elementor-column elementor-col-50 elementor-inner-column elementor-element elementor-element-8c36d80\" data-id=\"8c36d80\" data-element_type=\"column\" data-e-type=\"column\">\n\t\t\t<div class=\"elementor-widget-wrap elementor-element-populated\">\n\t\t\t\t\t\t<div class=\"elementor-element elementor-element-bc71dc3 elementor-widget elementor-widget-heading\" data-id=\"bc71dc3\" data-element_type=\"widget\" data-e-type=\"widget\" data-widget_type=\"heading.default\">\n\t\t\t\t<div class=\"elementor-widget-container\">\n\t\t\t\t\t<h6 class=\"elementor-heading-title elementor-size-default\">Itin\u00e9raire \u00e0 pied du parking Reep \u00e0 l&#039;h\u00f4tel.<\/h6>\t\t\t\t<\/div>\n\t\t\t\t<\/div>\n\t\t\t\t<div class=\"elementor-element elementor-element-28afc11 elementor-widget elementor-widget-image\" data-id=\"28afc11\" data-element_type=\"widget\" data-e-type=\"widget\" data-widget_type=\"image.default\">\n\t\t\t\t<div class=\"elementor-widget-container\">\n\t\t\t\t\t\t\t\t\t\t\t\t\t\t\t\t<a href=\"https:\/\/hotelcathedral.be\/wp-content\/uploads\/2024\/02\/image003.png\" data-elementor-open-lightbox=\"yes\" data-elementor-lightbox-title=\"image003\" data-e-action-hash=\"#elementor-action%3Aaction%3Dlightbox%26settings%3DeyJpZCI6MjY2NCwidXJsIjoiaHR0cHM6XC9cL2hvdGVsY2F0aGVkcmFsLmJlXC93cC1jb250ZW50XC91cGxvYWRzXC8yMDI0XC8wMlwvaW1hZ2UwMDMucG5nIn0%3D\">\n\t\t\t\t\t\t\t<img decoding=\"async\" width=\"467\" height=\"714\" src=\"https:\/\/hotelcathedral.be\/wp-content\/uploads\/2024\/02\/image003.png\" class=\"attachment-large size-large wp-image-2664\" alt=\"\" srcset=\"https:\/\/hotelcathedral.be\/wp-content\/uploads\/2024\/02\/image003.png 467w, https:\/\/hotelcathedral.be\/wp-content\/uploads\/2024\/02\/image003-196x300.png 196w, https:\/\/hotelcathedral.be\/wp-content\/uploads\/2024\/02\/image003-8x12.png 8w\" sizes=\"(max-width: 467px) 100vw, 467px\" \/>\t\t\t\t\t\t\t\t<\/a>\n\t\t\t\t\t\t\t\t\t\t\t\t\t\t\t<\/div>\n\t\t\t\t<\/div>\n\t\t\t\t\t<\/div>\n\t\t<\/div>\n\t\t\t\t<div class=\"elementor-column elementor-col-50 elementor-inner-column elementor-element elementor-element-11507d0\" data-id=\"11507d0\" data-element_type=\"column\" data-e-type=\"column\">\n\t\t\t<div class=\"elementor-widget-wrap elementor-element-populated\">\n\t\t\t\t\t\t<div class=\"elementor-element elementor-element-bcbf9e9 elementor-widget elementor-widget-heading\" data-id=\"bcbf9e9\" data-element_type=\"widget\" data-e-type=\"widget\" data-widget_type=\"heading.default\">\n\t\t\t\t<div class=\"elementor-widget-container\">\n\t\t\t\t\t<h6 class=\"elementor-heading-title elementor-size-default\">Toutes les informations sur les parkings \u00e0 Gand peuvent \u00eatre trouv\u00e9es sur le lien suivant :<\/h6>\t\t\t\t<\/div>\n\t\t\t\t<\/div>\n\t\t\t\t<div class=\"elementor-element elementor-element-e4586e9 elementor-widget elementor-widget-image\" data-id=\"e4586e9\" data-element_type=\"widget\" data-e-type=\"widget\" data-widget_type=\"image.default\">\n\t\t\t\t<div class=\"elementor-widget-container\">\n\t\t\t\t\t\t\t\t\t\t\t\t\t\t\t\t<a href=\"https:\/\/hotelcathedral.be\/wp-content\/uploads\/2024\/02\/image005.png\" data-elementor-open-lightbox=\"yes\" data-elementor-lightbox-title=\"image005\" data-e-action-hash=\"#elementor-action%3Aaction%3Dlightbox%26settings%3DeyJpZCI6MjY2NSwidXJsIjoiaHR0cHM6XC9cL2hvdGVsY2F0aGVkcmFsLmJlXC93cC1jb250ZW50XC91cGxvYWRzXC8yMDI0XC8wMlwvaW1hZ2UwMDUucG5nIn0%3D\">\n\t\t\t\t\t\t\t<img loading=\"lazy\" decoding=\"async\" width=\"800\" height=\"355\" src=\"https:\/\/hotelcathedral.be\/wp-content\/uploads\/2024\/02\/image005-1024x454.png\" class=\"attachment-large size-large wp-image-2665\" alt=\"\" srcset=\"https:\/\/hotelcathedral.be\/wp-content\/uploads\/2024\/02\/image005-1024x454.png 1024w, https:\/\/hotelcathedral.be\/wp-content\/uploads\/2024\/02\/image005-300x133.png 300w, https:\/\/hotelcathedral.be\/wp-content\/uploads\/2024\/02\/image005-768x340.png 768w, https:\/\/hotelcathedral.be\/wp-content\/uploads\/2024\/02\/image005-18x8.png 18w, https:\/\/hotelcathedral.be\/wp-content\/uploads\/2024\/02\/image005.png 1523w\" sizes=\"(max-width: 800px) 100vw, 800px\" \/>\t\t\t\t\t\t\t\t<\/a>\n\t\t\t\t\t\t\t\t\t\t\t\t\t\t\t<\/div>\n\t\t\t\t<\/div>\n\t\t\t\t<div class=\"elementor-element elementor-element-f91be2a elementor-widget elementor-widget-button\" data-id=\"f91be2a\" data-element_type=\"widget\" data-e-type=\"widget\" data-widget_type=\"button.default\">\n\t\t\t\t<div class=\"elementor-widget-container\">\n\t\t\t\t\t\t\t\t\t<div class=\"elementor-button-wrapper\">\n\t\t\t\t\t<a class=\"elementor-button elementor-button-link elementor-size-sm\" href=\"https:\/\/data.stad.gent\/pages\/parkings\/\" target=\"_blank\">\n\t\t\t\t\t\t<span class=\"elementor-button-content-wrapper\">\n\t\t\t\t\t\t\t\t\t<span class=\"elementor-button-text\">Parkings Gand \u2192<\/span>\n\t\t\t\t\t<\/span>\n\t\t\t\t\t<\/a>\n\t\t\t\t<\/div>\n\t\t\t\t\t\t\t\t<\/div>\n\t\t\t\t<\/div>\n\t\t\t\t\t<\/div>\n\t\t<\/div>\n\t\t\t\t\t<\/div>\n\t\t<\/section>\n\t\t\t\t\t<\/div>\n\t\t<\/div>\n\t\t\t\t\t<\/div>\n\t\t<\/section>\n\t\t\t\t<section class=\"elementor-section elementor-top-section elementor-element elementor-element-b0c0a36 elementor-section-boxed elementor-section-height-default elementor-section-height-default\" data-id=\"b0c0a36\" data-element_type=\"section\" data-e-type=\"section\" data-settings=\"{&quot;background_background&quot;:&quot;classic&quot;}\">\n\t\t\t\t\t\t<div class=\"elementor-container elementor-column-gap-default\">\n\t\t\t\t\t<div class=\"elementor-column elementor-col-100 elementor-top-column elementor-element elementor-element-fc15fe7\" data-id=\"fc15fe7\" data-element_type=\"column\" data-e-type=\"column\">\n\t\t\t<div class=\"elementor-widget-wrap elementor-element-populated\">\n\t\t\t\t\t\t<div class=\"elementor-element elementor-element-ea9e3f4 elementor-widget elementor-widget-heading\" data-id=\"ea9e3f4\" data-element_type=\"widget\" data-e-type=\"widget\" data-widget_type=\"heading.default\">\n\t\t\t\t<div class=\"elementor-widget-container\">\n\t\t\t\t\t<h3 class=\"elementor-heading-title elementor-size-default\">Promotions et forfaits<\/h3>\t\t\t\t<\/div>\n\t\t\t\t<\/div>\n\t\t\t\t<div class=\"elementor-element elementor-element-a1789b6 elementor-widget elementor-widget-uael-posts\" data-id=\"a1789b6\" data-element_type=\"widget\" data-e-type=\"widget\" data-settings=\"{&quot;classic_slides_to_show&quot;:3,&quot;classic_slides_to_show_tablet&quot;:2,&quot;classic_slides_to_show_mobile&quot;:1,&quot;classic_show_filters&quot;:&quot;no&quot;}\" data-widget_type=\"uael-posts.classic\">\n\t\t\t\t<div class=\"elementor-widget-container\">\n\t\t\t\t\t\t\t<div class=\"uael-post__header\">\n\t\t\t\t\t<\/div>\n\t\t<div class=\"uael-post__body\">\n\t\t\t\n\t\t\n\t\t<div class=\"uael-blog-terms-position- uael-post-image-top uael-post-grid uael-posts\" data-query-type=\"custom\" data-structure=\"normal\" data-layout=\"\" data-page=\"1142\" data-skin=\"classic\" data-filter-default=\"\" data-offset-top=\"30\" >\n\n\t\t\t\t\t\t\t<div class=\"uael-post-grid__inner uael-post__columns-3 uael-post__columns-tablet-2 uael-post__columns-mobile-1\">\n\t\t\t\n<div class=\"uael-post-wrapper   export promoties\">\n\t<div class=\"uael-post__bg-wrap uael-bg-wrap-disabled\">\n\n\t\t\t\t\n\t\t<div class=\"uael-post__inner-wrap uael-inner-wrap-disabled\">\n\n\t\t\t\t<div class=\"uael-post__thumbnail\">\n\t\t\t\n\t\t\t<a href=\"https:\/\/hotelcathedral.be\/fr\/promoties\/fietsarrangement-superdeal-nu-aan-109-e-ontbijt-inbegrepen\/\" target=\"_self\" title=\"Forfait v\u00e9lo : Super deal \u00e0 partir de 139 \u20ac, petit d\u00e9jeuner inclus\"><img decoding=\"async\" src=\"https:\/\/hotelcathedral.be\/wp-content\/uploads\/elementor\/thumbs\/CityCyclingGent-390-43-q106huaijpr8yq3ocm2uicqa0re937u2db5hc19hac.jpg\" title=\"CityCyclingGent-390-43\" alt=\"CityCyclingGent-390-43\" loading=\"lazy\" \/><\/a>\n\t\t\t\t\t<\/div>\n\t\t\n\t\t\t\n\t\t\t<div class=\"uael-post__content-wrap uael-content-wrap-disabled\">\n\t\t\t\t\t<h4 class=\"uael-post__title\">\n\n\t\t\n\t\t\t\t\t\t<a href=\"https:\/\/hotelcathedral.be\/fr\/promoties\/fietsarrangement-superdeal-nu-aan-109-e-ontbijt-inbegrepen\/\" target=\"_self\">\n\t\t\t\tForfait v\u00e9lo : Super deal \u00e0 partir de 139 \u20ac, petit d\u00e9jeuner inclus\t\t\t<\/a>\n\n\t\t\t\t<\/h4>\n\t\t\t\t\t<\/div>\n\t\t\t\n\t\t<\/div>\n\t\t\n\t<\/div>\n\n<\/div>\n\n<div class=\"uael-post-wrapper   homepagina promoties\">\n\t<div class=\"uael-post__bg-wrap uael-bg-wrap-disabled\">\n\n\t\t\t\t\n\t\t<div class=\"uael-post__inner-wrap uael-inner-wrap-disabled\">\n\n\t\t\t\t<div class=\"uael-post__thumbnail\">\n\t\t\t\n\t\t\t<a href=\"https:\/\/hotelcathedral.be\/fr\/promoties\/romantisch-verblijf-159e\/\" target=\"_self\" title=\"Forfait Romantique\"><img decoding=\"async\" src=\"https:\/\/hotelcathedral.be\/wp-content\/uploads\/elementor\/thumbs\/Valentijn-romantisch-arrangement-q106honhepjj12bv9jn33e5igg61t17ocj8kgdhubo.png\" title=\"Forfait romantique Saint-Valentin\" alt=\"Forfait romantique Saint-Valentin\" loading=\"lazy\" \/><\/a>\n\t\t\t\t\t<\/div>\n\t\t\n\t\t\t\n\t\t\t<div class=\"uael-post__content-wrap uael-content-wrap-disabled\">\n\t\t\t\t\t<h4 class=\"uael-post__title\">\n\n\t\t\n\t\t\t\t\t\t<a href=\"https:\/\/hotelcathedral.be\/fr\/promoties\/romantisch-verblijf-159e\/\" target=\"_self\">\n\t\t\t\tForfait Romantique\t\t\t<\/a>\n\n\t\t\t\t<\/h4>\n\t\t\t\t\t<\/div>\n\t\t\t\n\t\t<\/div>\n\t\t\n\t<\/div>\n\n<\/div>\n\n<div class=\"uael-post-wrapper   homepagina promoties\">\n\t<div class=\"uael-post__bg-wrap uael-bg-wrap-disabled\">\n\n\t\t\t\t\n\t\t<div class=\"uael-post__inner-wrap uael-inner-wrap-disabled\">\n\n\t\t\t\t<div class=\"uael-post__thumbnail\">\n\t\t\t\n\t\t\t<a href=\"https:\/\/hotelcathedral.be\/fr\/promoties\/frietarrangement\/\" target=\"_self\" title=\"Promo : nuit\u00e9e et frites belges \u00e0 partir de 129\u20ac\"><img decoding=\"async\" src=\"https:\/\/hotelcathedral.be\/wp-content\/uploads\/elementor\/thumbs\/filip-in-frituur-voor-op-website-q106hqj5sdm3oa94ykgc8dofn7ws8ff50sjjexf1z8.jpg\" title=\"filip dans la friterie pour sur le site\" alt=\"filip dans la friterie pour sur le site\" loading=\"lazy\" \/><\/a>\n\t\t\t\t\t<\/div>\n\t\t\n\t\t\t\n\t\t\t<div class=\"uael-post__content-wrap uael-content-wrap-disabled\">\n\t\t\t\t\t<h4 class=\"uael-post__title\">\n\n\t\t\n\t\t\t\t\t\t<a href=\"https:\/\/hotelcathedral.be\/fr\/promoties\/frietarrangement\/\" target=\"_self\">\n\t\t\t\tPromo : nuit\u00e9e et frites belges \u00e0 partir de 129\u20ac\t\t\t<\/a>\n\n\t\t\t\t<\/h4>\n\t\t\t\t\t<\/div>\n\t\t\t\n\t\t<\/div>\n\t\t\n\t<\/div>\n\n<\/div>\n\t\t\t\t<\/div>\n\t\t\t\t\t\t\n\t\t<\/div>\n\n\t\t\t\t\t\t<\/div>\n\t\t<div class=\"uael-post__footer\">\n\t\t\t\t\t<\/div>\n\t\t\t\t\t\t<\/div>\n\t\t\t\t<\/div>\n\t\t\t\t<div class=\"elementor-element elementor-element-99e579a elementor-align-center elementor-widget elementor-widget-button\" data-id=\"99e579a\" data-element_type=\"widget\" data-e-type=\"widget\" data-widget_type=\"button.default\">\n\t\t\t\t<div class=\"elementor-widget-container\">\n\t\t\t\t\t\t\t\t\t<div class=\"elementor-button-wrapper\">\n\t\t\t\t\t<a class=\"elementor-button elementor-button-link elementor-size-sm\" href=\"https:\/\/hotelcathedral.be\/fr\/promoties\/\">\n\t\t\t\t\t\t<span class=\"elementor-button-content-wrapper\">\n\t\t\t\t\t\t\t\t\t<span class=\"elementor-button-text\">Tout voir \u2192<\/span>\n\t\t\t\t\t<\/span>\n\t\t\t\t\t<\/a>\n\t\t\t\t<\/div>\n\t\t\t\t\t\t\t\t<\/div>\n\t\t\t\t<\/div>\n\t\t\t\t\t<\/div>\n\t\t<\/div>\n\t\t\t\t\t<\/div>\n\t\t<\/section>\n\t\t\t\t<\/div>","protected":false},"excerpt":{"rendered":"<p>Parking Parkeergelegenheden in Gent Hebt u een reservatie bij ons in Hotel Cathedral dan kan u een parkeerplaats aanvragen volgens beschikbaarheid. Het is verplicht voor aankomst een parkeerplaats te reserveren, aangezien het hotel over 4 parkeerplaatsen beschikt. Het tarief bedraagt 20 euro per dag, dagprijs is geldig van 12.00 uur dag van aankomst tot 11.00 [&hellip;]<\/p>\n","protected":false},"author":1,"featured_media":0,"parent":0,"menu_order":0,"comment_status":"closed","ping_status":"closed","template":"elementor_header_footer","meta":{"footnotes":""},"class_list":["post-1142","page","type-page","status-publish","hentry"],"_links":{"self":[{"href":"https:\/\/hotelcathedral.be\/fr\/wp-json\/wp\/v2\/pages\/1142","targetHints":{"allow":["GET"]}}],"collection":[{"href":"https:\/\/hotelcathedral.be\/fr\/wp-json\/wp\/v2\/pages"}],"about":[{"href":"https:\/\/hotelcathedral.be\/fr\/wp-json\/wp\/v2\/types\/page"}],"author":[{"embeddable":true,"href":"https:\/\/hotelcathedral.be\/fr\/wp-json\/wp\/v2\/users\/1"}],"replies":[{"embeddable":true,"href":"https:\/\/hotelcathedral.be\/fr\/wp-json\/wp\/v2\/comments?post=1142"}],"version-history":[{"count":0,"href":"https:\/\/hotelcathedral.be\/fr\/wp-json\/wp\/v2\/pages\/1142\/revisions"}],"wp:attachment":[{"href":"https:\/\/hotelcathedral.be\/fr\/wp-json\/wp\/v2\/media?parent=1142"}],"curies":[{"name":"wp","href":"https:\/\/api.w.org\/{rel}","templated":true}]}}