{"id":1130,"date":"2020-07-16T08:52:19","date_gmt":"2020-07-16T08:52:19","guid":{"rendered":"http:\/\/parkhotel.galia.be\/?page_id=1130"},"modified":"2024-01-03T18:06:12","modified_gmt":"2024-01-03T18:06:12","slug":"standaardkamer","status":"publish","type":"page","link":"https:\/\/hotelcathedral.be\/fr\/standaardkamer\/","title":{"rendered":"Chambre standard"},"content":{"rendered":"<div data-elementor-type=\"wp-page\" data-elementor-id=\"1130\" class=\"elementor elementor-1130\" data-elementor-post-type=\"page\">\n\t\t\t\t\t\t<section class=\"elementor-section elementor-top-section elementor-element elementor-element-67cf8e0 elementor-section-boxed elementor-section-height-default elementor-section-height-default\" data-id=\"67cf8e0\" data-element_type=\"section\" data-e-type=\"section\" data-settings=\"{&quot;animation&quot;:&quot;none&quot;,&quot;background_background&quot;:&quot;classic&quot;}\">\n\t\t\t\t\t\t<div class=\"elementor-container elementor-column-gap-wide\">\n\t\t\t\t\t<div class=\"elementor-column elementor-col-100 elementor-top-column elementor-element elementor-element-da0476e\" data-id=\"da0476e\" data-element_type=\"column\" data-e-type=\"column\">\n\t\t\t<div class=\"elementor-widget-wrap elementor-element-populated\">\n\t\t\t\t\t\t<div class=\"elementor-element elementor-element-d2412cd elementor-widget elementor-widget-heading\" data-id=\"d2412cd\" data-element_type=\"widget\" data-e-type=\"widget\" data-widget_type=\"heading.default\">\n\t\t\t\t<div class=\"elementor-widget-container\">\n\t\t\t\t\t<h2 class=\"elementor-heading-title elementor-size-default\">Chambre standard<\/h2>\t\t\t\t<\/div>\n\t\t\t\t<\/div>\n\t\t\t\t<div class=\"elementor-element elementor-element-fc31bbe elementor-widget elementor-widget-heading\" data-id=\"fc31bbe\" data-element_type=\"widget\" data-e-type=\"widget\" data-widget_type=\"heading.default\">\n\t\t\t\t<div class=\"elementor-widget-container\">\n\t\t\t\t\t<h4 class=\"elementor-heading-title elementor-size-default\">\u00c0 partir de 109 \u20ac petit-d\u00e9jeuner inclus<\/h4>\t\t\t\t<\/div>\n\t\t\t\t<\/div>\n\t\t\t\t<div class=\"elementor-element elementor-element-099b144 elementor-widget elementor-widget-text-editor\" data-id=\"099b144\" data-element_type=\"widget\" data-e-type=\"widget\" data-widget_type=\"text-editor.default\">\n\t\t\t\t<div class=\"elementor-widget-container\">\n\t\t\t\t\t\t\t\t\t<p class=\"p1\">Les chambres sont meubl\u00e9es d&#039;une salle de bain priv\u00e9e avec douche, s\u00e8che-cheveux, lavabo et toilettes, TV \u00e9cran plat avec cha\u00eenes belges et \u00e9trang\u00e8res, bureau et climatisation.<\/p><p>Ces chambres sont situ\u00e9es au premier \u00e9tage et ne sont accessibles que par des escaliers. Il n&#039;y a pas d&#039;ascenseur dans l&#039;h\u00f4tel.<\/p>\t\t\t\t\t\t\t\t<\/div>\n\t\t\t\t<\/div>\n\t\t\t\t<div class=\"elementor-element elementor-element-d15cda4 elementor-invisible elementor-widget elementor-widget-gallery\" data-id=\"d15cda4\" data-element_type=\"widget\" data-e-type=\"widget\" data-settings=\"{&quot;columns&quot;:3,&quot;gap&quot;:{&quot;unit&quot;:&quot;px&quot;,&quot;size&quot;:14,&quot;sizes&quot;:[]},&quot;_animation&quot;:&quot;fadeIn&quot;,&quot;gallery_layout&quot;:&quot;grid&quot;,&quot;columns_tablet&quot;:2,&quot;columns_mobile&quot;:1,&quot;gap_tablet&quot;:{&quot;unit&quot;:&quot;px&quot;,&quot;size&quot;:10,&quot;sizes&quot;:[]},&quot;gap_mobile&quot;:{&quot;unit&quot;:&quot;px&quot;,&quot;size&quot;:10,&quot;sizes&quot;:[]},&quot;link_to&quot;:&quot;file&quot;,&quot;aspect_ratio&quot;:&quot;3:2&quot;,&quot;content_hover_animation&quot;:&quot;fade-in&quot;}\" data-widget_type=\"gallery.default\">\n\t\t\t\t<div class=\"elementor-widget-container\">\n\t\t\t\t\t\t\t<div class=\"elementor-gallery__container\">\n\t\t\t\t\t\t\t<a class=\"e-gallery-item elementor-gallery-item elementor-animated-content\" href=\"https:\/\/hotelcathedral.be\/wp-content\/uploads\/2020\/08\/standaard-kamer-3-zicht-op-bed-1.jpg\" data-elementor-open-lightbox=\"yes\" data-elementor-lightbox-slideshow=\"d15cda4\" data-elementor-lightbox-title=\"standaard kamer 3 zicht op bed 1\" data-e-action-hash=\"#elementor-action%3Aaction%3Dlightbox%26settings%3DeyJpZCI6MTYzMywidXJsIjoiaHR0cHM6XC9cL2hvdGVsY2F0aGVkcmFsLmJlXC93cC1jb250ZW50XC91cGxvYWRzXC8yMDIwXC8wOFwvc3RhbmRhYXJkLWthbWVyLTMtemljaHQtb3AtYmVkLTEuanBnIiwic2xpZGVzaG93IjoiZDE1Y2RhNCJ9\">\n\t\t\t\t\t<div class=\"e-gallery-image elementor-gallery-item__image\" data-thumbnail=\"https:\/\/hotelcathedral.be\/wp-content\/uploads\/2020\/08\/standaard-kamer-3-zicht-op-bed-1-768x513.jpg\" data-width=\"768\" data-height=\"513\" aria-label=\"\" role=\"img\" ><\/div>\n\t\t\t\t\t\t\t\t\t\t\t\t\t\t<\/a>\n\t\t\t\t\t\t\t<a class=\"e-gallery-item elementor-gallery-item elementor-animated-content\" href=\"https:\/\/hotelcathedral.be\/wp-content\/uploads\/2020\/08\/standaard-kamer-5-zicht-op-badkamer.jpg\" data-elementor-open-lightbox=\"yes\" data-elementor-lightbox-slideshow=\"d15cda4\" data-elementor-lightbox-title=\"standaard kamer 5 zicht op badkamer\" data-e-action-hash=\"#elementor-action%3Aaction%3Dlightbox%26settings%3DeyJpZCI6MTYzNCwidXJsIjoiaHR0cHM6XC9cL2hvdGVsY2F0aGVkcmFsLmJlXC93cC1jb250ZW50XC91cGxvYWRzXC8yMDIwXC8wOFwvc3RhbmRhYXJkLWthbWVyLTUtemljaHQtb3AtYmFka2FtZXIuanBnIiwic2xpZGVzaG93IjoiZDE1Y2RhNCJ9\">\n\t\t\t\t\t<div class=\"e-gallery-image elementor-gallery-item__image\" data-thumbnail=\"https:\/\/hotelcathedral.be\/wp-content\/uploads\/2020\/08\/standaard-kamer-5-zicht-op-badkamer-768x1150.jpg\" data-width=\"768\" data-height=\"1150\" aria-label=\"\" role=\"img\" ><\/div>\n\t\t\t\t\t\t\t\t\t\t\t\t\t\t<\/a>\n\t\t\t\t\t\t\t<a class=\"e-gallery-item elementor-gallery-item elementor-animated-content\" href=\"https:\/\/hotelcathedral.be\/wp-content\/uploads\/2020\/08\/standaardkamer-3-zicht-op-bureau.jpg\" data-elementor-open-lightbox=\"yes\" data-elementor-lightbox-slideshow=\"d15cda4\" data-elementor-lightbox-title=\"standaardkamer 3 zicht op bureau\" data-e-action-hash=\"#elementor-action%3Aaction%3Dlightbox%26settings%3DeyJpZCI6MTYzNywidXJsIjoiaHR0cHM6XC9cL2hvdGVsY2F0aGVkcmFsLmJlXC93cC1jb250ZW50XC91cGxvYWRzXC8yMDIwXC8wOFwvc3RhbmRhYXJka2FtZXItMy16aWNodC1vcC1idXJlYXUuanBnIiwic2xpZGVzaG93IjoiZDE1Y2RhNCJ9\">\n\t\t\t\t\t<div class=\"e-gallery-image elementor-gallery-item__image\" data-thumbnail=\"https:\/\/hotelcathedral.be\/wp-content\/uploads\/2020\/08\/standaardkamer-3-zicht-op-bureau-768x1152.jpg\" data-width=\"768\" data-height=\"1152\" aria-label=\"\" role=\"img\" ><\/div>\n\t\t\t\t\t\t\t\t\t\t\t\t\t\t<\/a>\n\t\t\t\t\t\t\t<a class=\"e-gallery-item elementor-gallery-item elementor-animated-content\" href=\"https:\/\/hotelcathedral.be\/wp-content\/uploads\/2020\/08\/standaard-kamer-3-badkamer.jpg\" data-elementor-open-lightbox=\"yes\" data-elementor-lightbox-slideshow=\"d15cda4\" data-elementor-lightbox-title=\"standaard kamer 3 badkamer\" data-e-action-hash=\"#elementor-action%3Aaction%3Dlightbox%26settings%3DeyJpZCI6MTYzMSwidXJsIjoiaHR0cHM6XC9cL2hvdGVsY2F0aGVkcmFsLmJlXC93cC1jb250ZW50XC91cGxvYWRzXC8yMDIwXC8wOFwvc3RhbmRhYXJkLWthbWVyLTMtYmFka2FtZXIuanBnIiwic2xpZGVzaG93IjoiZDE1Y2RhNCJ9\">\n\t\t\t\t\t<div class=\"e-gallery-image elementor-gallery-item__image\" data-thumbnail=\"https:\/\/hotelcathedral.be\/wp-content\/uploads\/2020\/08\/standaard-kamer-3-badkamer-768x1152.jpg\" data-width=\"768\" data-height=\"1152\" aria-label=\"\" role=\"img\" ><\/div>\n\t\t\t\t\t\t\t\t\t\t\t\t\t\t<\/a>\n\t\t\t\t\t\t\t<a class=\"e-gallery-item elementor-gallery-item elementor-animated-content\" href=\"https:\/\/hotelcathedral.be\/wp-content\/uploads\/2020\/08\/standaard-kamer-3-zicht-lavabo.jpg\" data-elementor-open-lightbox=\"yes\" data-elementor-lightbox-slideshow=\"d15cda4\" data-elementor-lightbox-title=\"standaard kamer 3 zicht lavabo\" data-e-action-hash=\"#elementor-action%3Aaction%3Dlightbox%26settings%3DeyJpZCI6MTYzMiwidXJsIjoiaHR0cHM6XC9cL2hvdGVsY2F0aGVkcmFsLmJlXC93cC1jb250ZW50XC91cGxvYWRzXC8yMDIwXC8wOFwvc3RhbmRhYXJkLWthbWVyLTMtemljaHQtbGF2YWJvLmpwZyIsInNsaWRlc2hvdyI6ImQxNWNkYTQifQ%3D%3D\">\n\t\t\t\t\t<div class=\"e-gallery-image elementor-gallery-item__image\" data-thumbnail=\"https:\/\/hotelcathedral.be\/wp-content\/uploads\/2020\/08\/standaard-kamer-3-zicht-lavabo-768x1152.jpg\" data-width=\"768\" data-height=\"1152\" aria-label=\"\" role=\"img\" ><\/div>\n\t\t\t\t\t\t\t\t\t\t\t\t\t\t<\/a>\n\t\t\t\t\t<\/div>\n\t\t\t\t\t<\/div>\n\t\t\t\t<\/div>\n\t\t\t\t\t<\/div>\n\t\t<\/div>\n\t\t\t\t\t<\/div>\n\t\t<\/section>\n\t\t\t\t<section class=\"elementor-section elementor-top-section elementor-element elementor-element-881c473 elementor-section-boxed elementor-section-height-default elementor-section-height-default\" data-id=\"881c473\" data-element_type=\"section\" data-e-type=\"section\" data-settings=\"{&quot;animation&quot;:&quot;none&quot;,&quot;background_background&quot;:&quot;classic&quot;}\">\n\t\t\t\t\t\t<div class=\"elementor-container elementor-column-gap-wide\">\n\t\t\t\t\t<div class=\"elementor-column elementor-col-100 elementor-top-column elementor-element elementor-element-768a6e7\" data-id=\"768a6e7\" data-element_type=\"column\" data-e-type=\"column\">\n\t\t\t<div class=\"elementor-widget-wrap elementor-element-populated\">\n\t\t\t\t\t\t<div class=\"elementor-element elementor-element-7273851 elementor-widget elementor-widget-heading\" data-id=\"7273851\" data-element_type=\"widget\" data-e-type=\"widget\" data-widget_type=\"heading.default\">\n\t\t\t\t<div class=\"elementor-widget-container\">\n\t\t\t\t\t<h2 class=\"elementor-heading-title elementor-size-default\">D\u00e9couvrez l&#039;h\u00f4tel<\/h2>\t\t\t\t<\/div>\n\t\t\t\t<\/div>\n\t\t\t\t<div class=\"elementor-element elementor-element-6fa4b0d elementor-invisible elementor-widget elementor-widget-gallery\" data-id=\"6fa4b0d\" data-element_type=\"widget\" data-e-type=\"widget\" data-settings=\"{&quot;gap&quot;:{&quot;unit&quot;:&quot;px&quot;,&quot;size&quot;:14,&quot;sizes&quot;:[]},&quot;_animation&quot;:&quot;fadeIn&quot;,&quot;ideal_row_height&quot;:{&quot;unit&quot;:&quot;px&quot;,&quot;size&quot;:220,&quot;sizes&quot;:[]},&quot;gallery_layout&quot;:&quot;justified&quot;,&quot;ideal_row_height_tablet&quot;:{&quot;unit&quot;:&quot;px&quot;,&quot;size&quot;:220,&quot;sizes&quot;:[]},&quot;ideal_row_height_mobile&quot;:{&quot;unit&quot;:&quot;px&quot;,&quot;size&quot;:220,&quot;sizes&quot;:[]},&quot;lazyload&quot;:&quot;yes&quot;,&quot;gap_tablet&quot;:{&quot;unit&quot;:&quot;px&quot;,&quot;size&quot;:10,&quot;sizes&quot;:[]},&quot;gap_mobile&quot;:{&quot;unit&quot;:&quot;px&quot;,&quot;size&quot;:10,&quot;sizes&quot;:[]},&quot;link_to&quot;:&quot;file&quot;,&quot;content_hover_animation&quot;:&quot;fade-in&quot;}\" data-widget_type=\"gallery.default\">\n\t\t\t\t<div class=\"elementor-widget-container\">\n\t\t\t\t\t\t\t<div class=\"elementor-gallery__container\">\n\t\t\t\t\t\t\t<a class=\"e-gallery-item elementor-gallery-item elementor-animated-content\" href=\"https:\/\/hotelcathedral.be\/wp-content\/uploads\/2020\/08\/receptie-vooraanzicht-bar.jpg\" data-elementor-open-lightbox=\"yes\" data-elementor-lightbox-slideshow=\"6fa4b0d\" data-elementor-lightbox-title=\"receptie vooraanzicht bar\" data-e-action-hash=\"#elementor-action%3Aaction%3Dlightbox%26settings%3DeyJpZCI6MTU3OSwidXJsIjoiaHR0cHM6XC9cL2hvdGVsY2F0aGVkcmFsLmJlXC93cC1jb250ZW50XC91cGxvYWRzXC8yMDIwXC8wOFwvcmVjZXB0aWUtdm9vcmFhbnppY2h0LWJhci5qcGciLCJzbGlkZXNob3ciOiI2ZmE0YjBkIn0%3D\">\n\t\t\t\t\t<div class=\"e-gallery-image elementor-gallery-item__image\" data-thumbnail=\"https:\/\/hotelcathedral.be\/wp-content\/uploads\/2020\/08\/receptie-vooraanzicht-bar-768x398.jpg\" data-width=\"768\" data-height=\"398\" aria-label=\"\" role=\"img\" ><\/div>\n\t\t\t\t\t\t\t\t\t\t\t\t\t\t<\/a>\n\t\t\t\t\t\t\t<a class=\"e-gallery-item elementor-gallery-item elementor-animated-content\" href=\"https:\/\/hotelcathedral.be\/wp-content\/uploads\/2020\/08\/an-aan-receptie-1.jpg\" data-elementor-open-lightbox=\"yes\" data-elementor-lightbox-slideshow=\"6fa4b0d\" data-elementor-lightbox-title=\"an aan receptie\" data-e-action-hash=\"#elementor-action%3Aaction%3Dlightbox%26settings%3DeyJpZCI6MTc0NiwidXJsIjoiaHR0cHM6XC9cL2hvdGVsY2F0aGVkcmFsLmJlXC93cC1jb250ZW50XC91cGxvYWRzXC8yMDIwXC8wOFwvYW4tYWFuLXJlY2VwdGllLTEuanBnIiwic2xpZGVzaG93IjoiNmZhNGIwZCJ9\">\n\t\t\t\t\t<div class=\"e-gallery-image elementor-gallery-item__image\" data-thumbnail=\"https:\/\/hotelcathedral.be\/wp-content\/uploads\/2020\/08\/an-aan-receptie-1-768x512.jpg\" data-width=\"768\" data-height=\"512\" aria-label=\"\" role=\"img\" ><\/div>\n\t\t\t\t\t\t\t\t\t\t\t\t\t\t<\/a>\n\t\t\t\t\t\t\t<a class=\"e-gallery-item elementor-gallery-item elementor-animated-content\" href=\"https:\/\/hotelcathedral.be\/wp-content\/uploads\/2020\/08\/receptie-ontbijtzaal-1.jpg\" data-elementor-open-lightbox=\"yes\" data-elementor-lightbox-slideshow=\"6fa4b0d\" data-elementor-lightbox-title=\"receptie ontbijtzaal\" data-e-action-hash=\"#elementor-action%3Aaction%3Dlightbox%26settings%3DeyJpZCI6MTc1NiwidXJsIjoiaHR0cHM6XC9cL2hvdGVsY2F0aGVkcmFsLmJlXC93cC1jb250ZW50XC91cGxvYWRzXC8yMDIwXC8wOFwvcmVjZXB0aWUtb250YmlqdHphYWwtMS5qcGciLCJzbGlkZXNob3ciOiI2ZmE0YjBkIn0%3D\">\n\t\t\t\t\t<div class=\"e-gallery-image elementor-gallery-item__image\" data-thumbnail=\"https:\/\/hotelcathedral.be\/wp-content\/uploads\/2020\/08\/receptie-ontbijtzaal-1-768x380.jpg\" data-width=\"768\" data-height=\"380\" aria-label=\"\" role=\"img\" ><\/div>\n\t\t\t\t\t\t\t\t\t\t\t\t\t\t<\/a>\n\t\t\t\t\t\t\t<a class=\"e-gallery-item elementor-gallery-item elementor-animated-content\" href=\"https:\/\/hotelcathedral.be\/wp-content\/uploads\/2020\/08\/ontbijt-buffet-met-broodmandjes.jpg\" data-elementor-open-lightbox=\"yes\" data-elementor-lightbox-slideshow=\"6fa4b0d\" data-elementor-lightbox-title=\"ontbijt buffet met broodmandjes\" data-e-action-hash=\"#elementor-action%3Aaction%3Dlightbox%26settings%3DeyJpZCI6MTYwMCwidXJsIjoiaHR0cHM6XC9cL2hvdGVsY2F0aGVkcmFsLmJlXC93cC1jb250ZW50XC91cGxvYWRzXC8yMDIwXC8wOFwvb250YmlqdC1idWZmZXQtbWV0LWJyb29kbWFuZGplcy5qcGciLCJzbGlkZXNob3ciOiI2ZmE0YjBkIn0%3D\">\n\t\t\t\t\t<div class=\"e-gallery-image elementor-gallery-item__image\" data-thumbnail=\"https:\/\/hotelcathedral.be\/wp-content\/uploads\/2020\/08\/ontbijt-buffet-met-broodmandjes-768x512.jpg\" data-width=\"768\" data-height=\"512\" aria-label=\"\" role=\"img\" ><\/div>\n\t\t\t\t\t\t\t\t\t\t\t\t\t\t<\/a>\n\t\t\t\t\t\t\t<a class=\"e-gallery-item elementor-gallery-item elementor-animated-content\" href=\"https:\/\/hotelcathedral.be\/wp-content\/uploads\/2020\/08\/kamer-met-zithoek-K1-zicht-op-bed.jpg\" data-elementor-open-lightbox=\"yes\" data-elementor-lightbox-slideshow=\"6fa4b0d\" data-elementor-lightbox-title=\"kamer met zithoek K1 zicht op bed\" data-e-action-hash=\"#elementor-action%3Aaction%3Dlightbox%26settings%3DeyJpZCI6MTczMCwidXJsIjoiaHR0cHM6XC9cL2hvdGVsY2F0aGVkcmFsLmJlXC93cC1jb250ZW50XC91cGxvYWRzXC8yMDIwXC8wOFwva2FtZXItbWV0LXppdGhvZWstSzEtemljaHQtb3AtYmVkLmpwZyIsInNsaWRlc2hvdyI6IjZmYTRiMGQifQ%3D%3D\">\n\t\t\t\t\t<div class=\"e-gallery-image elementor-gallery-item__image\" data-thumbnail=\"https:\/\/hotelcathedral.be\/wp-content\/uploads\/2020\/08\/kamer-met-zithoek-K1-zicht-op-bed-768x512.jpg\" data-width=\"768\" data-height=\"512\" aria-label=\"\" role=\"img\" ><\/div>\n\t\t\t\t\t\t\t\t\t\t\t\t\t\t<\/a>\n\t\t\t\t\t\t\t<a class=\"e-gallery-item elementor-gallery-item elementor-animated-content\" href=\"https:\/\/hotelcathedral.be\/wp-content\/uploads\/2020\/08\/ontbijt-buffet.jpg\" data-elementor-open-lightbox=\"yes\" data-elementor-lightbox-slideshow=\"6fa4b0d\" data-elementor-lightbox-title=\"ontbijt-buffet\" data-e-action-hash=\"#elementor-action%3Aaction%3Dlightbox%26settings%3DeyJpZCI6MTYwMSwidXJsIjoiaHR0cHM6XC9cL2hvdGVsY2F0aGVkcmFsLmJlXC93cC1jb250ZW50XC91cGxvYWRzXC8yMDIwXC8wOFwvb250YmlqdC1idWZmZXQuanBnIiwic2xpZGVzaG93IjoiNmZhNGIwZCJ9\">\n\t\t\t\t\t<div class=\"e-gallery-image elementor-gallery-item__image\" data-thumbnail=\"https:\/\/hotelcathedral.be\/wp-content\/uploads\/2020\/08\/ontbijt-buffet-768x512.jpg\" data-width=\"768\" data-height=\"512\" aria-label=\"\" role=\"img\" ><\/div>\n\t\t\t\t\t\t\t\t\t\t\t\t\t\t<\/a>\n\t\t\t\t\t<\/div>\n\t\t\t\t\t<\/div>\n\t\t\t\t<\/div>\n\t\t\t\t<div class=\"elementor-element elementor-element-0699e83 elementor-align-center elementor-widget elementor-widget-button\" data-id=\"0699e83\" data-element_type=\"widget\" data-e-type=\"widget\" data-widget_type=\"button.default\">\n\t\t\t\t<div class=\"elementor-widget-container\">\n\t\t\t\t\t\t\t\t\t<div class=\"elementor-button-wrapper\">\n\t\t\t\t\t<a class=\"elementor-button elementor-button-link elementor-size-sm\" href=\"https:\/\/hotelcathedral.be\/fr\/fotogalerij\/\">\n\t\t\t\t\t\t<span class=\"elementor-button-content-wrapper\">\n\t\t\t\t\t\t\t\t\t<span class=\"elementor-button-text\">Galerie de photos \u2192<\/span>\n\t\t\t\t\t<\/span>\n\t\t\t\t\t<\/a>\n\t\t\t\t<\/div>\n\t\t\t\t\t\t\t\t<\/div>\n\t\t\t\t<\/div>\n\t\t\t\t\t<\/div>\n\t\t<\/div>\n\t\t\t\t\t<\/div>\n\t\t<\/section>\n\t\t\t\t<section class=\"elementor-section elementor-top-section elementor-element elementor-element-d059be2 elementor-section-boxed elementor-section-height-default elementor-section-height-default\" data-id=\"d059be2\" data-element_type=\"section\" data-e-type=\"section\">\n\t\t\t\t\t\t<div class=\"elementor-container elementor-column-gap-default\">\n\t\t\t\t\t<div class=\"elementor-column elementor-col-100 elementor-top-column elementor-element elementor-element-993f47d\" data-id=\"993f47d\" data-element_type=\"column\" data-e-type=\"column\">\n\t\t\t<div class=\"elementor-widget-wrap elementor-element-populated\">\n\t\t\t\t\t\t<div class=\"elementor-element elementor-element-505ea64 elementor-invisible elementor-widget elementor-widget-gallery\" data-id=\"505ea64\" data-element_type=\"widget\" data-e-type=\"widget\" data-settings=\"{&quot;columns&quot;:3,&quot;gap&quot;:{&quot;unit&quot;:&quot;px&quot;,&quot;size&quot;:14,&quot;sizes&quot;:[]},&quot;_animation&quot;:&quot;fadeIn&quot;,&quot;gallery_layout&quot;:&quot;grid&quot;,&quot;columns_tablet&quot;:2,&quot;columns_mobile&quot;:1,&quot;gap_tablet&quot;:{&quot;unit&quot;:&quot;px&quot;,&quot;size&quot;:10,&quot;sizes&quot;:[]},&quot;gap_mobile&quot;:{&quot;unit&quot;:&quot;px&quot;,&quot;size&quot;:10,&quot;sizes&quot;:[]},&quot;link_to&quot;:&quot;file&quot;,&quot;aspect_ratio&quot;:&quot;3:2&quot;,&quot;content_hover_animation&quot;:&quot;fade-in&quot;}\" data-widget_type=\"gallery.default\">\n\t\t\t\t<div class=\"elementor-widget-container\">\n\t\t\t\t\t\t\t<div class=\"elementor-gallery__container\">\n\t\t\t\t\t\t\t<a class=\"e-gallery-item elementor-gallery-item elementor-animated-content\" href=\"https:\/\/hotelcathedral.be\/wp-content\/uploads\/2020\/08\/standaard-kamer-3-zicht-op-bed-1.jpg\" data-elementor-open-lightbox=\"yes\" data-elementor-lightbox-slideshow=\"505ea64\" data-elementor-lightbox-title=\"standaard kamer 3 zicht op bed 1\" data-e-action-hash=\"#elementor-action%3Aaction%3Dlightbox%26settings%3DeyJpZCI6MTYzMywidXJsIjoiaHR0cHM6XC9cL2hvdGVsY2F0aGVkcmFsLmJlXC93cC1jb250ZW50XC91cGxvYWRzXC8yMDIwXC8wOFwvc3RhbmRhYXJkLWthbWVyLTMtemljaHQtb3AtYmVkLTEuanBnIiwic2xpZGVzaG93IjoiNTA1ZWE2NCJ9\">\n\t\t\t\t\t<div class=\"e-gallery-image elementor-gallery-item__image\" data-thumbnail=\"https:\/\/hotelcathedral.be\/wp-content\/uploads\/2020\/08\/standaard-kamer-3-zicht-op-bed-1-768x513.jpg\" data-width=\"768\" data-height=\"513\" aria-label=\"\" role=\"img\" ><\/div>\n\t\t\t\t\t\t\t\t\t\t\t\t\t\t<\/a>\n\t\t\t\t\t\t\t<a class=\"e-gallery-item elementor-gallery-item elementor-animated-content\" href=\"https:\/\/hotelcathedral.be\/wp-content\/uploads\/2020\/08\/standaard-kamer-5-zicht-op-badkamer.jpg\" data-elementor-open-lightbox=\"yes\" data-elementor-lightbox-slideshow=\"505ea64\" data-elementor-lightbox-title=\"standaard kamer 5 zicht op badkamer\" data-e-action-hash=\"#elementor-action%3Aaction%3Dlightbox%26settings%3DeyJpZCI6MTYzNCwidXJsIjoiaHR0cHM6XC9cL2hvdGVsY2F0aGVkcmFsLmJlXC93cC1jb250ZW50XC91cGxvYWRzXC8yMDIwXC8wOFwvc3RhbmRhYXJkLWthbWVyLTUtemljaHQtb3AtYmFka2FtZXIuanBnIiwic2xpZGVzaG93IjoiNTA1ZWE2NCJ9\">\n\t\t\t\t\t<div class=\"e-gallery-image elementor-gallery-item__image\" data-thumbnail=\"https:\/\/hotelcathedral.be\/wp-content\/uploads\/2020\/08\/standaard-kamer-5-zicht-op-badkamer-768x1150.jpg\" data-width=\"768\" data-height=\"1150\" aria-label=\"\" role=\"img\" ><\/div>\n\t\t\t\t\t\t\t\t\t\t\t\t\t\t<\/a>\n\t\t\t\t\t\t\t<a class=\"e-gallery-item elementor-gallery-item elementor-animated-content\" href=\"https:\/\/hotelcathedral.be\/wp-content\/uploads\/2020\/08\/standaardkamer-3-zicht-op-bureau.jpg\" data-elementor-open-lightbox=\"yes\" data-elementor-lightbox-slideshow=\"505ea64\" data-elementor-lightbox-title=\"standaardkamer 3 zicht op bureau\" data-e-action-hash=\"#elementor-action%3Aaction%3Dlightbox%26settings%3DeyJpZCI6MTYzNywidXJsIjoiaHR0cHM6XC9cL2hvdGVsY2F0aGVkcmFsLmJlXC93cC1jb250ZW50XC91cGxvYWRzXC8yMDIwXC8wOFwvc3RhbmRhYXJka2FtZXItMy16aWNodC1vcC1idXJlYXUuanBnIiwic2xpZGVzaG93IjoiNTA1ZWE2NCJ9\">\n\t\t\t\t\t<div class=\"e-gallery-image elementor-gallery-item__image\" data-thumbnail=\"https:\/\/hotelcathedral.be\/wp-content\/uploads\/2020\/08\/standaardkamer-3-zicht-op-bureau-768x1152.jpg\" data-width=\"768\" data-height=\"1152\" aria-label=\"\" role=\"img\" ><\/div>\n\t\t\t\t\t\t\t\t\t\t\t\t\t\t<\/a>\n\t\t\t\t\t\t\t<a class=\"e-gallery-item elementor-gallery-item elementor-animated-content\" href=\"https:\/\/hotelcathedral.be\/wp-content\/uploads\/2020\/08\/standaard-kamer-3-badkamer.jpg\" data-elementor-open-lightbox=\"yes\" data-elementor-lightbox-slideshow=\"505ea64\" data-elementor-lightbox-title=\"standaard kamer 3 badkamer\" data-e-action-hash=\"#elementor-action%3Aaction%3Dlightbox%26settings%3DeyJpZCI6MTYzMSwidXJsIjoiaHR0cHM6XC9cL2hvdGVsY2F0aGVkcmFsLmJlXC93cC1jb250ZW50XC91cGxvYWRzXC8yMDIwXC8wOFwvc3RhbmRhYXJkLWthbWVyLTMtYmFka2FtZXIuanBnIiwic2xpZGVzaG93IjoiNTA1ZWE2NCJ9\">\n\t\t\t\t\t<div class=\"e-gallery-image elementor-gallery-item__image\" data-thumbnail=\"https:\/\/hotelcathedral.be\/wp-content\/uploads\/2020\/08\/standaard-kamer-3-badkamer-768x1152.jpg\" data-width=\"768\" data-height=\"1152\" aria-label=\"\" role=\"img\" ><\/div>\n\t\t\t\t\t\t\t\t\t\t\t\t\t\t<\/a>\n\t\t\t\t\t\t\t<a class=\"e-gallery-item elementor-gallery-item elementor-animated-content\" href=\"https:\/\/hotelcathedral.be\/wp-content\/uploads\/2020\/08\/standaard-kamer-3-zicht-lavabo.jpg\" data-elementor-open-lightbox=\"yes\" data-elementor-lightbox-slideshow=\"505ea64\" data-elementor-lightbox-title=\"standaard kamer 3 zicht lavabo\" data-e-action-hash=\"#elementor-action%3Aaction%3Dlightbox%26settings%3DeyJpZCI6MTYzMiwidXJsIjoiaHR0cHM6XC9cL2hvdGVsY2F0aGVkcmFsLmJlXC93cC1jb250ZW50XC91cGxvYWRzXC8yMDIwXC8wOFwvc3RhbmRhYXJkLWthbWVyLTMtemljaHQtbGF2YWJvLmpwZyIsInNsaWRlc2hvdyI6IjUwNWVhNjQifQ%3D%3D\">\n\t\t\t\t\t<div class=\"e-gallery-image elementor-gallery-item__image\" data-thumbnail=\"https:\/\/hotelcathedral.be\/wp-content\/uploads\/2020\/08\/standaard-kamer-3-zicht-lavabo-768x1152.jpg\" data-width=\"768\" data-height=\"1152\" aria-label=\"\" role=\"img\" ><\/div>\n\t\t\t\t\t\t\t\t\t\t\t\t\t\t<\/a>\n\t\t\t\t\t<\/div>\n\t\t\t\t\t<\/div>\n\t\t\t\t<\/div>\n\t\t\t\t\t<\/div>\n\t\t<\/div>\n\t\t\t\t\t<\/div>\n\t\t<\/section>\n\t\t\t\t<\/div>","protected":false},"excerpt":{"rendered":"<p>Standaardkamer Vanaf \u20ac 109 ontbijt inbegrepen De kamers zijn ingericht met een private badkamer met douche, haardroger, wastafel en toilet, flatscreen TV met Belgische en buitenlandse kanalen, bureel, en airco. Deze kamers bevinden zich op het eerste verdiep en zijn enkel met een trap bereikbaar. Er is geen lift aanwezig in het hotel. Ontdek het [&hellip;]<\/p>\n","protected":false},"author":1,"featured_media":0,"parent":0,"menu_order":0,"comment_status":"closed","ping_status":"closed","template":"elementor_header_footer","meta":{"footnotes":""},"class_list":["post-1130","page","type-page","status-publish","hentry"],"_links":{"self":[{"href":"https:\/\/hotelcathedral.be\/fr\/wp-json\/wp\/v2\/pages\/1130","targetHints":{"allow":["GET"]}}],"collection":[{"href":"https:\/\/hotelcathedral.be\/fr\/wp-json\/wp\/v2\/pages"}],"about":[{"href":"https:\/\/hotelcathedral.be\/fr\/wp-json\/wp\/v2\/types\/page"}],"author":[{"embeddable":true,"href":"https:\/\/hotelcathedral.be\/fr\/wp-json\/wp\/v2\/users\/1"}],"replies":[{"embeddable":true,"href":"https:\/\/hotelcathedral.be\/fr\/wp-json\/wp\/v2\/comments?post=1130"}],"version-history":[{"count":0,"href":"https:\/\/hotelcathedral.be\/fr\/wp-json\/wp\/v2\/pages\/1130\/revisions"}],"wp:attachment":[{"href":"https:\/\/hotelcathedral.be\/fr\/wp-json\/wp\/v2\/media?parent=1130"}],"curies":[{"name":"wp","href":"https:\/\/api.w.org\/{rel}","templated":true}]}}