{"id":1620,"date":"2020-08-06T14:45:07","date_gmt":"2020-08-06T14:45:07","guid":{"rendered":"http:\/\/hotelcathedral.galia.be\/?page_id=1620"},"modified":"2020-08-07T09:00:52","modified_gmt":"2020-08-07T09:00:52","slug":"driepersoonskamer","status":"publish","type":"page","link":"https:\/\/hotelcathedral.be\/es\/driepersoonskamer\/","title":{"rendered":"Habitaci\u00f3n triple"},"content":{"rendered":"<div data-elementor-type=\"wp-page\" data-elementor-id=\"1620\" class=\"elementor elementor-1620\" data-elementor-post-type=\"page\">\n\t\t\t\t\t\t<section class=\"elementor-section elementor-top-section elementor-element elementor-element-1b2d9b5 elementor-section-boxed elementor-section-height-default elementor-section-height-default\" data-id=\"1b2d9b5\" data-element_type=\"section\" data-e-type=\"section\" data-settings=\"{&quot;animation&quot;:&quot;none&quot;,&quot;background_background&quot;:&quot;classic&quot;}\">\n\t\t\t\t\t\t<div class=\"elementor-container elementor-column-gap-wide\">\n\t\t\t\t\t<div class=\"elementor-column elementor-col-100 elementor-top-column elementor-element elementor-element-d53a03c\" data-id=\"d53a03c\" data-element_type=\"column\" data-e-type=\"column\">\n\t\t\t<div class=\"elementor-widget-wrap elementor-element-populated\">\n\t\t\t\t\t\t<div class=\"elementor-element elementor-element-2750dbd elementor-widget elementor-widget-heading\" data-id=\"2750dbd\" data-element_type=\"widget\" data-e-type=\"widget\" data-widget_type=\"heading.default\">\n\t\t\t\t<div class=\"elementor-widget-container\">\n\t\t\t\t\t<h2 class=\"elementor-heading-title elementor-size-default\">Habitaci\u00f3n triple<\/h2>\t\t\t\t<\/div>\n\t\t\t\t<\/div>\n\t\t\t\t<div class=\"elementor-element elementor-element-06b607e elementor-widget elementor-widget-heading\" data-id=\"06b607e\" data-element_type=\"widget\" data-e-type=\"widget\" data-widget_type=\"heading.default\">\n\t\t\t\t<div class=\"elementor-widget-container\">\n\t\t\t\t\t<h4 class=\"elementor-heading-title elementor-size-default\">Desde 170 \u20ac, desayuno incluido<\/h4>\t\t\t\t<\/div>\n\t\t\t\t<\/div>\n\t\t\t\t<div class=\"elementor-element elementor-element-5b71bcf elementor-widget elementor-widget-text-editor\" data-id=\"5b71bcf\" data-element_type=\"widget\" data-e-type=\"widget\" data-widget_type=\"text-editor.default\">\n\t\t\t\t<div class=\"elementor-widget-container\">\n\t\t\t\t\t\t\t\t\t<p>La habitaci\u00f3n est\u00e1 amueblada con ba\u00f1o privado con ducha, secador de pelo, lavabo e inodoro, TV de pantalla plana con canales belgas y extranjeros, escritorio, sala de estar con 2 asientos, cafetera, tetera y aire acondicionado.<\/p><p>Esta amplia habitaci\u00f3n est\u00e1 ubicada en la 1\u00aa planta, solo se puede acceder a ella por escaleras.<\/p>\t\t\t\t\t\t\t\t<\/div>\n\t\t\t\t<\/div>\n\t\t\t\t<div class=\"elementor-element elementor-element-2c9a4ee elementor-invisible elementor-widget elementor-widget-gallery\" data-id=\"2c9a4ee\" data-element_type=\"widget\" data-e-type=\"widget\" data-settings=\"{&quot;columns&quot;:3,&quot;gap&quot;:{&quot;unit&quot;:&quot;px&quot;,&quot;size&quot;:14,&quot;sizes&quot;:[]},&quot;_animation&quot;:&quot;fadeIn&quot;,&quot;gallery_layout&quot;:&quot;grid&quot;,&quot;columns_tablet&quot;:2,&quot;columns_mobile&quot;:1,&quot;gap_tablet&quot;:{&quot;unit&quot;:&quot;px&quot;,&quot;size&quot;:10,&quot;sizes&quot;:[]},&quot;gap_mobile&quot;:{&quot;unit&quot;:&quot;px&quot;,&quot;size&quot;:10,&quot;sizes&quot;:[]},&quot;link_to&quot;:&quot;file&quot;,&quot;aspect_ratio&quot;:&quot;3:2&quot;,&quot;content_hover_animation&quot;:&quot;fade-in&quot;}\" data-widget_type=\"gallery.default\">\n\t\t\t\t<div class=\"elementor-widget-container\">\n\t\t\t\t\t\t\t<div class=\"elementor-gallery__container\">\n\t\t\t\t\t\t\t<a class=\"e-gallery-item elementor-gallery-item elementor-animated-content\" href=\"https:\/\/hotelcathedral.be\/wp-content\/uploads\/2020\/08\/kamer-met-zithoek-k9-uit-hoogte-1.jpg\" data-elementor-open-lightbox=\"yes\" data-elementor-lightbox-slideshow=\"2c9a4ee\" data-elementor-lightbox-title=\"kamer met zithoek k9 uit hoogte\" data-e-action-hash=\"#elementor-action%3Aaction%3Dlightbox%26settings%3DeyJpZCI6MTY5NCwidXJsIjoiaHR0cHM6XC9cL2hvdGVsY2F0aGVkcmFsLmJlXC93cC1jb250ZW50XC91cGxvYWRzXC8yMDIwXC8wOFwva2FtZXItbWV0LXppdGhvZWstazktdWl0LWhvb2d0ZS0xLmpwZyIsInNsaWRlc2hvdyI6IjJjOWE0ZWUifQ%3D%3D\">\n\t\t\t\t\t<div class=\"e-gallery-image elementor-gallery-item__image\" data-thumbnail=\"https:\/\/hotelcathedral.be\/wp-content\/uploads\/2020\/08\/kamer-met-zithoek-k9-uit-hoogte-1-768x276.jpg\" data-width=\"768\" data-height=\"276\" aria-label=\"\" role=\"img\" ><\/div>\n\t\t\t\t\t\t\t\t\t\t\t\t\t\t<\/a>\n\t\t\t\t\t\t\t<a class=\"e-gallery-item elementor-gallery-item elementor-animated-content\" href=\"https:\/\/hotelcathedral.be\/wp-content\/uploads\/2020\/08\/kamer-met-zithoek-K1-zicht-op-kamer-1.jpg\" data-elementor-open-lightbox=\"yes\" data-elementor-lightbox-slideshow=\"2c9a4ee\" data-elementor-lightbox-title=\"kamer met zithoek K1 zicht op kamer\" data-e-action-hash=\"#elementor-action%3Aaction%3Dlightbox%26settings%3DeyJpZCI6MTY5MSwidXJsIjoiaHR0cHM6XC9cL2hvdGVsY2F0aGVkcmFsLmJlXC93cC1jb250ZW50XC91cGxvYWRzXC8yMDIwXC8wOFwva2FtZXItbWV0LXppdGhvZWstSzEtemljaHQtb3Ata2FtZXItMS5qcGciLCJzbGlkZXNob3ciOiIyYzlhNGVlIn0%3D\">\n\t\t\t\t\t<div class=\"e-gallery-image elementor-gallery-item__image\" data-thumbnail=\"https:\/\/hotelcathedral.be\/wp-content\/uploads\/2020\/08\/kamer-met-zithoek-K1-zicht-op-kamer-1-768x292.jpg\" data-width=\"768\" data-height=\"292\" aria-label=\"\" role=\"img\" ><\/div>\n\t\t\t\t\t\t\t\t\t\t\t\t\t\t<\/a>\n\t\t\t\t\t\t\t<a class=\"e-gallery-item elementor-gallery-item elementor-animated-content\" href=\"https:\/\/hotelcathedral.be\/wp-content\/uploads\/2020\/08\/kamer-met-zithoek-K9-zicht-op-kamer-1.jpg\" data-elementor-open-lightbox=\"yes\" data-elementor-lightbox-slideshow=\"2c9a4ee\" data-elementor-lightbox-title=\"kamer met zithoek K9 zicht op kamer\" data-e-action-hash=\"#elementor-action%3Aaction%3Dlightbox%26settings%3DeyJpZCI6MTY5NiwidXJsIjoiaHR0cHM6XC9cL2hvdGVsY2F0aGVkcmFsLmJlXC93cC1jb250ZW50XC91cGxvYWRzXC8yMDIwXC8wOFwva2FtZXItbWV0LXppdGhvZWstSzktemljaHQtb3Ata2FtZXItMS5qcGciLCJzbGlkZXNob3ciOiIyYzlhNGVlIn0%3D\">\n\t\t\t\t\t<div class=\"e-gallery-image elementor-gallery-item__image\" data-thumbnail=\"https:\/\/hotelcathedral.be\/wp-content\/uploads\/2020\/08\/kamer-met-zithoek-K9-zicht-op-kamer-1-768x290.jpg\" data-width=\"768\" data-height=\"290\" aria-label=\"\" role=\"img\" ><\/div>\n\t\t\t\t\t\t\t\t\t\t\t\t\t\t<\/a>\n\t\t\t\t\t\t\t<a class=\"e-gallery-item elementor-gallery-item elementor-animated-content\" href=\"https:\/\/hotelcathedral.be\/wp-content\/uploads\/2020\/08\/kamer-met-zithoek-K1-zicht-op-kast-1.jpg\" data-elementor-open-lightbox=\"yes\" data-elementor-lightbox-slideshow=\"2c9a4ee\" data-elementor-lightbox-title=\"kamer met zithoek K1 zicht op kast\" data-e-action-hash=\"#elementor-action%3Aaction%3Dlightbox%26settings%3DeyJpZCI6MTY5MiwidXJsIjoiaHR0cHM6XC9cL2hvdGVsY2F0aGVkcmFsLmJlXC93cC1jb250ZW50XC91cGxvYWRzXC8yMDIwXC8wOFwva2FtZXItbWV0LXppdGhvZWstSzEtemljaHQtb3Ata2FzdC0xLmpwZyIsInNsaWRlc2hvdyI6IjJjOWE0ZWUifQ%3D%3D\">\n\t\t\t\t\t<div class=\"e-gallery-image elementor-gallery-item__image\" data-thumbnail=\"https:\/\/hotelcathedral.be\/wp-content\/uploads\/2020\/08\/kamer-met-zithoek-K1-zicht-op-kast-1-768x512.jpg\" data-width=\"768\" data-height=\"512\" aria-label=\"\" role=\"img\" ><\/div>\n\t\t\t\t\t\t\t\t\t\t\t\t\t\t<\/a>\n\t\t\t\t\t\t\t<a class=\"e-gallery-item elementor-gallery-item elementor-animated-content\" href=\"https:\/\/hotelcathedral.be\/wp-content\/uploads\/2020\/08\/kamer-met-zithoek-K1-zicht-op-koffiezet-1.jpg\" data-elementor-open-lightbox=\"yes\" data-elementor-lightbox-slideshow=\"2c9a4ee\" data-elementor-lightbox-title=\"kamer met zithoek K1 zicht op koffiezet\" data-e-action-hash=\"#elementor-action%3Aaction%3Dlightbox%26settings%3DeyJpZCI6MTY5MywidXJsIjoiaHR0cHM6XC9cL2hvdGVsY2F0aGVkcmFsLmJlXC93cC1jb250ZW50XC91cGxvYWRzXC8yMDIwXC8wOFwva2FtZXItbWV0LXppdGhvZWstSzEtemljaHQtb3Ata29mZmllemV0LTEuanBnIiwic2xpZGVzaG93IjoiMmM5YTRlZSJ9\">\n\t\t\t\t\t<div class=\"e-gallery-image elementor-gallery-item__image\" data-thumbnail=\"https:\/\/hotelcathedral.be\/wp-content\/uploads\/2020\/08\/kamer-met-zithoek-K1-zicht-op-koffiezet-1-768x512.jpg\" data-width=\"768\" data-height=\"512\" aria-label=\"\" role=\"img\" ><\/div>\n\t\t\t\t\t\t\t\t\t\t\t\t\t\t<\/a>\n\t\t\t\t\t\t\t<a class=\"e-gallery-item elementor-gallery-item elementor-animated-content\" href=\"https:\/\/hotelcathedral.be\/wp-content\/uploads\/2020\/08\/kamer-met-zithoek-K9-zicht-op-badkamer-1.jpg\" data-elementor-open-lightbox=\"yes\" data-elementor-lightbox-slideshow=\"2c9a4ee\" data-elementor-lightbox-title=\"kamer met zithoek K9 zicht op badkamer\" data-e-action-hash=\"#elementor-action%3Aaction%3Dlightbox%26settings%3DeyJpZCI6MTY5NSwidXJsIjoiaHR0cHM6XC9cL2hvdGVsY2F0aGVkcmFsLmJlXC93cC1jb250ZW50XC91cGxvYWRzXC8yMDIwXC8wOFwva2FtZXItbWV0LXppdGhvZWstSzktemljaHQtb3AtYmFka2FtZXItMS5qcGciLCJzbGlkZXNob3ciOiIyYzlhNGVlIn0%3D\">\n\t\t\t\t\t<div class=\"e-gallery-image elementor-gallery-item__image\" data-thumbnail=\"https:\/\/hotelcathedral.be\/wp-content\/uploads\/2020\/08\/kamer-met-zithoek-K9-zicht-op-badkamer-1-768x569.jpg\" data-width=\"768\" data-height=\"569\" aria-label=\"\" role=\"img\" ><\/div>\n\t\t\t\t\t\t\t\t\t\t\t\t\t\t<\/a>\n\t\t\t\t\t<\/div>\n\t\t\t\t\t<\/div>\n\t\t\t\t<\/div>\n\t\t\t\t\t<\/div>\n\t\t<\/div>\n\t\t\t\t\t<\/div>\n\t\t<\/section>\n\t\t\t\t<section class=\"elementor-section elementor-top-section elementor-element elementor-element-b636887 elementor-section-boxed elementor-section-height-default elementor-section-height-default\" data-id=\"b636887\" data-element_type=\"section\" data-e-type=\"section\" data-settings=\"{&quot;animation&quot;:&quot;none&quot;,&quot;background_background&quot;:&quot;classic&quot;}\">\n\t\t\t\t\t\t<div class=\"elementor-container elementor-column-gap-wide\">\n\t\t\t\t\t<div class=\"elementor-column elementor-col-100 elementor-top-column elementor-element elementor-element-b9d7a1c\" data-id=\"b9d7a1c\" data-element_type=\"column\" data-e-type=\"column\">\n\t\t\t<div class=\"elementor-widget-wrap elementor-element-populated\">\n\t\t\t\t\t\t<div class=\"elementor-element elementor-element-f47e23f elementor-widget elementor-widget-heading\" data-id=\"f47e23f\" data-element_type=\"widget\" data-e-type=\"widget\" data-widget_type=\"heading.default\">\n\t\t\t\t<div class=\"elementor-widget-container\">\n\t\t\t\t\t<h2 class=\"elementor-heading-title elementor-size-default\">Descubra el hotel<\/h2>\t\t\t\t<\/div>\n\t\t\t\t<\/div>\n\t\t\t\t<div class=\"elementor-element elementor-element-71b8067 elementor-invisible elementor-widget elementor-widget-gallery\" data-id=\"71b8067\" data-element_type=\"widget\" data-e-type=\"widget\" data-settings=\"{&quot;gap&quot;:{&quot;unit&quot;:&quot;px&quot;,&quot;size&quot;:14,&quot;sizes&quot;:[]},&quot;_animation&quot;:&quot;fadeIn&quot;,&quot;ideal_row_height&quot;:{&quot;unit&quot;:&quot;px&quot;,&quot;size&quot;:220,&quot;sizes&quot;:[]},&quot;gallery_layout&quot;:&quot;justified&quot;,&quot;ideal_row_height_tablet&quot;:{&quot;unit&quot;:&quot;px&quot;,&quot;size&quot;:220,&quot;sizes&quot;:[]},&quot;ideal_row_height_mobile&quot;:{&quot;unit&quot;:&quot;px&quot;,&quot;size&quot;:220,&quot;sizes&quot;:[]},&quot;lazyload&quot;:&quot;yes&quot;,&quot;gap_tablet&quot;:{&quot;unit&quot;:&quot;px&quot;,&quot;size&quot;:10,&quot;sizes&quot;:[]},&quot;gap_mobile&quot;:{&quot;unit&quot;:&quot;px&quot;,&quot;size&quot;:10,&quot;sizes&quot;:[]},&quot;link_to&quot;:&quot;file&quot;,&quot;content_hover_animation&quot;:&quot;fade-in&quot;}\" data-widget_type=\"gallery.default\">\n\t\t\t\t<div class=\"elementor-widget-container\">\n\t\t\t\t\t\t\t<div class=\"elementor-gallery__container\">\n\t\t\t\t\t\t\t<a class=\"e-gallery-item elementor-gallery-item elementor-animated-content\" href=\"https:\/\/hotelcathedral.be\/wp-content\/uploads\/2020\/08\/receptie-vooraanzicht-bar.jpg\" data-elementor-open-lightbox=\"yes\" data-elementor-lightbox-slideshow=\"71b8067\" data-elementor-lightbox-title=\"receptie vooraanzicht bar\" data-e-action-hash=\"#elementor-action%3Aaction%3Dlightbox%26settings%3DeyJpZCI6MTU3OSwidXJsIjoiaHR0cHM6XC9cL2hvdGVsY2F0aGVkcmFsLmJlXC93cC1jb250ZW50XC91cGxvYWRzXC8yMDIwXC8wOFwvcmVjZXB0aWUtdm9vcmFhbnppY2h0LWJhci5qcGciLCJzbGlkZXNob3ciOiI3MWI4MDY3In0%3D\">\n\t\t\t\t\t<div class=\"e-gallery-image elementor-gallery-item__image\" data-thumbnail=\"https:\/\/hotelcathedral.be\/wp-content\/uploads\/2020\/08\/receptie-vooraanzicht-bar-768x398.jpg\" data-width=\"768\" data-height=\"398\" aria-label=\"\" role=\"img\" ><\/div>\n\t\t\t\t\t\t\t\t\t\t\t\t\t\t<\/a>\n\t\t\t\t\t\t\t<a class=\"e-gallery-item elementor-gallery-item elementor-animated-content\" href=\"https:\/\/hotelcathedral.be\/wp-content\/uploads\/2020\/08\/an-aan-receptie-1.jpg\" data-elementor-open-lightbox=\"yes\" data-elementor-lightbox-slideshow=\"71b8067\" data-elementor-lightbox-title=\"an aan receptie\" data-e-action-hash=\"#elementor-action%3Aaction%3Dlightbox%26settings%3DeyJpZCI6MTc0NiwidXJsIjoiaHR0cHM6XC9cL2hvdGVsY2F0aGVkcmFsLmJlXC93cC1jb250ZW50XC91cGxvYWRzXC8yMDIwXC8wOFwvYW4tYWFuLXJlY2VwdGllLTEuanBnIiwic2xpZGVzaG93IjoiNzFiODA2NyJ9\">\n\t\t\t\t\t<div class=\"e-gallery-image elementor-gallery-item__image\" data-thumbnail=\"https:\/\/hotelcathedral.be\/wp-content\/uploads\/2020\/08\/an-aan-receptie-1-768x512.jpg\" data-width=\"768\" data-height=\"512\" aria-label=\"\" role=\"img\" ><\/div>\n\t\t\t\t\t\t\t\t\t\t\t\t\t\t<\/a>\n\t\t\t\t\t\t\t<a class=\"e-gallery-item elementor-gallery-item elementor-animated-content\" href=\"https:\/\/hotelcathedral.be\/wp-content\/uploads\/2020\/08\/receptie-ontbijtzaal-1.jpg\" data-elementor-open-lightbox=\"yes\" data-elementor-lightbox-slideshow=\"71b8067\" data-elementor-lightbox-title=\"receptie ontbijtzaal\" data-e-action-hash=\"#elementor-action%3Aaction%3Dlightbox%26settings%3DeyJpZCI6MTc1NiwidXJsIjoiaHR0cHM6XC9cL2hvdGVsY2F0aGVkcmFsLmJlXC93cC1jb250ZW50XC91cGxvYWRzXC8yMDIwXC8wOFwvcmVjZXB0aWUtb250YmlqdHphYWwtMS5qcGciLCJzbGlkZXNob3ciOiI3MWI4MDY3In0%3D\">\n\t\t\t\t\t<div class=\"e-gallery-image elementor-gallery-item__image\" data-thumbnail=\"https:\/\/hotelcathedral.be\/wp-content\/uploads\/2020\/08\/receptie-ontbijtzaal-1-768x380.jpg\" data-width=\"768\" data-height=\"380\" aria-label=\"\" role=\"img\" ><\/div>\n\t\t\t\t\t\t\t\t\t\t\t\t\t\t<\/a>\n\t\t\t\t\t\t\t<a class=\"e-gallery-item elementor-gallery-item elementor-animated-content\" href=\"https:\/\/hotelcathedral.be\/wp-content\/uploads\/2020\/08\/ontbijt-buffet-met-broodmandjes.jpg\" data-elementor-open-lightbox=\"yes\" data-elementor-lightbox-slideshow=\"71b8067\" data-elementor-lightbox-title=\"ontbijt buffet met broodmandjes\" data-e-action-hash=\"#elementor-action%3Aaction%3Dlightbox%26settings%3DeyJpZCI6MTYwMCwidXJsIjoiaHR0cHM6XC9cL2hvdGVsY2F0aGVkcmFsLmJlXC93cC1jb250ZW50XC91cGxvYWRzXC8yMDIwXC8wOFwvb250YmlqdC1idWZmZXQtbWV0LWJyb29kbWFuZGplcy5qcGciLCJzbGlkZXNob3ciOiI3MWI4MDY3In0%3D\">\n\t\t\t\t\t<div class=\"e-gallery-image elementor-gallery-item__image\" data-thumbnail=\"https:\/\/hotelcathedral.be\/wp-content\/uploads\/2020\/08\/ontbijt-buffet-met-broodmandjes-768x512.jpg\" data-width=\"768\" data-height=\"512\" aria-label=\"\" role=\"img\" ><\/div>\n\t\t\t\t\t\t\t\t\t\t\t\t\t\t<\/a>\n\t\t\t\t\t\t\t<a class=\"e-gallery-item elementor-gallery-item elementor-animated-content\" href=\"https:\/\/hotelcathedral.be\/wp-content\/uploads\/2020\/08\/kamer-met-zithoek-K1-zicht-op-bed.jpg\" data-elementor-open-lightbox=\"yes\" data-elementor-lightbox-slideshow=\"71b8067\" data-elementor-lightbox-title=\"kamer met zithoek K1 zicht op bed\" data-e-action-hash=\"#elementor-action%3Aaction%3Dlightbox%26settings%3DeyJpZCI6MTczMCwidXJsIjoiaHR0cHM6XC9cL2hvdGVsY2F0aGVkcmFsLmJlXC93cC1jb250ZW50XC91cGxvYWRzXC8yMDIwXC8wOFwva2FtZXItbWV0LXppdGhvZWstSzEtemljaHQtb3AtYmVkLmpwZyIsInNsaWRlc2hvdyI6IjcxYjgwNjcifQ%3D%3D\">\n\t\t\t\t\t<div class=\"e-gallery-image elementor-gallery-item__image\" data-thumbnail=\"https:\/\/hotelcathedral.be\/wp-content\/uploads\/2020\/08\/kamer-met-zithoek-K1-zicht-op-bed-768x512.jpg\" data-width=\"768\" data-height=\"512\" aria-label=\"\" role=\"img\" ><\/div>\n\t\t\t\t\t\t\t\t\t\t\t\t\t\t<\/a>\n\t\t\t\t\t\t\t<a class=\"e-gallery-item elementor-gallery-item elementor-animated-content\" href=\"https:\/\/hotelcathedral.be\/wp-content\/uploads\/2020\/08\/ontbijt-buffet.jpg\" data-elementor-open-lightbox=\"yes\" data-elementor-lightbox-slideshow=\"71b8067\" data-elementor-lightbox-title=\"ontbijt-buffet\" data-e-action-hash=\"#elementor-action%3Aaction%3Dlightbox%26settings%3DeyJpZCI6MTYwMSwidXJsIjoiaHR0cHM6XC9cL2hvdGVsY2F0aGVkcmFsLmJlXC93cC1jb250ZW50XC91cGxvYWRzXC8yMDIwXC8wOFwvb250YmlqdC1idWZmZXQuanBnIiwic2xpZGVzaG93IjoiNzFiODA2NyJ9\">\n\t\t\t\t\t<div class=\"e-gallery-image elementor-gallery-item__image\" data-thumbnail=\"https:\/\/hotelcathedral.be\/wp-content\/uploads\/2020\/08\/ontbijt-buffet-768x512.jpg\" data-width=\"768\" data-height=\"512\" aria-label=\"\" role=\"img\" ><\/div>\n\t\t\t\t\t\t\t\t\t\t\t\t\t\t<\/a>\n\t\t\t\t\t<\/div>\n\t\t\t\t\t<\/div>\n\t\t\t\t<\/div>\n\t\t\t\t<div class=\"elementor-element elementor-element-ca5c549 elementor-align-center elementor-widget elementor-widget-button\" data-id=\"ca5c549\" data-element_type=\"widget\" data-e-type=\"widget\" data-widget_type=\"button.default\">\n\t\t\t\t<div class=\"elementor-widget-container\">\n\t\t\t\t\t\t\t\t\t<div class=\"elementor-button-wrapper\">\n\t\t\t\t\t<a class=\"elementor-button elementor-button-link elementor-size-sm\" href=\"https:\/\/hotelcathedral.be\/es\/fotogalerij\/\">\n\t\t\t\t\t\t<span class=\"elementor-button-content-wrapper\">\n\t\t\t\t\t\t\t\t\t<span class=\"elementor-button-text\">Galer\u00eda de fotos \u2192<\/span>\n\t\t\t\t\t<\/span>\n\t\t\t\t\t<\/a>\n\t\t\t\t<\/div>\n\t\t\t\t\t\t\t\t<\/div>\n\t\t\t\t<\/div>\n\t\t\t\t\t<\/div>\n\t\t<\/div>\n\t\t\t\t\t<\/div>\n\t\t<\/section>\n\t\t\t\t<\/div>","protected":false},"excerpt":{"rendered":"<p>Driepersoonskamer Vanaf \u20ac 170, ontbijt inbegrepen De kamer is ingericht met een private badkamer met douche, haardroger, wastafel en toilet, flatscreen TV met Belgische en buitenlandse kanalen, bureel, zithoek met 2 zitplaatsen, koffiezetapparaat, waterkoker en airco. Deze ruime kamer bevindt zich op de eerste verdieping, de kamer is enkel met een trap bereikbaar. Ontdek het [&hellip;]<\/p>\n","protected":false},"author":1,"featured_media":0,"parent":0,"menu_order":0,"comment_status":"closed","ping_status":"closed","template":"elementor_header_footer","meta":{"footnotes":""},"class_list":["post-1620","page","type-page","status-publish","hentry"],"_links":{"self":[{"href":"https:\/\/hotelcathedral.be\/es\/wp-json\/wp\/v2\/pages\/1620","targetHints":{"allow":["GET"]}}],"collection":[{"href":"https:\/\/hotelcathedral.be\/es\/wp-json\/wp\/v2\/pages"}],"about":[{"href":"https:\/\/hotelcathedral.be\/es\/wp-json\/wp\/v2\/types\/page"}],"author":[{"embeddable":true,"href":"https:\/\/hotelcathedral.be\/es\/wp-json\/wp\/v2\/users\/1"}],"replies":[{"embeddable":true,"href":"https:\/\/hotelcathedral.be\/es\/wp-json\/wp\/v2\/comments?post=1620"}],"version-history":[{"count":0,"href":"https:\/\/hotelcathedral.be\/es\/wp-json\/wp\/v2\/pages\/1620\/revisions"}],"wp:attachment":[{"href":"https:\/\/hotelcathedral.be\/es\/wp-json\/wp\/v2\/media?parent=1620"}],"curies":[{"name":"gracias","href":"https:\/\/api.w.org\/{rel}","templated":true}]}}