{"id":16,"date":"2020-05-14T19:14:10","date_gmt":"2020-05-14T19:14:10","guid":{"rendered":"http:\/\/schrijnwerkerij.galia.be\/?page_id=16"},"modified":"2020-07-26T20:17:11","modified_gmt":"2020-07-26T20:17:11","slug":"promoties","status":"publish","type":"page","link":"https:\/\/hotelcathedral.be\/es\/promoties\/","title":{"rendered":"Promociones"},"content":{"rendered":"<div data-elementor-type=\"wp-page\" data-elementor-id=\"16\" class=\"elementor elementor-16\" data-elementor-post-type=\"page\">\n\t\t\t\t\t\t<section class=\"elementor-section elementor-top-section elementor-element elementor-element-2da2c02 elementor-section-full_width elementor-section-content-bottom elementor-section-height-default elementor-section-height-default\" data-id=\"2da2c02\" data-element_type=\"section\" data-e-type=\"section\">\n\t\t\t\t\t\t<div class=\"elementor-container elementor-column-gap-no\">\n\t\t\t\t\t<div class=\"elementor-column elementor-col-100 elementor-top-column elementor-element elementor-element-1a42f1a\" data-id=\"1a42f1a\" data-element_type=\"column\" data-e-type=\"column\">\n\t\t\t<div class=\"elementor-widget-wrap elementor-element-populated\">\n\t\t\t\t\t\t<div class=\"elementor-element elementor-element-399096a elementor--h-position-center elementor--v-position-middle elementor-widget elementor-widget-slides\" data-id=\"399096a\" data-element_type=\"widget\" data-e-type=\"widget\" data-settings=\"{&quot;navigation&quot;:&quot;none&quot;,&quot;transition&quot;:&quot;fade&quot;,&quot;transition_speed&quot;:500}\" data-widget_type=\"slides.default\">\n\t\t\t\t<div class=\"elementor-widget-container\">\n\t\t\t\t\t\t\t\t\t<div class=\"elementor-swiper\">\n\t\t\t\t\t<div class=\"elementor-slides-wrapper elementor-main-swiper swiper\" role=\"region\" aria-roledescription=\"carousel\" aria-label=\"Diapositivas\" dir=\"ltr\" data-animation=\"\">\n\t\t\t\t<div class=\"swiper-wrapper elementor-slides\">\n\t\t\t\t\t\t\t\t\t\t<div class=\"elementor-repeater-item-9a7e4a5 swiper-slide\" role=\"group\" aria-roledescription=\"slide\"><div class=\"swiper-slide-bg\" role=\"img\" aria-label=\"AdobeStock_178255351 (2)\"><\/div><div class=\"elementor-background-overlay\"><\/div><div class=\"swiper-slide-inner\" ><div class=\"swiper-slide-contents\"><div class=\"elementor-slide-heading\">Promociones y<br\/>Preparativos<\/div><\/div><\/div><\/div>\t\t\t\t<\/div>\n\t\t\t\t\t\t\t<\/div>\n\t\t\t\t<\/div>\n\t\t\t\t\t\t\t\t<\/div>\n\t\t\t\t<\/div>\n\t\t\t\t\t<\/div>\n\t\t<\/div>\n\t\t\t\t\t<\/div>\n\t\t<\/section>\n\t\t\t\t<section class=\"elementor-section elementor-top-section elementor-element elementor-element-aaa4d99 elementor-section-boxed elementor-section-height-default elementor-section-height-default\" data-id=\"aaa4d99\" data-element_type=\"section\" data-e-type=\"section\" data-settings=\"{&quot;background_background&quot;:&quot;classic&quot;}\">\n\t\t\t\t\t\t<div class=\"elementor-container elementor-column-gap-wide\">\n\t\t\t\t\t<div class=\"elementor-column elementor-col-100 elementor-top-column elementor-element elementor-element-633f83d\" data-id=\"633f83d\" data-element_type=\"column\" data-e-type=\"column\">\n\t\t\t<div class=\"elementor-widget-wrap elementor-element-populated\">\n\t\t\t\t\t\t<div class=\"elementor-element elementor-element-6378bf5 elementor-widget elementor-widget-uael-posts\" data-id=\"6378bf5\" data-element_type=\"widget\" data-e-type=\"widget\" data-settings=\"{&quot;feed_slides_to_show_tablet&quot;:2,&quot;feed_slides_to_show_mobile&quot;:1,&quot;feed_show_filters&quot;:&quot;no&quot;}\" data-widget_type=\"uael-posts.feed\">\n\t\t\t\t<div class=\"elementor-widget-container\">\n\t\t\t\t\t\t\t<div class=\"uael-post__header\">\n\t\t\t\t\t<\/div>\n\t\t<div class=\"uael-post__body\">\n\t\t\t\n\t\t\n\t\t<div class=\"uael-post-grid uael-posts\" data-query-type=\"custom\" data-structure=\"\" data-layout=\"\" data-page=\"16\" data-skin=\"feed\" data-filter-default=\"\" data-offset-top=\"30\" >\n\n\t\t\t\t\t\t\t<div class=\"uael-post-grid__inner uael-post__columns-1 uael-post__columns-tablet-1 uael-post__columns-mobile-1\">\n\t\t\t\n\n<div class=\"uael-post-wrapper  export promoties\">\n\n\t<div class=\"uael-post__bg-wrap\">\n\t\t\n\t\t\n\t\t<div class=\"uael-post__inner-wrap\">\n\n\t\t\t\t<div class=\"uael-post__thumbnail\">\n\t\t\t\n\t\t\t<a href=\"https:\/\/hotelcathedral.be\/es\/promoties\/fietsarrangement-superdeal-nu-aan-109-e-ontbijt-inbegrepen\/\" target=\"_self\" title=\"Paquete ciclismo: Super oferta desde 139\u20ac, desayuno incluido\"><img fetchpriority=\"high\" decoding=\"async\" width=\"768\" height=\"513\" src=\"https:\/\/hotelcathedral.be\/wp-content\/uploads\/2020\/10\/CityCyclingGent-390-43-768x513.jpg\" class=\"attachment-medium_large size-medium_large wp-image-1934\" alt=\"\" srcset=\"https:\/\/hotelcathedral.be\/wp-content\/uploads\/2020\/10\/CityCyclingGent-390-43-768x513.jpg 768w, https:\/\/hotelcathedral.be\/wp-content\/uploads\/2020\/10\/CityCyclingGent-390-43-300x200.jpg 300w, https:\/\/hotelcathedral.be\/wp-content\/uploads\/2020\/10\/CityCyclingGent-390-43-1024x684.jpg 1024w, https:\/\/hotelcathedral.be\/wp-content\/uploads\/2020\/10\/CityCyclingGent-390-43-1536x1025.jpg 1536w, https:\/\/hotelcathedral.be\/wp-content\/uploads\/2020\/10\/CityCyclingGent-390-43.jpg 1618w\" sizes=\"(max-width: 768px) 100vw, 768px\" \/><\/a>\n\t\t\t\t\t<\/div>\n\t\t\n\t\t\t\n\t\t\t<div class=\"uael-post__content-wrap\">\n\n\t\t\t\t\t<h3 class=\"uael-post__title\">\n\n\t\t\n\t\t\t\t\t\t<a href=\"https:\/\/hotelcathedral.be\/es\/promoties\/fietsarrangement-superdeal-nu-aan-109-e-ontbijt-inbegrepen\/\" target=\"_self\">\n\t\t\t\tPaquete ciclismo: Super oferta desde 139\u20ac, desayuno incluido\t\t\t<\/a>\n\n\t\t\t\t<\/h3>\n\t\t<div class=\"uael-post__separator\"><\/div>\n\t\t<div class=\"uael-post__excerpt\">\n\t\t\tAl reservar este paquete, est\u00e1 incluido: Estancia en habitaci\u00f3n est\u00e1ndar. Bicicleta gratis por 1 d\u00eda. La bicicleta est\u00e1 disponible desde las 11:00 horas del d\u00eda de llegada hasta las 11:00 horas del d\u00eda siguiente. Mapa de bicicletas gratuito de Gante. 2 botellas de agua gratis en la habitaci\u00f3n. Con el billete de bicicleta podr\u00e1s recorrer Gante en bicicleta...\t\t<\/div>\n\n\t\t\t\t\t<a class=\"uael-post__read-more elementor-button\" href=\"https:\/\/hotelcathedral.be\/es\/promoties\/fietsarrangement-superdeal-nu-aan-109-e-ontbijt-inbegrepen\/\" target=\"_self\" aria-labelledby=\"uael-post-1922\">\n\t\t\t\t\t<span class=\"elementor-button-content-wrapper\">\n\t\t\t\t\t\t\t\t\t\t\t\t\t\t<span class=\"elementor-button-icon elementor-align-icon-left\">\n\n\t\t\t\t\t\t\t\t\t\n\t\t\t\t\t\t\t\t<\/span>\n\t\t\t\t\t\t\t\t\t\t\t\t\t\n\t\t\t\t\t\t<span class=\"elementor-button-text\" id=\"uael-post-1922\">M\u00e1s info \u2192<\/span>\n\t\t\t\t\t<\/span>\n\t\t\t\t<\/a>\n\t\t\t\t\t\t<\/div>\n\t\t\t\n\t\t<\/div>\n\t\t\n\t<\/div>\n\n<\/div>\n\n\n<div class=\"uael-post-wrapper  homepagina promoties\">\n\n\t<div class=\"uael-post__bg-wrap\">\n\t\t\n\t\t\n\t\t<div class=\"uael-post__inner-wrap\">\n\n\t\t\t\t<div class=\"uael-post__thumbnail\">\n\t\t\t\n\t\t\t<a href=\"https:\/\/hotelcathedral.be\/es\/promoties\/romantisch-verblijf-159e\/\" target=\"_self\" title=\"Paquete rom\u00e1ntico\"><img decoding=\"async\" width=\"640\" height=\"400\" src=\"https:\/\/hotelcathedral.be\/wp-content\/uploads\/2020\/07\/Valentijn-romantisch-arrangement.png\" class=\"attachment-medium_large size-medium_large wp-image-1105\" alt=\"\" srcset=\"https:\/\/hotelcathedral.be\/wp-content\/uploads\/2020\/07\/Valentijn-romantisch-arrangement.png 640w, https:\/\/hotelcathedral.be\/wp-content\/uploads\/2020\/07\/Valentijn-romantisch-arrangement-300x188.png 300w\" sizes=\"(max-width: 640px) 100vw, 640px\" \/><\/a>\n\t\t\t\t\t<\/div>\n\t\t\n\t\t\t\n\t\t\t<div class=\"uael-post__content-wrap\">\n\n\t\t\t\t\t<h3 class=\"uael-post__title\">\n\n\t\t\n\t\t\t\t\t\t<a href=\"https:\/\/hotelcathedral.be\/es\/promoties\/romantisch-verblijf-159e\/\" target=\"_self\">\n\t\t\t\tPaquete rom\u00e1ntico\t\t\t<\/a>\n\n\t\t\t\t<\/h3>\n\t\t<div class=\"uael-post__separator\"><\/div>\n\t\t<div class=\"uael-post__excerpt\">\n\t\t\tOferta incre\u00edble desde 139\u20ac Disfruta de una estancia rom\u00e1ntica en Gante con tu pareja. Viva la experiencia de Gante y pase la noche con su pareja en el Hotel Cathedral, cerca del centro hist\u00f3rico de Gante. Pasar\u00e1s la noche en una habitaci\u00f3n confort, equipada con WiFi, TV de pantalla plana y ba\u00f1o privado. Despu\u00e9s de realizar el check-in podr\u00e1s...\t\t<\/div>\n\n\t\t\t\t\t<a class=\"uael-post__read-more elementor-button\" href=\"https:\/\/hotelcathedral.be\/es\/promoties\/romantisch-verblijf-159e\/\" target=\"_self\" aria-labelledby=\"uael-post-1096\">\n\t\t\t\t\t<span class=\"elementor-button-content-wrapper\">\n\t\t\t\t\t\t\t\t\t\t\t\t\t\t<span class=\"elementor-button-icon elementor-align-icon-left\">\n\n\t\t\t\t\t\t\t\t\t\n\t\t\t\t\t\t\t\t<\/span>\n\t\t\t\t\t\t\t\t\t\t\t\t\t\n\t\t\t\t\t\t<span class=\"elementor-button-text\" id=\"uael-post-1096\">M\u00e1s info \u2192<\/span>\n\t\t\t\t\t<\/span>\n\t\t\t\t<\/a>\n\t\t\t\t\t\t<\/div>\n\t\t\t\n\t\t<\/div>\n\t\t\n\t<\/div>\n\n<\/div>\n\n\n<div class=\"uael-post-wrapper  homepagina promoties\">\n\n\t<div class=\"uael-post__bg-wrap\">\n\t\t\n\t\t\n\t\t<div class=\"uael-post__inner-wrap\">\n\n\t\t\t\t<div class=\"uael-post__thumbnail\">\n\t\t\t\n\t\t\t<a href=\"https:\/\/hotelcathedral.be\/es\/promoties\/frietarrangement\/\" target=\"_self\" title=\"Promoci\u00f3n: pernoctaci\u00f3n y patatas fritas desde 129\u20ac\"><img decoding=\"async\" width=\"768\" height=\"685\" src=\"https:\/\/hotelcathedral.be\/wp-content\/uploads\/2020\/05\/filip-in-frituur-voor-op-website-768x685.jpg\" class=\"attachment-medium_large size-medium_large wp-image-860\" alt=\"\" srcset=\"https:\/\/hotelcathedral.be\/wp-content\/uploads\/2020\/05\/filip-in-frituur-voor-op-website-768x685.jpg 768w, https:\/\/hotelcathedral.be\/wp-content\/uploads\/2020\/05\/filip-in-frituur-voor-op-website-300x268.jpg 300w, https:\/\/hotelcathedral.be\/wp-content\/uploads\/2020\/05\/filip-in-frituur-voor-op-website-1024x914.jpg 1024w, https:\/\/hotelcathedral.be\/wp-content\/uploads\/2020\/05\/filip-in-frituur-voor-op-website-1536x1371.jpg 1536w, https:\/\/hotelcathedral.be\/wp-content\/uploads\/2020\/05\/filip-in-frituur-voor-op-website.jpg 1700w\" sizes=\"(max-width: 768px) 100vw, 768px\" \/><\/a>\n\t\t\t\t\t<\/div>\n\t\t\n\t\t\t\n\t\t\t<div class=\"uael-post__content-wrap\">\n\n\t\t\t\t\t<h3 class=\"uael-post__title\">\n\n\t\t\n\t\t\t\t\t\t<a href=\"https:\/\/hotelcathedral.be\/es\/promoties\/frietarrangement\/\" target=\"_self\">\n\t\t\t\tPromoci\u00f3n: pernoctaci\u00f3n y patatas fritas desde 129\u20ac\t\t\t<\/a>\n\n\t\t\t\t<\/h3>\n\t\t<div class=\"uael-post__separator\"><\/div>\n\t\t<div class=\"uael-post__excerpt\">\n\t\t\tNo debes perderte esta promoci\u00f3n si te gustan las deliciosas papas fritas Belviva. Nuestra oferta incluye: 1 noche en habitaci\u00f3n est\u00e1ndar con desayuno, un paquete de papas fritas de Filip con salsa y un trozo de carne a elecci\u00f3n por persona. Las mejores patatas fritas de Gante !!!\t\t<\/div>\n\n\t\t\t\t\t<a class=\"uael-post__read-more elementor-button\" href=\"https:\/\/hotelcathedral.be\/es\/promoties\/frietarrangement\/\" target=\"_self\" aria-labelledby=\"uael-post-877\">\n\t\t\t\t\t<span class=\"elementor-button-content-wrapper\">\n\t\t\t\t\t\t\t\t\t\t\t\t\t\t<span class=\"elementor-button-icon elementor-align-icon-left\">\n\n\t\t\t\t\t\t\t\t\t\n\t\t\t\t\t\t\t\t<\/span>\n\t\t\t\t\t\t\t\t\t\t\t\t\t\n\t\t\t\t\t\t<span class=\"elementor-button-text\" id=\"uael-post-877\">M\u00e1s info \u2192<\/span>\n\t\t\t\t\t<\/span>\n\t\t\t\t<\/a>\n\t\t\t\t\t\t<\/div>\n\t\t\t\n\t\t<\/div>\n\t\t\n\t<\/div>\n\n<\/div>\n\n\n<div class=\"uael-post-wrapper  arrangementen\">\n\n\t<div class=\"uael-post__bg-wrap\">\n\t\t\n\t\t\n\t\t<div class=\"uael-post__inner-wrap\">\n\n\t\t\t\t<div class=\"uael-post__thumbnail\">\n\t\t\t\n\t\t\t<a href=\"https:\/\/hotelcathedral.be\/es\/arrangementen\/gent-4-daags-arrangement\/\" target=\"_self\" title=\"Paquete Gante de 4 d\u00edas desde 450\u20ac\"><img loading=\"lazy\" decoding=\"async\" width=\"768\" height=\"377\" src=\"https:\/\/hotelcathedral.be\/wp-content\/uploads\/2020\/07\/gent-local-768x377.jpg\" class=\"attachment-medium_large size-medium_large wp-image-1168\" alt=\"\" srcset=\"https:\/\/hotelcathedral.be\/wp-content\/uploads\/2020\/07\/gent-local-768x377.jpg 768w, https:\/\/hotelcathedral.be\/wp-content\/uploads\/2020\/07\/gent-local-300x147.jpg 300w, https:\/\/hotelcathedral.be\/wp-content\/uploads\/2020\/07\/gent-local.jpg 794w\" sizes=\"(max-width: 768px) 100vw, 768px\" \/><\/a>\n\t\t\t\t\t<\/div>\n\t\t\n\t\t\t\n\t\t\t<div class=\"uael-post__content-wrap\">\n\n\t\t\t\t\t<h3 class=\"uael-post__title\">\n\n\t\t\n\t\t\t\t\t\t<a href=\"https:\/\/hotelcathedral.be\/es\/arrangementen\/gent-4-daags-arrangement\/\" target=\"_self\">\n\t\t\t\tPaquete Gante de 4 d\u00edas desde 450\u20ac\t\t\t<\/a>\n\n\t\t\t\t<\/h3>\n\t\t<div class=\"uael-post__separator\"><\/div>\n\t\t<div class=\"uael-post__excerpt\">\n\t\t\tEmpiece bien su estancia en Gante. Haga que su estancia en Gante sea totalmente suya. Con el paquete de 4 d\u00edas, visitar Gante es f\u00e1cil y claro. Recibir\u00e1s un pr\u00e1ctico mapa desplegable de la ciudad y toda la informaci\u00f3n sobre los beneficios de la CityCard. El paquete de 4 d\u00edas en Gante es una experiencia todo incluido en Gante. T\u00fa ...\t\t<\/div>\n\n\t\t\t\t\t<a class=\"uael-post__read-more elementor-button\" href=\"https:\/\/hotelcathedral.be\/es\/arrangementen\/gent-4-daags-arrangement\/\" target=\"_self\" aria-labelledby=\"uael-post-1167\">\n\t\t\t\t\t<span class=\"elementor-button-content-wrapper\">\n\t\t\t\t\t\t\t\t\t\t\t\t\t\t<span class=\"elementor-button-icon elementor-align-icon-left\">\n\n\t\t\t\t\t\t\t\t\t\n\t\t\t\t\t\t\t\t<\/span>\n\t\t\t\t\t\t\t\t\t\t\t\t\t\n\t\t\t\t\t\t<span class=\"elementor-button-text\" id=\"uael-post-1167\">M\u00e1s info \u2192<\/span>\n\t\t\t\t\t<\/span>\n\t\t\t\t<\/a>\n\t\t\t\t\t\t<\/div>\n\t\t\t\n\t\t<\/div>\n\t\t\n\t<\/div>\n\n<\/div>\n\n\n<div class=\"uael-post-wrapper  arrangementen\">\n\n\t<div class=\"uael-post__bg-wrap\">\n\t\t\n\t\t\n\t\t<div class=\"uael-post__inner-wrap\">\n\n\t\t\t\t<div class=\"uael-post__thumbnail\">\n\t\t\t\n\t\t\t<a href=\"https:\/\/hotelcathedral.be\/es\/arrangementen\/gent-cultuurarrangement-e189\/\" target=\"_self\" title=\"Paquete cultural Gante desde 249\u20ac\"><img loading=\"lazy\" decoding=\"async\" width=\"550\" height=\"413\" src=\"https:\/\/hotelcathedral.be\/wp-content\/uploads\/2020\/07\/incredible-views.jpg\" class=\"attachment-medium_large size-medium_large wp-image-1162\" alt=\"\" srcset=\"https:\/\/hotelcathedral.be\/wp-content\/uploads\/2020\/07\/incredible-views.jpg 550w, https:\/\/hotelcathedral.be\/wp-content\/uploads\/2020\/07\/incredible-views-300x225.jpg 300w\" sizes=\"(max-width: 550px) 100vw, 550px\" \/><\/a>\n\t\t\t\t\t<\/div>\n\t\t\n\t\t\t\n\t\t\t<div class=\"uael-post__content-wrap\">\n\n\t\t\t\t\t<h3 class=\"uael-post__title\">\n\n\t\t\n\t\t\t\t\t\t<a href=\"https:\/\/hotelcathedral.be\/es\/arrangementen\/gent-cultuurarrangement-e189\/\" target=\"_self\">\n\t\t\t\tPaquete cultural Gante desde 249\u20ac\t\t\t<\/a>\n\n\t\t\t\t<\/h3>\n\t\t<div class=\"uael-post__separator\"><\/div>\n\t\t<div class=\"uael-post__excerpt\">\n\t\t\t2 d\u00edas en Gante. \u00danico en Europa, sin palabras vac\u00edas. Experimente, saboree y sienta la vibrante Gante a un precio sorprendentemente asequible. El paquete cultural te da acceso a todas las principales atracciones de Gante, incluido el transporte p\u00fablico. En resumen, con este paquete podr\u00e1s cuidar tu billetera durante todo tu viaje por la ciudad. M\u00e1ximo caballero contra...\t\t<\/div>\n\n\t\t\t\t\t<a class=\"uael-post__read-more elementor-button\" href=\"https:\/\/hotelcathedral.be\/es\/arrangementen\/gent-cultuurarrangement-e189\/\" target=\"_self\" aria-labelledby=\"uael-post-1153\">\n\t\t\t\t\t<span class=\"elementor-button-content-wrapper\">\n\t\t\t\t\t\t\t\t\t\t\t\t\t\t<span class=\"elementor-button-icon elementor-align-icon-left\">\n\n\t\t\t\t\t\t\t\t\t\n\t\t\t\t\t\t\t\t<\/span>\n\t\t\t\t\t\t\t\t\t\t\t\t\t\n\t\t\t\t\t\t<span class=\"elementor-button-text\" id=\"uael-post-1153\">M\u00e1s info \u2192<\/span>\n\t\t\t\t\t<\/span>\n\t\t\t\t<\/a>\n\t\t\t\t\t\t<\/div>\n\t\t\t\n\t\t<\/div>\n\t\t\n\t<\/div>\n\n<\/div>\n\n\n<div class=\"uael-post-wrapper  arrangementen homepagina\">\n\n\t<div class=\"uael-post__bg-wrap\">\n\t\t\n\t\t\n\t\t<div class=\"uael-post__inner-wrap\">\n\n\t\t\t\t<div class=\"uael-post__thumbnail\">\n\t\t\t\n\t\t\t<a href=\"https:\/\/hotelcathedral.be\/es\/arrangementen\/winterfeesten-arrangement-129e\/\" target=\"_self\" title=\"Paquete Fiestas de Invierno del 8 de diciembre de 2023 al 22 de diciembre de 2023 desde 149\u20ac\"><img loading=\"lazy\" decoding=\"async\" width=\"768\" height=\"512\" src=\"https:\/\/hotelcathedral.be\/wp-content\/uploads\/2020\/07\/reuzenrad-768x512.jpg\" class=\"attachment-medium_large size-medium_large wp-image-1111\" alt=\"\" srcset=\"https:\/\/hotelcathedral.be\/wp-content\/uploads\/2020\/07\/reuzenrad-768x512.jpg 768w, https:\/\/hotelcathedral.be\/wp-content\/uploads\/2020\/07\/reuzenrad-300x200.jpg 300w, https:\/\/hotelcathedral.be\/wp-content\/uploads\/2020\/07\/reuzenrad-1024x683.jpg 1024w, https:\/\/hotelcathedral.be\/wp-content\/uploads\/2020\/07\/reuzenrad-1536x1024.jpg 1536w, https:\/\/hotelcathedral.be\/wp-content\/uploads\/2020\/07\/reuzenrad.jpg 1620w\" sizes=\"(max-width: 768px) 100vw, 768px\" \/><\/a>\n\t\t\t\t\t<\/div>\n\t\t\n\t\t\t\n\t\t\t<div class=\"uael-post__content-wrap\">\n\n\t\t\t\t\t<h3 class=\"uael-post__title\">\n\n\t\t\n\t\t\t\t\t\t<a href=\"https:\/\/hotelcathedral.be\/es\/arrangementen\/winterfeesten-arrangement-129e\/\" target=\"_self\">\n\t\t\t\tPaquete Fiestas de Invierno del 8 de diciembre de 2023 al 22 de diciembre de 2023 desde 149\u20ac\t\t\t<\/a>\n\n\t\t\t\t<\/h3>\n\t\t<div class=\"uael-post__separator\"><\/div>\n\t\t<div class=\"uael-post__excerpt\">\n\t\t\t\u00bfLas fiestas de invierno son s\u00f3lo para adultos? \u00a1Nada podr\u00eda estar m\u00e1s lejos de la verdad! Las Fiestas de Invierno de Gante ofrecen numerosas actividades para todos y entretenimiento para los m\u00e1s peque\u00f1os. D\u00e9jate llevar por una de las grandes bolas navide\u00f1as del Sapin Magique en movimiento o si\u00e9ntete como un gigante volando sobre la ciudad de Gante desde la noria...\t\t<\/div>\n\n\t\t\t\t\t<a class=\"uael-post__read-more elementor-button\" href=\"https:\/\/hotelcathedral.be\/es\/arrangementen\/winterfeesten-arrangement-129e\/\" target=\"_self\" aria-labelledby=\"uael-post-1110\">\n\t\t\t\t\t<span class=\"elementor-button-content-wrapper\">\n\t\t\t\t\t\t\t\t\t\t\t\t\t\t<span class=\"elementor-button-icon elementor-align-icon-left\">\n\n\t\t\t\t\t\t\t\t\t\n\t\t\t\t\t\t\t\t<\/span>\n\t\t\t\t\t\t\t\t\t\t\t\t\t\n\t\t\t\t\t\t<span class=\"elementor-button-text\" id=\"uael-post-1110\">M\u00e1s info \u2192<\/span>\n\t\t\t\t\t<\/span>\n\t\t\t\t<\/a>\n\t\t\t\t\t\t<\/div>\n\t\t\t\n\t\t<\/div>\n\t\t\n\t<\/div>\n\n<\/div>\n\n\n<div class=\"uael-post-wrapper  arrangementen\">\n\n\t<div class=\"uael-post__bg-wrap\">\n\t\t\n\t\t\n\t\t<div class=\"uael-post__inner-wrap\">\n\n\t\t\t\t<div class=\"uael-post__thumbnail\">\n\t\t\t\n\t\t\t<a href=\"https:\/\/hotelcathedral.be\/es\/arrangementen\/paasarrangement-189e\/\" target=\"_self\" title=\"Paquete Semana Santa desde 129\u20ac\"><img loading=\"lazy\" decoding=\"async\" width=\"470\" height=\"279\" src=\"https:\/\/hotelcathedral.be\/wp-content\/uploads\/2020\/07\/2014-04-16-vrolijk-pasen.png\" class=\"attachment-medium_large size-medium_large wp-image-1121\" alt=\"\" srcset=\"https:\/\/hotelcathedral.be\/wp-content\/uploads\/2020\/07\/2014-04-16-vrolijk-pasen.png 470w, https:\/\/hotelcathedral.be\/wp-content\/uploads\/2020\/07\/2014-04-16-vrolijk-pasen-300x178.png 300w\" sizes=\"(max-width: 470px) 100vw, 470px\" \/><\/a>\n\t\t\t\t\t<\/div>\n\t\t\n\t\t\t\n\t\t\t<div class=\"uael-post__content-wrap\">\n\n\t\t\t\t\t<h3 class=\"uael-post__title\">\n\n\t\t\n\t\t\t\t\t\t<a href=\"https:\/\/hotelcathedral.be\/es\/arrangementen\/paasarrangement-189e\/\" target=\"_self\">\n\t\t\t\tPaquete Semana Santa desde 129\u20ac\t\t\t<\/a>\n\n\t\t\t\t<\/h3>\n\t\t<div class=\"uael-post__separator\"><\/div>\n\t\t<div class=\"uael-post__excerpt\">\n\t\t\tEsta oferta es v\u00e1lida para todas las reservas realizadas en el periodo del 31 de marzo de 2024 al 15 de abril de 2024. Te alojar\u00e1s en una habitaci\u00f3n est\u00e1ndar con desayuno para 2 personas, las habitaciones est\u00e1n equipadas con ba\u00f1o privado con ducha, secador de pelo, lavabo e inodoro, TV LED con canales nacionales y extranjeros, escritorio...\t\t<\/div>\n\n\t\t\t\t\t<a class=\"uael-post__read-more elementor-button\" href=\"https:\/\/hotelcathedral.be\/es\/arrangementen\/paasarrangement-189e\/\" target=\"_self\" aria-labelledby=\"uael-post-1119\">\n\t\t\t\t\t<span class=\"elementor-button-content-wrapper\">\n\t\t\t\t\t\t\t\t\t\t\t\t\t\t<span class=\"elementor-button-icon elementor-align-icon-left\">\n\n\t\t\t\t\t\t\t\t\t\n\t\t\t\t\t\t\t\t<\/span>\n\t\t\t\t\t\t\t\t\t\t\t\t\t\n\t\t\t\t\t\t<span class=\"elementor-button-text\" id=\"uael-post-1119\">M\u00e1s info \u2192<\/span>\n\t\t\t\t\t<\/span>\n\t\t\t\t<\/a>\n\t\t\t\t\t\t<\/div>\n\t\t\t\n\t\t<\/div>\n\t\t\n\t<\/div>\n\n<\/div>\n\t\t\t\t<\/div>\n\t\t\t\t\t\t\n\t\t<\/div>\n\n\t\t\t\t\t\t<\/div>\n\t\t<div class=\"uael-post__footer\">\n\t\t\t\t\t<\/div>\n\t\t\t\t\t\t<\/div>\n\t\t\t\t<\/div>\n\t\t\t\t\t<\/div>\n\t\t<\/div>\n\t\t\t\t\t<\/div>\n\t\t<\/section>\n\t\t\t\t<\/div>","protected":false},"excerpt":{"rendered":"<p>Promoties &#038;Arrangementen Romantisch verblijf \u20ac 159 Gent is de ideale stad om samen met je geliefde te ontdekken, wat is er nu niet gezelliger om hand in hand langs de waterkant te kuieren en op \u00e9\u00e9n van de vele terrasjes te pauzeren. Na een mooie verlichte avondwandeling kan je genieten van een romantisch diner op [&hellip;]<\/p>\n","protected":false},"author":1,"featured_media":0,"parent":0,"menu_order":0,"comment_status":"closed","ping_status":"closed","template":"","meta":{"footnotes":""},"class_list":["post-16","page","type-page","status-publish","hentry"],"_links":{"self":[{"href":"https:\/\/hotelcathedral.be\/es\/wp-json\/wp\/v2\/pages\/16","targetHints":{"allow":["GET"]}}],"collection":[{"href":"https:\/\/hotelcathedral.be\/es\/wp-json\/wp\/v2\/pages"}],"about":[{"href":"https:\/\/hotelcathedral.be\/es\/wp-json\/wp\/v2\/types\/page"}],"author":[{"embeddable":true,"href":"https:\/\/hotelcathedral.be\/es\/wp-json\/wp\/v2\/users\/1"}],"replies":[{"embeddable":true,"href":"https:\/\/hotelcathedral.be\/es\/wp-json\/wp\/v2\/comments?post=16"}],"version-history":[{"count":0,"href":"https:\/\/hotelcathedral.be\/es\/wp-json\/wp\/v2\/pages\/16\/revisions"}],"wp:attachment":[{"href":"https:\/\/hotelcathedral.be\/es\/wp-json\/wp\/v2\/media?parent=16"}],"curies":[{"name":"gracias","href":"https:\/\/api.w.org\/{rel}","templated":true}]}}