{"id":1438,"date":"2020-07-20T14:14:44","date_gmt":"2020-07-20T14:14:44","guid":{"rendered":"https:\/\/parkhotelghent.be\/?page_id=1438"},"modified":"2020-08-06T20:12:14","modified_gmt":"2020-08-06T20:12:14","slug":"welkom-in-parkhotel","status":"publish","type":"page","link":"https:\/\/hotelcathedral.be\/es\/welkom-in-parkhotel\/","title":{"rendered":"Bienvenido a Parkhotel"},"content":{"rendered":"<div data-elementor-type=\"wp-page\" data-elementor-id=\"1438\" class=\"elementor elementor-1438\" data-elementor-post-type=\"page\">\n\t\t\t\t\t\t<section class=\"elementor-section elementor-top-section elementor-element elementor-element-95cfb9f elementor-section-boxed elementor-section-height-default elementor-section-height-default\" data-id=\"95cfb9f\" data-element_type=\"section\" data-e-type=\"section\" data-settings=\"{&quot;background_background&quot;:&quot;classic&quot;}\">\n\t\t\t\t\t\t<div class=\"elementor-container elementor-column-gap-wide\">\n\t\t\t\t\t<div class=\"elementor-column elementor-col-50 elementor-top-column elementor-element elementor-element-518335a\" data-id=\"518335a\" data-element_type=\"column\" data-e-type=\"column\">\n\t\t\t<div class=\"elementor-widget-wrap elementor-element-populated\">\n\t\t\t\t\t\t<div class=\"elementor-element elementor-element-759e436 elementor-widget elementor-widget-heading\" data-id=\"759e436\" data-element_type=\"widget\" data-e-type=\"widget\" data-widget_type=\"heading.default\">\n\t\t\t\t<div class=\"elementor-widget-container\">\n\t\t\t\t\t<h2 class=\"elementor-heading-title elementor-size-default\">Bienvenidos al Hotel Catedral<\/h2>\t\t\t\t<\/div>\n\t\t\t\t<\/div>\n\t\t\t\t<div class=\"elementor-element elementor-element-0267233 elementor-widget elementor-widget-text-editor\" data-id=\"0267233\" data-element_type=\"widget\" data-e-type=\"widget\" data-widget_type=\"text-editor.default\">\n\t\t\t\t<div class=\"elementor-widget-container\">\n\t\t\t\t\t\t\t\t\t<p>El hotel Cathedral se encuentra cerca del centro hist\u00f3rico de Gante, donde ser\u00e1 recibido por la anfitriona. El hotel dispone de aparcamiento propio por un suplemento de 20 \u20ac al d\u00eda, v\u00e1lido desde las 11 de la ma\u00f1ana del d\u00eda de llegada hasta las 11 de la ma\u00f1ana del d\u00eda de salida.<br><\/p><p>Cada habitaci\u00f3n tiene aire acondicionado y ba\u00f1o privado con secador de pelo, inodoro y ducha, TV de pantalla plana con canales internacionales y escritorio con wifi gratuito. <br>El hotel cuenta con habitaciones est\u00e1ndar, habitaciones est\u00e1ndar con sala de estar, habitaciones confort y una habitaci\u00f3n d\u00faplex. <br>La catedral de Vakantieielogies tiene habitaciones est\u00e1ndar y habitaciones est\u00e1ndar con ba\u00f1o externo. El alojamiento de vacaciones Cathedral se encuentra en un edificio anexo al hotel.<br>Las habitaciones est\u00e1ndar con \u00e1rea de estar, las habitaciones confort y la habitaci\u00f3n d\u00faplex tienen una sala de estar con mesa de caf\u00e9 y sof\u00e1, y menaje para preparar t\u00e9 y caf\u00e9. <br>La catedral de San Bav\u00f3n con el retablo de Gante y las famosas tres torres de Gante se encuentran a 200 metros a pie del hotel. El centro comercial con sus numerosas boutiques, las universidades y la escuela de administraci\u00f3n de Vlerick, as\u00ed como el centro cultural y de conferencias &#039;Het Pand&#039;, est\u00e1n cerca. El Hotel Cathedral es, por tanto, el hotel tanto para turistas como para gente de negocios. Tambi\u00e9n ofrecemos un bar de autoservicio donde los hu\u00e9spedes pueden servir refrescos o bebidas alcoh\u00f3licas y barras de chocolate. <br>El hotel Cathedral es, por tanto, la ubicaci\u00f3n excelente para descubrir Gante. Bienvenidos !<\/p>\n<p>Hotel Cathedral Gante<br>Sint-Jacobsnieuwstraat 87 <br>9000 Gante<br>Tel: +32 (0) 9 329 56 08<br><a href=\"mailto: info@hotelcathedral.be\" target=\"_blank\" rel=\"noopener\">info@hotelcathedral.be<\/a><\/p>\t\t\t\t\t\t\t\t<\/div>\n\t\t\t\t<\/div>\n\t\t\t\t\t<\/div>\n\t\t<\/div>\n\t\t\t\t<div class=\"elementor-column elementor-col-50 elementor-top-column elementor-element elementor-element-13eb513\" data-id=\"13eb513\" data-element_type=\"column\" data-e-type=\"column\">\n\t\t\t<div class=\"elementor-widget-wrap elementor-element-populated\">\n\t\t\t\t\t\t<div class=\"elementor-element elementor-element-ce3c218 elementor-widget elementor-widget-gallery\" data-id=\"ce3c218\" data-element_type=\"widget\" data-e-type=\"widget\" data-settings=\"{&quot;gallery_layout&quot;:&quot;justified&quot;,&quot;ideal_row_height&quot;:{&quot;unit&quot;:&quot;px&quot;,&quot;size&quot;:239,&quot;sizes&quot;:[]},&quot;gap&quot;:{&quot;unit&quot;:&quot;px&quot;,&quot;size&quot;:9,&quot;sizes&quot;:[]},&quot;ideal_row_height_tablet&quot;:{&quot;unit&quot;:&quot;px&quot;,&quot;size&quot;:150,&quot;sizes&quot;:[]},&quot;ideal_row_height_mobile&quot;:{&quot;unit&quot;:&quot;px&quot;,&quot;size&quot;:150,&quot;sizes&quot;:[]},&quot;gap_tablet&quot;:{&quot;unit&quot;:&quot;px&quot;,&quot;size&quot;:10,&quot;sizes&quot;:[]},&quot;gap_mobile&quot;:{&quot;unit&quot;:&quot;px&quot;,&quot;size&quot;:10,&quot;sizes&quot;:[]},&quot;link_to&quot;:&quot;file&quot;,&quot;overlay_background&quot;:&quot;yes&quot;,&quot;content_hover_animation&quot;:&quot;fade-in&quot;}\" data-widget_type=\"gallery.default\">\n\t\t\t\t<div class=\"elementor-widget-container\">\n\t\t\t\t\t\t\t<div class=\"elementor-gallery__container\">\n\t\t\t\t\t\t\t<a class=\"e-gallery-item elementor-gallery-item elementor-animated-content\" href=\"https:\/\/hotelcathedral.be\/wp-content\/uploads\/2020\/08\/hotel-vooraanzicht-hotel.jpg\" data-elementor-open-lightbox=\"yes\" data-elementor-lightbox-slideshow=\"ce3c218\" data-elementor-lightbox-title=\"hotel vooraanzicht hotel\" data-e-action-hash=\"#elementor-action%3Aaction%3Dlightbox%26settings%3DeyJpZCI6MTc1MiwidXJsIjoiaHR0cHM6XC9cL2hvdGVsY2F0aGVkcmFsLmJlXC93cC1jb250ZW50XC91cGxvYWRzXC8yMDIwXC8wOFwvaG90ZWwtdm9vcmFhbnppY2h0LWhvdGVsLmpwZyIsInNsaWRlc2hvdyI6ImNlM2MyMTgifQ%3D%3D\">\n\t\t\t\t\t<div class=\"e-gallery-image elementor-gallery-item__image\" data-thumbnail=\"https:\/\/hotelcathedral.be\/wp-content\/uploads\/2020\/08\/hotel-vooraanzicht-hotel-300x200.jpg\" data-width=\"300\" data-height=\"200\" aria-label=\"\" role=\"img\" ><\/div>\n\t\t\t\t\t\t\t\t\t\t\t<div class=\"elementor-gallery-item__overlay\"><\/div>\n\t\t\t\t\t\t\t\t\t\t\t\t\t\t<\/a>\n\t\t\t\t\t\t\t<a class=\"e-gallery-item elementor-gallery-item elementor-animated-content\" href=\"https:\/\/hotelcathedral.be\/wp-content\/uploads\/2020\/08\/an-aan-receptie-1.jpg\" data-elementor-open-lightbox=\"yes\" data-elementor-lightbox-slideshow=\"ce3c218\" data-elementor-lightbox-title=\"an aan receptie\" data-e-action-hash=\"#elementor-action%3Aaction%3Dlightbox%26settings%3DeyJpZCI6MTc0NiwidXJsIjoiaHR0cHM6XC9cL2hvdGVsY2F0aGVkcmFsLmJlXC93cC1jb250ZW50XC91cGxvYWRzXC8yMDIwXC8wOFwvYW4tYWFuLXJlY2VwdGllLTEuanBnIiwic2xpZGVzaG93IjoiY2UzYzIxOCJ9\">\n\t\t\t\t\t<div class=\"e-gallery-image elementor-gallery-item__image\" data-thumbnail=\"https:\/\/hotelcathedral.be\/wp-content\/uploads\/2020\/08\/an-aan-receptie-1-300x200.jpg\" data-width=\"300\" data-height=\"200\" aria-label=\"\" role=\"img\" ><\/div>\n\t\t\t\t\t\t\t\t\t\t\t<div class=\"elementor-gallery-item__overlay\"><\/div>\n\t\t\t\t\t\t\t\t\t\t\t\t\t\t<\/a>\n\t\t\t\t\t\t\t<a class=\"e-gallery-item elementor-gallery-item elementor-animated-content\" href=\"https:\/\/hotelcathedral.be\/wp-content\/uploads\/2020\/08\/receptie-ontbijtzaal-1.jpg\" data-elementor-open-lightbox=\"yes\" data-elementor-lightbox-slideshow=\"ce3c218\" data-elementor-lightbox-title=\"receptie ontbijtzaal\" data-e-action-hash=\"#elementor-action%3Aaction%3Dlightbox%26settings%3DeyJpZCI6MTc1NiwidXJsIjoiaHR0cHM6XC9cL2hvdGVsY2F0aGVkcmFsLmJlXC93cC1jb250ZW50XC91cGxvYWRzXC8yMDIwXC8wOFwvcmVjZXB0aWUtb250YmlqdHphYWwtMS5qcGciLCJzbGlkZXNob3ciOiJjZTNjMjE4In0%3D\">\n\t\t\t\t\t<div class=\"e-gallery-image elementor-gallery-item__image\" data-thumbnail=\"https:\/\/hotelcathedral.be\/wp-content\/uploads\/2020\/08\/receptie-ontbijtzaal-1-300x149.jpg\" data-width=\"300\" data-height=\"149\" aria-label=\"\" role=\"img\" ><\/div>\n\t\t\t\t\t\t\t\t\t\t\t<div class=\"elementor-gallery-item__overlay\"><\/div>\n\t\t\t\t\t\t\t\t\t\t\t\t\t\t<\/a>\n\t\t\t\t\t\t\t<a class=\"e-gallery-item elementor-gallery-item elementor-animated-content\" href=\"https:\/\/hotelcathedral.be\/wp-content\/uploads\/2020\/08\/Cathedral-JUNI-26-145.jpg\" data-elementor-open-lightbox=\"yes\" data-elementor-lightbox-slideshow=\"ce3c218\" data-elementor-lightbox-title=\"Cathedral JUNI 26-145\" data-e-action-hash=\"#elementor-action%3Aaction%3Dlightbox%26settings%3DeyJpZCI6MTc0NywidXJsIjoiaHR0cHM6XC9cL2hvdGVsY2F0aGVkcmFsLmJlXC93cC1jb250ZW50XC91cGxvYWRzXC8yMDIwXC8wOFwvQ2F0aGVkcmFsLUpVTkktMjYtMTQ1LmpwZyIsInNsaWRlc2hvdyI6ImNlM2MyMTgifQ%3D%3D\">\n\t\t\t\t\t<div class=\"e-gallery-image elementor-gallery-item__image\" data-thumbnail=\"https:\/\/hotelcathedral.be\/wp-content\/uploads\/2020\/08\/Cathedral-JUNI-26-145-300x200.jpg\" data-width=\"300\" data-height=\"200\" aria-label=\"\" role=\"img\" ><\/div>\n\t\t\t\t\t\t\t\t\t\t\t<div class=\"elementor-gallery-item__overlay\"><\/div>\n\t\t\t\t\t\t\t\t\t\t\t\t\t\t<\/a>\n\t\t\t\t\t\t\t<a class=\"e-gallery-item elementor-gallery-item elementor-animated-content\" href=\"https:\/\/hotelcathedral.be\/wp-content\/uploads\/2020\/08\/hal-flessenfrigo.jpg\" data-elementor-open-lightbox=\"yes\" data-elementor-lightbox-slideshow=\"ce3c218\" data-elementor-lightbox-title=\"hal flessenfrigo\" data-e-action-hash=\"#elementor-action%3Aaction%3Dlightbox%26settings%3DeyJpZCI6MTc0OSwidXJsIjoiaHR0cHM6XC9cL2hvdGVsY2F0aGVkcmFsLmJlXC93cC1jb250ZW50XC91cGxvYWRzXC8yMDIwXC8wOFwvaGFsLWZsZXNzZW5mcmlnby5qcGciLCJzbGlkZXNob3ciOiJjZTNjMjE4In0%3D\">\n\t\t\t\t\t<div class=\"e-gallery-image elementor-gallery-item__image\" data-thumbnail=\"https:\/\/hotelcathedral.be\/wp-content\/uploads\/2020\/08\/hal-flessenfrigo-200x300.jpg\" data-width=\"200\" data-height=\"300\" aria-label=\"\" role=\"img\" ><\/div>\n\t\t\t\t\t\t\t\t\t\t\t<div class=\"elementor-gallery-item__overlay\"><\/div>\n\t\t\t\t\t\t\t\t\t\t\t\t\t\t<\/a>\n\t\t\t\t\t\t\t<a class=\"e-gallery-item elementor-gallery-item elementor-animated-content\" href=\"https:\/\/hotelcathedral.be\/wp-content\/uploads\/2020\/08\/foto-garage-hotel-cathedral.jpg\" data-elementor-open-lightbox=\"yes\" data-elementor-lightbox-slideshow=\"ce3c218\" data-elementor-lightbox-title=\"foto garage hotel cathedral\" data-e-action-hash=\"#elementor-action%3Aaction%3Dlightbox%26settings%3DeyJpZCI6MTc0OCwidXJsIjoiaHR0cHM6XC9cL2hvdGVsY2F0aGVkcmFsLmJlXC93cC1jb250ZW50XC91cGxvYWRzXC8yMDIwXC8wOFwvZm90by1nYXJhZ2UtaG90ZWwtY2F0aGVkcmFsLmpwZyIsInNsaWRlc2hvdyI6ImNlM2MyMTgifQ%3D%3D\">\n\t\t\t\t\t<div class=\"e-gallery-image elementor-gallery-item__image\" data-thumbnail=\"https:\/\/hotelcathedral.be\/wp-content\/uploads\/2020\/08\/foto-garage-hotel-cathedral-300x200.jpg\" data-width=\"300\" data-height=\"200\" aria-label=\"\" role=\"img\" ><\/div>\n\t\t\t\t\t\t\t\t\t\t\t<div class=\"elementor-gallery-item__overlay\"><\/div>\n\t\t\t\t\t\t\t\t\t\t\t\t\t\t<\/a>\n\t\t\t\t\t\t\t<a class=\"e-gallery-item elementor-gallery-item elementor-animated-content\" href=\"https:\/\/hotelcathedral.be\/wp-content\/uploads\/2020\/08\/hal-trap-2-verdiep.jpg\" data-elementor-open-lightbox=\"yes\" data-elementor-lightbox-slideshow=\"ce3c218\" data-elementor-lightbox-title=\"hal trap 2 verdiep\" data-e-action-hash=\"#elementor-action%3Aaction%3Dlightbox%26settings%3DeyJpZCI6MTc1MCwidXJsIjoiaHR0cHM6XC9cL2hvdGVsY2F0aGVkcmFsLmJlXC93cC1jb250ZW50XC91cGxvYWRzXC8yMDIwXC8wOFwvaGFsLXRyYXAtMi12ZXJkaWVwLmpwZyIsInNsaWRlc2hvdyI6ImNlM2MyMTgifQ%3D%3D\">\n\t\t\t\t\t<div class=\"e-gallery-image elementor-gallery-item__image\" data-thumbnail=\"https:\/\/hotelcathedral.be\/wp-content\/uploads\/2020\/08\/hal-trap-2-verdiep-200x300.jpg\" data-width=\"200\" data-height=\"300\" aria-label=\"\" role=\"img\" ><\/div>\n\t\t\t\t\t\t\t\t\t\t\t<div class=\"elementor-gallery-item__overlay\"><\/div>\n\t\t\t\t\t\t\t\t\t\t\t\t\t\t<\/a>\n\t\t\t\t\t\t\t<a class=\"e-gallery-item elementor-gallery-item elementor-animated-content\" href=\"https:\/\/hotelcathedral.be\/wp-content\/uploads\/2020\/08\/hotel-zijzicht-met-lichtreklame-Hotel.jpg\" data-elementor-open-lightbox=\"yes\" data-elementor-lightbox-slideshow=\"ce3c218\" data-elementor-lightbox-title=\"hotel zijzicht met lichtreklame Hotel\" data-e-action-hash=\"#elementor-action%3Aaction%3Dlightbox%26settings%3DeyJpZCI6MTc1MywidXJsIjoiaHR0cHM6XC9cL2hvdGVsY2F0aGVkcmFsLmJlXC93cC1jb250ZW50XC91cGxvYWRzXC8yMDIwXC8wOFwvaG90ZWwtemlqemljaHQtbWV0LWxpY2h0cmVrbGFtZS1Ib3RlbC5qcGciLCJzbGlkZXNob3ciOiJjZTNjMjE4In0%3D\">\n\t\t\t\t\t<div class=\"e-gallery-image elementor-gallery-item__image\" data-thumbnail=\"https:\/\/hotelcathedral.be\/wp-content\/uploads\/2020\/08\/hotel-zijzicht-met-lichtreklame-Hotel-200x300.jpg\" data-width=\"200\" data-height=\"300\" aria-label=\"\" role=\"img\" ><\/div>\n\t\t\t\t\t\t\t\t\t\t\t<div class=\"elementor-gallery-item__overlay\"><\/div>\n\t\t\t\t\t\t\t\t\t\t\t\t\t\t<\/a>\n\t\t\t\t\t<\/div>\n\t\t\t\t\t<\/div>\n\t\t\t\t<\/div>\n\t\t\t\t\t<\/div>\n\t\t<\/div>\n\t\t\t\t\t<\/div>\n\t\t<\/section>\n\t\t\t\t<\/div>","protected":false},"excerpt":{"rendered":"<p>Welkom in Hotel Cathedral Hotel Cathedral is gelegen nabij het historisch centrum van Gent, waar u door de gastvrouw zelf ontvangen wordt. Het hotel beschikt over een eigen parking tegen vergoeding van 20 \u20ac per dag geldig vanaf 11 uur dag van aankomst tot 11 uur datum van vertrek. Elke kamer heeft airco en een [&hellip;]<\/p>\n","protected":false},"author":1,"featured_media":0,"parent":0,"menu_order":0,"comment_status":"closed","ping_status":"closed","template":"elementor_header_footer","meta":{"footnotes":""},"class_list":["post-1438","page","type-page","status-publish","hentry"],"_links":{"self":[{"href":"https:\/\/hotelcathedral.be\/es\/wp-json\/wp\/v2\/pages\/1438","targetHints":{"allow":["GET"]}}],"collection":[{"href":"https:\/\/hotelcathedral.be\/es\/wp-json\/wp\/v2\/pages"}],"about":[{"href":"https:\/\/hotelcathedral.be\/es\/wp-json\/wp\/v2\/types\/page"}],"author":[{"embeddable":true,"href":"https:\/\/hotelcathedral.be\/es\/wp-json\/wp\/v2\/users\/1"}],"replies":[{"embeddable":true,"href":"https:\/\/hotelcathedral.be\/es\/wp-json\/wp\/v2\/comments?post=1438"}],"version-history":[{"count":0,"href":"https:\/\/hotelcathedral.be\/es\/wp-json\/wp\/v2\/pages\/1438\/revisions"}],"wp:attachment":[{"href":"https:\/\/hotelcathedral.be\/es\/wp-json\/wp\/v2\/media?parent=1438"}],"curies":[{"name":"gracias","href":"https:\/\/api.w.org\/{rel}","templated":true}]}}