{"id":1364,"date":"2020-07-17T09:27:49","date_gmt":"2020-07-17T09:27:49","guid":{"rendered":"https:\/\/parkhotelghent.be\/?page_id=1364"},"modified":"2020-08-06T12:42:38","modified_gmt":"2020-08-06T12:42:38","slug":"privacybeleid","status":"publish","type":"page","link":"https:\/\/hotelcathedral.be\/es\/privacybeleid\/","title":{"rendered":"Pol\u00edtica de privacidad"},"content":{"rendered":"<div data-elementor-type=\"wp-page\" data-elementor-id=\"1364\" class=\"elementor elementor-1364\" data-elementor-post-type=\"page\">\n\t\t\t\t\t\t<section class=\"elementor-section elementor-top-section elementor-element elementor-element-57ffb1f elementor-section-boxed elementor-section-height-default elementor-section-height-default\" data-id=\"57ffb1f\" data-element_type=\"section\" data-e-type=\"section\" data-settings=\"{&quot;background_background&quot;:&quot;classic&quot;}\">\n\t\t\t\t\t\t<div class=\"elementor-container elementor-column-gap-default\">\n\t\t\t\t\t<div class=\"elementor-column elementor-col-100 elementor-top-column elementor-element elementor-element-7b801da\" data-id=\"7b801da\" data-element_type=\"column\" data-e-type=\"column\">\n\t\t\t<div class=\"elementor-widget-wrap elementor-element-populated\">\n\t\t\t\t\t\t<div class=\"elementor-element elementor-element-68b1374 elementor-widget elementor-widget-heading\" data-id=\"68b1374\" data-element_type=\"widget\" data-e-type=\"widget\" data-widget_type=\"heading.default\">\n\t\t\t\t<div class=\"elementor-widget-container\">\n\t\t\t\t\t<h2 class=\"elementor-heading-title elementor-size-default\">Pol\u00edtica de privacidad<\/h2>\t\t\t\t<\/div>\n\t\t\t\t<\/div>\n\t\t\t\t<div class=\"elementor-element elementor-element-0437494 elementor-widget elementor-widget-text-editor\" data-id=\"0437494\" data-element_type=\"widget\" data-e-type=\"widget\" data-widget_type=\"text-editor.default\">\n\t\t\t\t<div class=\"elementor-widget-container\">\n\t\t\t\t\t\t\t\t\t<h3>Declaraci\u00f3n de privacidad<\/h3><div>\u00a0<\/div><h6>Parte 1: Debemos proteger su privacidad juntos.<\/h6><p>Su privacidad es muy importante para nosotros. Queremos tratar sus datos personales de forma legal, correcta y transparente. En esta declaraci\u00f3n de privacidad, explicamos qu\u00e9 datos personales recopilamos y procesamos de usted como persona f\u00edsica.<br \/>A partir de ahora, siempre estamos hablando de sus datos como cliente, como posible futuro cliente o como otro interesado, como beneficiario, persona de contacto en una empresa, etc. En cualquier calidad, sus derechos siguen siendo los mismos y Hotel Cathedral se ocupa de sus datos. .<\/p><p><b>1.1 Aseg\u00farese de leer esta informaci\u00f3n y ver qu\u00e9 puede hacer.<\/b><br \/>Le recomendamos que lea atentamente esta informaci\u00f3n, para que sepa para qu\u00e9 utiliza Hotel Cathedral sus datos. Tambi\u00e9n encontrar\u00e1 m\u00e1s informaci\u00f3n sobre sus derechos de privacidad y c\u00f3mo puede ejercerlos en esta declaraci\u00f3n de privacidad.<br \/>Hotel Cathedral puede ajustar esta declaraci\u00f3n de privacidad. Siempre encontrar\u00e1 la versi\u00f3n m\u00e1s reciente en www.hotelcathedral.be. Hotel Cathedral le informar\u00e1 a trav\u00e9s de su sitio web sobre cada cambio sustancial importante.<br \/>Para obtener m\u00e1s informaci\u00f3n sobre la legislaci\u00f3n de privacidad en B\u00e9lgica en general, tambi\u00e9n puede visitar www.privacycommission.be, el sitio web de la Autoridad de Protecci\u00f3n de Datos de B\u00e9lgica (anteriormente conocida como la Comisi\u00f3n de Privacidad).<\/p><p><b>1.2 P\u00f3ngase en contacto con Hotel Cathedral si tiene alguna duda sobre el tratamiento de sus datos.<\/b><br \/>Si tiene preguntas sobre la privacidad o desea ajustar su configuraci\u00f3n de privacidad o ejercer sus derechos, puede comunicarse con nosotros de la siguiente manera; por correo electr\u00f3nico a directie@hotelcathedral.be.<\/p><p>\u00a0<\/p><h6>Parte 2: Tiene derecho a su privacidad.<\/h6><p>Si se procesan sus datos, tiene muchos derechos. Si Hotel Cathedral le solicita permiso para el procesamiento, posteriormente puede retirarlo usted mismo cuando lo desee. P.ej. Enviar newsletter con ofertas promocionales.<\/p><p><b>2.1 Puede ver sus datos.<\/b><br \/>Si desea inspeccionar los datos que el Hotel Cathedral procesa sobre usted, h\u00e1ganoslo saber.<br \/>Si ejerce su derecho de acceso, hotel Cathedral le proporcionar\u00e1 un resumen de sus datos lo m\u00e1s completo posible, siempre que se conserve. Tampoco se pueden mostrar posteriormente. Se eliminan de nuestros archivos de acuerdo con los procesos de limpieza est\u00e1ndar.<\/p><p><b>2.2 Puede hacer que se corrijan sus datos.<\/b><br \/>Puede suceder que ciertos datos que el Hotel Cathedral ha almacenado sobre usted ya no sean correctos. Siempre puede solicitar que se corrija o complete esta informaci\u00f3n. P.ej. Nueva direccion.<\/p><p><b>2.3 Puede borrar sus datos.<\/b><br \/>Si sospecha que Hotel Cathedral est\u00e1 procesando ciertos datos de manera ilegal, puede solicitar que se eliminen.<\/p><p><b>2.4 Puede oponerse a un uso espec\u00edfico de los datos.<\/b><br \/>Si no est\u00e1 de acuerdo con la forma en que Hotel Cathedral procesa ciertos datos en base a su inter\u00e9s leg\u00edtimo, puede oponerse a ello. Objeci\u00f3n de que cumpliremos a menos que existan razones imperiosas para no hacerlo, que es el caso, por ejemplo, si procesamos datos para combatir el fraude.<\/p><p><b>2.5 En ocasiones, puede negarse a que sus datos se procesen de forma totalmente autom\u00e1tica.<\/b><br \/>Algunos procesos y procesos de datos est\u00e1n completamente automatizados sin intervenci\u00f3n humana. Hotel Cathedral intenta transmitir la l\u00f3gica de este proceso autom\u00e1tico en el momento mismo. Por ejemplo, el hotel Cathedral puede responder a las reservas a\u00fan m\u00e1s r\u00e1pido. Si no est\u00e1 de acuerdo con el resultado de dicho proceso totalmente automatizado, puede ponerse en contacto con Hotel Cathedral. Por ejemplo, puede solicitar la intervenci\u00f3n del hotel Catedral, o hacernos saber por qu\u00e9 est\u00e1 impugnando la evaluaci\u00f3n.<\/p><p><b>2.6 Puede ejercer sus derechos.<\/b><br \/>Sea siempre lo m\u00e1s espec\u00edfico posible si desea ejercer sus derechos. Entonces el Hotel Cathedral puede abordar su pregunta de manera concreta y correcta. Hotel Cathedral debe verificar su identidad lo m\u00e1s cerca posible para evitar que otra persona ejerza sus derechos. Por lo tanto, puede solicitar una copia de su c\u00e9dula de identidad con dicha solicitud. Si tienes alguna queja sobre el ejercicio de tus derechos, la gesti\u00f3n de quejas de Hotel Cathedral est\u00e1 a tu disposici\u00f3n.<\/p><h6><br \/>Parte 3: hotel Cathedral tiene muchas razones para procesar sus datos personales.<\/h6><p><b>3.1 El Hotel Catedral debe cumplir con las obligaciones legales.<\/b><br \/>A continuaci\u00f3n enumeramos las principales razones legales por las que Hotel Cathedral debe tratar sus datos.<br \/>Los hoteles deben mantener registros policiales de todos los clientes.<br \/>Hotel Cathedral puede procesar datos personales sobre usted, porque utiliza los servicios de hotel Cathedral, y \/ o porque usted mismo nos los proporciona al completar un formulario de contacto en el sitio web. Hotel Cathedral puede tratar los siguientes datos personales:<br \/>- Tu nombre y apellido<br \/>- Detalles de su direcci\u00f3n<br \/>- Su n\u00famero de tel\u00e9fono<br \/>- Tu correo electr\u00f3nico<br \/>- Los datos de su tarjeta de cr\u00e9dito.<br \/>Por ejemplo, para cumplir con la normativa policial, tenemos que reunir datos de clientes o empresas.<\/p><p><b>3.2 POR QU\u00c9 HOTEL CATHEDRAL NECESITA DATOS<\/b><br \/>Hotel Cathedral procesa sus datos personales para poder contactarlo por tel\u00e9fono para transmitirle informaci\u00f3n y \/ o contactarlo por escrito (por correo electr\u00f3nico o mensaje de texto) si no puede ser localizado por tel\u00e9fono.<br \/>Adem\u00e1s, hotel Cathedral puede utilizar sus datos personales para enviar informaci\u00f3n de llegada \u00fatil que se aplique a su visita a nuestro hotel.<\/p><p><b>3.3 CU\u00c1NTO TIEMPO TIENE LA CATEDRAL ALMACENA LOS DATOS<\/b><br \/>Hotel Cathedral no almacena sus datos personales m\u00e1s tiempo del estrictamente necesario para lograr los objetivos para los que se recopilan sus datos. Sus datos no se conservar\u00e1n m\u00e1s de 3 meses despu\u00e9s de la fecha de salida si no se llega a un acuerdo con usted.<\/p><p><b>3.4 COMPARTIR CON OTROS<\/b><br \/>Hotel Cathedral solo proporcionar\u00e1 sus datos personales a terceros si es necesario para la ejecuci\u00f3n de un acuerdo con usted o para cumplir con una obligaci\u00f3n legal.<br \/>P.ej. Solicitud de la polic\u00eda.<\/p><p><b>3.5 VISITAS AL SITIO WEB DEL MAPA<\/b><br \/>Los datos generales del visitante se conservan en la p\u00e1gina web del Hotel Catedral, para que el cliente pueda visitar nuestro hotel y ciudad sin ning\u00fan problema.<\/p><p><b>3.6 Pol\u00edtica de cookies.<\/b><br \/>\u00bfQu\u00e9 son las cookies?<br \/>Usamos cookies cuando abre nuestros correos electr\u00f3nicos y \/ o cuando visita o usa nuestros sitios web. Las cookies son piezas de informaci\u00f3n que se almacenan en su propia computadora o dispositivo m\u00f3vil y que generalmente se utilizan para optimizar la facilidad de uso de sitios web y aplicaciones.<br \/>Existen diferentes tipos de cookies, divididas por origen, funci\u00f3n y vida \u00fatil. Para obtener una descripci\u00f3n completa, puede consultar sitios web como www.allaboutcookies.org.<br \/>Hotel Cathedral utiliza cookies para:<br \/>Mejorar el uso y las funcionalidades de su sitio web y sus aplicaciones;<br \/>Para analizar c\u00f3mo los usuarios utilizan nuestro sitio web y aplicaciones y para compilar estad\u00edsticas; y mostrar a los usuarios de nuestro sitio web y aplicaciones informaci\u00f3n y anuncios personalizados.<br \/>Por ejemplo, puede ser identificado como visitante de nuestro sitio web en una visita posterior y podemos aumentar la facilidad de uso adaptando mejor nuestro sitio web a sus deseos y preferencias. Las cookies tambi\u00e9n se pueden utilizar para personalizar el contenido o la publicidad de un sitio web. Por ejemplo, un cliente que tiene un paquete de entretenimiento espec\u00edfico ver\u00e1 mensajes diferentes a los de alguien que no tiene ese paquete.<br \/>Las cookies solo pueden ser colocadas por el Hotel Cathedral.<br \/>\u00bfQu\u00e9 tipos de cookies utilizamos?<br \/>Cookies necesarias: estas cookies garantizan que pueda navegar por nuestro sitio web y aplicaciones y utilizar las funcionalidades (como el carrito de la compra y su configuraci\u00f3n de privacidad).<\/p><p>\u00a0<\/p><h6>Parte 4: sobre seguridad y confidencialidad<\/h6><p><b>4.1 Hotel Cathedral no se limita a responder preguntas de terceros.<\/b><br \/>Se observa el deber de discreci\u00f3n. Debido a que hotel Catedral debe cumplir con su deber de discreci\u00f3n y legislaci\u00f3n de privacidad, solo podr\u00e1 responder a las preguntas de terceros si se basan en una disposici\u00f3n legal o un inter\u00e9s leg\u00edtimo, que sean necesarios para la ejecuci\u00f3n del contrato, o con el consentimiento del interesado. En este \u00faltimo caso, Hotel Catedral incluso recomienda que solicites los datos al interesado.<br \/>Hotel Cathedral no se hace responsable si los leg\u00edtimos destinatarios de los datos, de acuerdo con las obligaciones legales aplicables (en el extranjero), deben presentar los datos personales de los clientes o personas jur\u00eddicas a las autoridades locales o tratarlos de manera insegura.<\/p><p>4<b>.2 Reclamaciones, cancelaci\u00f3n de la suscripci\u00f3n a boletines informativos o eliminaci\u00f3n de datos personales.<\/b><br \/>Para quejas relacionadas con el procesamiento de sus datos personales, si no desea recibir boletines informativos o si desea que se eliminen sus datos personales, todas las solicitudes deben realizarse enviando un correo electr\u00f3nico motivado a\u00a0<a href=\"mailto: directie@hotelcathedral.be\" target=\"_blank\" rel=\"noopener\">directie@hotelcathedral.be<\/a>.<\/p>\t\t\t\t\t\t\t\t<\/div>\n\t\t\t\t<\/div>\n\t\t\t\t\t<\/div>\n\t\t<\/div>\n\t\t\t\t\t<\/div>\n\t\t<\/section>\n\t\t\t\t<\/div>","protected":false},"excerpt":{"rendered":"<p>Privacybeleid Privacyverklaring \u00a0 Deel 1: Jouw privacy moeten we samen bewaken. Je privacy is erg belangrijk voor ons. We willen je persoonsgegevens op een wettelijke, correcte en transparante manier verwerken. In deze privacyverklaring leggen we uit welke persoonsgegevens we van jou als natuurlijke persoon verzamelen en verwerken.We hebben het hier voortaan altijd over gegevens van [&hellip;]<\/p>\n","protected":false},"author":1,"featured_media":0,"parent":0,"menu_order":0,"comment_status":"closed","ping_status":"closed","template":"elementor_header_footer","meta":{"footnotes":""},"class_list":["post-1364","page","type-page","status-publish","hentry"],"_links":{"self":[{"href":"https:\/\/hotelcathedral.be\/es\/wp-json\/wp\/v2\/pages\/1364","targetHints":{"allow":["GET"]}}],"collection":[{"href":"https:\/\/hotelcathedral.be\/es\/wp-json\/wp\/v2\/pages"}],"about":[{"href":"https:\/\/hotelcathedral.be\/es\/wp-json\/wp\/v2\/types\/page"}],"author":[{"embeddable":true,"href":"https:\/\/hotelcathedral.be\/es\/wp-json\/wp\/v2\/users\/1"}],"replies":[{"embeddable":true,"href":"https:\/\/hotelcathedral.be\/es\/wp-json\/wp\/v2\/comments?post=1364"}],"version-history":[{"count":0,"href":"https:\/\/hotelcathedral.be\/es\/wp-json\/wp\/v2\/pages\/1364\/revisions"}],"wp:attachment":[{"href":"https:\/\/hotelcathedral.be\/es\/wp-json\/wp\/v2\/media?parent=1364"}],"curies":[{"name":"gracias","href":"https:\/\/api.w.org\/{rel}","templated":true}]}}