{"id":683,"date":"2020-06-24T11:59:37","date_gmt":"2020-06-24T11:59:37","guid":{"rendered":"http:\/\/parkhotel.galia.be\/?page_id=683"},"modified":"2023-06-12T15:19:10","modified_gmt":"2023-06-12T15:19:10","slug":"vergaderen","status":"publish","type":"page","link":"https:\/\/hotelcathedral.be\/de\/vergaderen\/","title":{"rendered":"Treffen"},"content":{"rendered":"<div data-elementor-type=\"wp-page\" data-elementor-id=\"683\" class=\"elementor elementor-683\" data-elementor-post-type=\"page\">\n\t\t\t\t\t\t<section class=\"elementor-section elementor-top-section elementor-element elementor-element-c86c4a9 elementor-section-full_width elementor-section-height-default elementor-section-height-default\" data-id=\"c86c4a9\" data-element_type=\"section\" data-e-type=\"section\">\n\t\t\t\t\t\t<div class=\"elementor-container elementor-column-gap-no\">\n\t\t\t\t\t<div class=\"elementor-column elementor-col-100 elementor-top-column elementor-element elementor-element-8960400\" data-id=\"8960400\" data-element_type=\"column\" data-e-type=\"column\">\n\t\t\t<div class=\"elementor-widget-wrap elementor-element-populated\">\n\t\t\t\t\t\t<div class=\"elementor-element elementor-element-f00f245 elementor--h-position-center elementor--v-position-middle elementor-widget elementor-widget-slides\" data-id=\"f00f245\" data-element_type=\"widget\" data-e-type=\"widget\" data-settings=\"{&quot;navigation&quot;:&quot;none&quot;,&quot;transition&quot;:&quot;fade&quot;,&quot;transition_speed&quot;:500}\" data-widget_type=\"slides.default\">\n\t\t\t\t<div class=\"elementor-widget-container\">\n\t\t\t\t\t\t\t\t\t<div class=\"elementor-swiper\">\n\t\t\t\t\t<div class=\"elementor-slides-wrapper elementor-main-swiper swiper\" role=\"region\" aria-roledescription=\"carousel\" aria-label=\"Schieberegler\" dir=\"ltr\" data-animation=\"\">\n\t\t\t\t<div class=\"swiper-wrapper elementor-slides\">\n\t\t\t\t\t\t\t\t\t\t<div class=\"elementor-repeater-item-f4b2dbe swiper-slide\" role=\"group\" aria-roledescription=\"slide\"><div class=\"swiper-slide-bg\" role=\"img\" aria-label=\"Receptie + bar\"><\/div><div class=\"elementor-background-overlay\"><\/div><div class=\"swiper-slide-inner\" ><div class=\"swiper-slide-contents\"><div class=\"elementor-slide-heading\">Treffen<\/div><div class=\"elementor-slide-description\">Treffen im Parkhotel nach Vereinbarung<\/div><\/div><\/div><\/div>\t\t\t\t<\/div>\n\t\t\t\t\t\t\t<\/div>\n\t\t\t\t<\/div>\n\t\t\t\t\t\t\t\t<\/div>\n\t\t\t\t<\/div>\n\t\t\t\t\t<\/div>\n\t\t<\/div>\n\t\t\t\t\t<\/div>\n\t\t<\/section>\n\t\t\t\t<section class=\"elementor-section elementor-top-section elementor-element elementor-element-e36d7e3 elementor-section-boxed elementor-section-height-default elementor-section-height-default\" data-id=\"e36d7e3\" data-element_type=\"section\" data-e-type=\"section\" data-settings=\"{&quot;background_background&quot;:&quot;classic&quot;}\">\n\t\t\t\t\t\t<div class=\"elementor-container elementor-column-gap-wide\">\n\t\t\t\t\t<div class=\"elementor-column elementor-col-50 elementor-top-column elementor-element elementor-element-0e73a1a\" data-id=\"0e73a1a\" data-element_type=\"column\" data-e-type=\"column\">\n\t\t\t<div class=\"elementor-widget-wrap elementor-element-populated\">\n\t\t\t\t\t\t<div class=\"elementor-element elementor-element-d5aa9f6 elementor-widget elementor-widget-heading\" data-id=\"d5aa9f6\" data-element_type=\"widget\" data-e-type=\"widget\" data-widget_type=\"heading.default\">\n\t\t\t\t<div class=\"elementor-widget-container\">\n\t\t\t\t\t<h2 class=\"elementor-heading-title elementor-size-default\">Treffen in Gent<\/h2>\t\t\t\t<\/div>\n\t\t\t\t<\/div>\n\t\t\t\t<div class=\"elementor-element elementor-element-fd05a40 elementor-widget elementor-widget-heading\" data-id=\"fd05a40\" data-element_type=\"widget\" data-e-type=\"widget\" data-widget_type=\"heading.default\">\n\t\t\t\t<div class=\"elementor-widget-container\">\n\t\t\t\t\t<h4 class=\"elementor-heading-title elementor-size-default\">Mit allen notwendigen Annehmlichkeiten<\/h4>\t\t\t\t<\/div>\n\t\t\t\t<\/div>\n\t\t\t\t<div class=\"elementor-element elementor-element-b35fcc1 elementor-widget elementor-widget-text-editor\" data-id=\"b35fcc1\" data-element_type=\"widget\" data-e-type=\"widget\" data-widget_type=\"text-editor.default\">\n\t\t\t\t<div class=\"elementor-widget-container\">\n\t\t\t\t\t\t\t\t\t<p>Das Hotel Cathedral hat keinen Tagungsraum, aber wir arbeiten mit dem Parkhotel Gent zusammen, das 650 m vom Hotel Cathedral entfernt liegt.<\/p><p>Das Parkhotel verf\u00fcgt \u00fcber einen Tagungsraum f\u00fcr maximal 10 Personen.<\/p><p>Der Raum ist mit einem gro\u00dfen Fernsehbildschirm ausgestattet, der an einen Computer angeschlossen werden kann, um Pr\u00e4sentationen anzuzeigen. Es besteht auch die M\u00f6glichkeit, ein Flipchart f\u00fcr 10 \u20ac zu mieten.<\/p><p>Miete ohne Zimmerreservierung: 45 \u20ac pro Stunde.<br \/>Unternehmen, die R\u00e4ume vermieten, k\u00f6nnen einen Rabatt auf den Mietpreis erhalten.<\/p><p>Kaffee- und Teebuffet: 11 \u20ac pro Person.<br \/>Kaffee- und Teebuffet mit Minigeb\u00e4ck (3 pro Person): 17 \u20ac<br \/>Mini-Sandwiches: 6 \u20ac pro Sandwich.<br \/>Wasser auf dem Besprechungstisch: 1-Liter-Flasche 11 \u20ac<\/p><p>Alle anderen Getr\u00e4nke werden gem\u00e4\u00df der Getr\u00e4nkekarte berechnet.<\/p><p>Alle Bewerbungen m\u00fcssen \u00fcber eingereicht werden <a href=\"mailto:info@hotelcathedral.be\">info@hotelcathedral.be<\/a> angefordert werden.<\/p>\t\t\t\t\t\t\t\t<\/div>\n\t\t\t\t<\/div>\n\t\t\t\t\t<\/div>\n\t\t<\/div>\n\t\t\t\t<div class=\"elementor-column elementor-col-50 elementor-top-column elementor-element elementor-element-576e757\" data-id=\"576e757\" data-element_type=\"column\" data-e-type=\"column\">\n\t\t\t<div class=\"elementor-widget-wrap elementor-element-populated\">\n\t\t\t\t\t\t<div class=\"elementor-element elementor-element-5196ef1 elementor-widget elementor-widget-image\" data-id=\"5196ef1\" data-element_type=\"widget\" data-e-type=\"widget\" data-widget_type=\"image.default\">\n\t\t\t\t<div class=\"elementor-widget-container\">\n\t\t\t\t\t\t\t\t\t\t\t\t\t\t\t<img fetchpriority=\"high\" decoding=\"async\" width=\"467\" height=\"700\" src=\"https:\/\/hotelcathedral.be\/wp-content\/uploads\/2020\/07\/vergaderzaal.jpg\" class=\"attachment-large size-large wp-image-829\" alt=\"\" srcset=\"https:\/\/hotelcathedral.be\/wp-content\/uploads\/2020\/07\/vergaderzaal.jpg 467w, https:\/\/hotelcathedral.be\/wp-content\/uploads\/2020\/07\/vergaderzaal-200x300.jpg 200w\" sizes=\"(max-width: 467px) 100vw, 467px\" \/>\t\t\t\t\t\t\t\t\t\t\t\t\t\t\t<\/div>\n\t\t\t\t<\/div>\n\t\t\t\t\t<\/div>\n\t\t<\/div>\n\t\t\t\t\t<\/div>\n\t\t<\/section>\n\t\t\t\t<\/div>","protected":false},"excerpt":{"rendered":"<p>VergaderenVergaderen in Parkhotel op afspraak Vergaderen in Gent Met alle nodige voorzieningen Hotel Cathedral beschikt niet over een vergaderzaal, maar wij werken samen met Parkhotel Gent die op 650 meter van hotel Cathedral gelegen is. Parkhotel beschikt over een vergaderzaal voor maximum 10 personen. De zaal is uitgerust met groot televisiescherm die voorzien is om [&hellip;]<\/p>\n","protected":false},"author":1,"featured_media":0,"parent":0,"menu_order":0,"comment_status":"closed","ping_status":"closed","template":"elementor_header_footer","meta":{"footnotes":""},"class_list":["post-683","page","type-page","status-publish","hentry"],"_links":{"self":[{"href":"https:\/\/hotelcathedral.be\/de\/wp-json\/wp\/v2\/pages\/683","targetHints":{"allow":["GET"]}}],"collection":[{"href":"https:\/\/hotelcathedral.be\/de\/wp-json\/wp\/v2\/pages"}],"about":[{"href":"https:\/\/hotelcathedral.be\/de\/wp-json\/wp\/v2\/types\/page"}],"author":[{"embeddable":true,"href":"https:\/\/hotelcathedral.be\/de\/wp-json\/wp\/v2\/users\/1"}],"replies":[{"embeddable":true,"href":"https:\/\/hotelcathedral.be\/de\/wp-json\/wp\/v2\/comments?post=683"}],"version-history":[{"count":0,"href":"https:\/\/hotelcathedral.be\/de\/wp-json\/wp\/v2\/pages\/683\/revisions"}],"wp:attachment":[{"href":"https:\/\/hotelcathedral.be\/de\/wp-json\/wp\/v2\/media?parent=683"}],"curies":[{"name":"wp","href":"https:\/\/api.w.org\/{rel}","templated":true}]}}