{"id":2247,"date":"2021-12-30T21:05:15","date_gmt":"2021-12-30T21:05:15","guid":{"rendered":"https:\/\/hotelcathedral.be\/?page_id=2247"},"modified":"2021-12-31T16:45:35","modified_gmt":"2021-12-31T16:45:35","slug":"citycard-gent","status":"publish","type":"page","link":"https:\/\/hotelcathedral.be\/de\/citycard-gent\/","title":{"rendered":"CityCard Gent"},"content":{"rendered":"<div data-elementor-type=\"wp-page\" data-elementor-id=\"2247\" class=\"elementor elementor-2247\" data-elementor-post-type=\"page\">\n\t\t\t\t\t\t<section class=\"elementor-section elementor-top-section elementor-element elementor-element-3ea2197 elementor-section-boxed elementor-section-height-default elementor-section-height-default\" data-id=\"3ea2197\" data-element_type=\"section\" data-e-type=\"section\" data-settings=\"{&quot;background_background&quot;:&quot;classic&quot;}\">\n\t\t\t\t\t\t<div class=\"elementor-container elementor-column-gap-wide\">\n\t\t\t\t\t<div class=\"elementor-column elementor-col-100 elementor-top-column elementor-element elementor-element-1729c28\" data-id=\"1729c28\" data-element_type=\"column\" data-e-type=\"column\">\n\t\t\t<div class=\"elementor-widget-wrap elementor-element-populated\">\n\t\t\t\t\t\t<div class=\"elementor-element elementor-element-4fbd2cc elementor-widget elementor-widget-heading\" data-id=\"4fbd2cc\" data-element_type=\"widget\" data-e-type=\"widget\" data-widget_type=\"heading.default\">\n\t\t\t\t<div class=\"elementor-widget-container\">\n\t\t\t\t\t<h2 class=\"elementor-heading-title elementor-size-default\">CityCard Gent<\/h2>\t\t\t\t<\/div>\n\t\t\t\t<\/div>\n\t\t\t\t<div class=\"elementor-element elementor-element-d4ba826 elementor-widget elementor-widget-image\" data-id=\"d4ba826\" data-element_type=\"widget\" data-e-type=\"widget\" data-widget_type=\"image.default\">\n\t\t\t\t<div class=\"elementor-widget-container\">\n\t\t\t\t\t\t\t\t\t\t\t\t\t\t\t<img fetchpriority=\"high\" decoding=\"async\" width=\"768\" height=\"614\" src=\"https:\/\/hotelcathedral.be\/wp-content\/uploads\/2021\/12\/CityCard-Gent-map-768x614.jpg\" class=\"attachment-medium_large size-medium_large wp-image-2214\" alt=\"\" srcset=\"https:\/\/hotelcathedral.be\/wp-content\/uploads\/2021\/12\/CityCard-Gent-map-768x614.jpg 768w, https:\/\/hotelcathedral.be\/wp-content\/uploads\/2021\/12\/CityCard-Gent-map-300x240.jpg 300w, https:\/\/hotelcathedral.be\/wp-content\/uploads\/2021\/12\/CityCard-Gent-map-15x12.jpg 15w, https:\/\/hotelcathedral.be\/wp-content\/uploads\/2021\/12\/CityCard-Gent-map.jpg 840w\" sizes=\"(max-width: 768px) 100vw, 768px\" \/>\t\t\t\t\t\t\t\t\t\t\t\t\t\t\t<\/div>\n\t\t\t\t<\/div>\n\t\t\t\t<div class=\"elementor-element elementor-element-a1f1c24 elementor-widget elementor-widget-text-editor\" data-id=\"a1f1c24\" data-element_type=\"widget\" data-e-type=\"widget\" data-widget_type=\"text-editor.default\">\n\t\t\t\t<div class=\"elementor-widget-container\">\n\t\t\t\t\t\t\t\t\t<p>\u00dcbernehmen Sie die volle Kontrolle \u00fcber Ihr Wochenende. Die CityCard Gent ist einfach und \u00fcbersichtlich zu bedienen. Sie erhalten einen praktischen erweiterbaren Stadtplan und alle Informationen zu den CityCard-Vorteilen. W\u00e4hlen Sie eine Karte f\u00fcr 48 Stunden oder 72 Stunden.<\/p><p>Diese Rabattkarte ist ein All-in-Erlebnis in Gent. Sie w\u00e4ren verr\u00fcckt, wenn Sie dieses einzigartige Angebot nicht genie\u00dfen w\u00fcrden!<\/p><p>Die Gent CityCard k\u00f6nnen Sie hier kaufen:<\/p><ul><li>Per E-Mail an <a href=\"mailto:info@hotelcathedral.be\">info@hotelcathedral.be<\/a><\/li><li>Bei Ankunft an der Hotelrezeption.<\/li><li>Alle teilnehmenden Museen und Sehensw\u00fcrdigkeiten in Gent.<\/li><li>Die Verkaufsstellen des Transportunternehmens De Lijn.<\/li><\/ul>\t\t\t\t\t\t\t\t<\/div>\n\t\t\t\t<\/div>\n\t\t\t\t\t<\/div>\n\t\t<\/div>\n\t\t\t\t\t<\/div>\n\t\t<\/section>\n\t\t\t\t<\/div>","protected":false},"excerpt":{"rendered":"<p>CityCard Gent Zet je weekendje weg volledig naar je hand. De CityCard Gent is simpel en overzichtelijk in gebruik. Je krijgt een handig uitvouwbaar stadsplan en alle info over de CityCard-voordelen. Kies een kaart voor 48 uur of 72 uur. Deze voordeelkaart is een all-in belevenis in Gent. Je zou wel gek zijn om niet [&hellip;]<\/p>\n","protected":false},"author":1,"featured_media":0,"parent":0,"menu_order":0,"comment_status":"closed","ping_status":"closed","template":"elementor_header_footer","meta":{"footnotes":""},"class_list":["post-2247","page","type-page","status-publish","hentry"],"_links":{"self":[{"href":"https:\/\/hotelcathedral.be\/de\/wp-json\/wp\/v2\/pages\/2247","targetHints":{"allow":["GET"]}}],"collection":[{"href":"https:\/\/hotelcathedral.be\/de\/wp-json\/wp\/v2\/pages"}],"about":[{"href":"https:\/\/hotelcathedral.be\/de\/wp-json\/wp\/v2\/types\/page"}],"author":[{"embeddable":true,"href":"https:\/\/hotelcathedral.be\/de\/wp-json\/wp\/v2\/users\/1"}],"replies":[{"embeddable":true,"href":"https:\/\/hotelcathedral.be\/de\/wp-json\/wp\/v2\/comments?post=2247"}],"version-history":[{"count":0,"href":"https:\/\/hotelcathedral.be\/de\/wp-json\/wp\/v2\/pages\/2247\/revisions"}],"wp:attachment":[{"href":"https:\/\/hotelcathedral.be\/de\/wp-json\/wp\/v2\/media?parent=2247"}],"curies":[{"name":"wp","href":"https:\/\/api.w.org\/{rel}","templated":true}]}}