{"id":1805,"date":"2020-08-12T08:34:27","date_gmt":"2020-08-12T08:34:27","guid":{"rendered":"http:\/\/hotelcathedral.galia.be\/?page_id=1805"},"modified":"2020-08-12T08:50:38","modified_gmt":"2020-08-12T08:50:38","slug":"standaardkamer-met-zithoek","status":"publish","type":"page","link":"https:\/\/hotelcathedral.be\/de\/standaardkamer-met-zithoek\/","title":{"rendered":"Standardzimmer mit Sitzecke"},"content":{"rendered":"<div data-elementor-type=\"wp-page\" data-elementor-id=\"1805\" class=\"elementor elementor-1805\" data-elementor-post-type=\"page\">\n\t\t\t\t\t\t<section class=\"elementor-section elementor-top-section elementor-element elementor-element-45abfab elementor-section-boxed elementor-section-height-default elementor-section-height-default\" data-id=\"45abfab\" data-element_type=\"section\" data-e-type=\"section\" data-settings=\"{&quot;animation&quot;:&quot;none&quot;,&quot;background_background&quot;:&quot;classic&quot;}\">\n\t\t\t\t\t\t<div class=\"elementor-container elementor-column-gap-wide\">\n\t\t\t\t\t<div class=\"elementor-column elementor-col-100 elementor-top-column elementor-element elementor-element-d70e194\" data-id=\"d70e194\" data-element_type=\"column\" data-e-type=\"column\">\n\t\t\t<div class=\"elementor-widget-wrap elementor-element-populated\">\n\t\t\t\t\t\t<div class=\"elementor-element elementor-element-3fac095 elementor-widget elementor-widget-heading\" data-id=\"3fac095\" data-element_type=\"widget\" data-e-type=\"widget\" data-widget_type=\"heading.default\">\n\t\t\t\t<div class=\"elementor-widget-container\">\n\t\t\t\t\t<h2 class=\"elementor-heading-title elementor-size-default\">Standardzimmer mit Sitzecke<\/h2>\t\t\t\t<\/div>\n\t\t\t\t<\/div>\n\t\t\t\t<div class=\"elementor-element elementor-element-493f794 elementor-widget elementor-widget-heading\" data-id=\"493f794\" data-element_type=\"widget\" data-e-type=\"widget\" data-widget_type=\"heading.default\">\n\t\t\t\t<div class=\"elementor-widget-container\">\n\t\t\t\t\t<h4 class=\"elementor-heading-title elementor-size-default\">Ab 119 \u20ac Fr\u00fchst\u00fcck inklusive<\/h4>\t\t\t\t<\/div>\n\t\t\t\t<\/div>\n\t\t\t\t<div class=\"elementor-element elementor-element-79f0ca1 elementor-widget elementor-widget-text-editor\" data-id=\"79f0ca1\" data-element_type=\"widget\" data-e-type=\"widget\" data-widget_type=\"text-editor.default\">\n\t\t\t\t<div class=\"elementor-widget-container\">\n\t\t\t\t\t\t\t\t\t<p class=\"p1\">Die Zimmer sind mit einem eigenen Bad mit Dusche, Haartrockner, Waschbecken und WC, Flachbildfernseher mit belgischen und ausl\u00e4ndischen Kan\u00e4len, Schreibtisch, Klimaanlage, Sitzecke mit 2 Sitzpl\u00e4tzen, Kaffeemaschine und Wasserkocher ausgestattet.<\/p><p>Diese Zimmer befinden sich im ersten und zweiten Stock, die Zimmer sind nur \u00fcber Treppen erreichbar.\u00a0<\/p>\t\t\t\t\t\t\t\t<\/div>\n\t\t\t\t<\/div>\n\t\t\t\t<div class=\"elementor-element elementor-element-a55fe72 elementor-invisible elementor-widget elementor-widget-gallery\" data-id=\"a55fe72\" data-element_type=\"widget\" data-e-type=\"widget\" data-settings=\"{&quot;columns&quot;:3,&quot;gap&quot;:{&quot;unit&quot;:&quot;px&quot;,&quot;size&quot;:14,&quot;sizes&quot;:[]},&quot;_animation&quot;:&quot;fadeIn&quot;,&quot;gallery_layout&quot;:&quot;grid&quot;,&quot;columns_tablet&quot;:2,&quot;columns_mobile&quot;:1,&quot;gap_tablet&quot;:{&quot;unit&quot;:&quot;px&quot;,&quot;size&quot;:10,&quot;sizes&quot;:[]},&quot;gap_mobile&quot;:{&quot;unit&quot;:&quot;px&quot;,&quot;size&quot;:10,&quot;sizes&quot;:[]},&quot;link_to&quot;:&quot;file&quot;,&quot;aspect_ratio&quot;:&quot;3:2&quot;,&quot;content_hover_animation&quot;:&quot;fade-in&quot;}\" data-widget_type=\"gallery.default\">\n\t\t\t\t<div class=\"elementor-widget-container\">\n\t\t\t\t\t\t\t<div class=\"elementor-gallery__container\">\n\t\t\t\t\t\t\t<a class=\"e-gallery-item elementor-gallery-item elementor-animated-content\" href=\"https:\/\/hotelcathedral.be\/wp-content\/uploads\/2020\/08\/kamer-met-zithoek-K1-zicht-op-bed.jpg\" data-elementor-open-lightbox=\"yes\" data-elementor-lightbox-slideshow=\"a55fe72\" data-elementor-lightbox-title=\"kamer met zithoek K1 zicht op bed\" data-e-action-hash=\"#elementor-action%3Aaction%3Dlightbox%26settings%3DeyJpZCI6MTczMCwidXJsIjoiaHR0cHM6XC9cL2hvdGVsY2F0aGVkcmFsLmJlXC93cC1jb250ZW50XC91cGxvYWRzXC8yMDIwXC8wOFwva2FtZXItbWV0LXppdGhvZWstSzEtemljaHQtb3AtYmVkLmpwZyIsInNsaWRlc2hvdyI6ImE1NWZlNzIifQ%3D%3D\">\n\t\t\t\t\t<div class=\"e-gallery-image elementor-gallery-item__image\" data-thumbnail=\"https:\/\/hotelcathedral.be\/wp-content\/uploads\/2020\/08\/kamer-met-zithoek-K1-zicht-op-bed-768x512.jpg\" data-width=\"768\" data-height=\"512\" aria-label=\"\" role=\"img\" ><\/div>\n\t\t\t\t\t\t\t\t\t\t\t\t\t\t<\/a>\n\t\t\t\t\t\t\t<a class=\"e-gallery-item elementor-gallery-item elementor-animated-content\" href=\"https:\/\/hotelcathedral.be\/wp-content\/uploads\/2020\/08\/kamer-met-zithoek-K2-zicht-pano-bureau.jpg\" data-elementor-open-lightbox=\"yes\" data-elementor-lightbox-slideshow=\"a55fe72\" data-elementor-lightbox-title=\"kamer met zithoek K2 zicht pano bureau\" data-e-action-hash=\"#elementor-action%3Aaction%3Dlightbox%26settings%3DeyJpZCI6MTczNSwidXJsIjoiaHR0cHM6XC9cL2hvdGVsY2F0aGVkcmFsLmJlXC93cC1jb250ZW50XC91cGxvYWRzXC8yMDIwXC8wOFwva2FtZXItbWV0LXppdGhvZWstSzItemljaHQtcGFuby1idXJlYXUuanBnIiwic2xpZGVzaG93IjoiYTU1ZmU3MiJ9\">\n\t\t\t\t\t<div class=\"e-gallery-image elementor-gallery-item__image\" data-thumbnail=\"https:\/\/hotelcathedral.be\/wp-content\/uploads\/2020\/08\/kamer-met-zithoek-K2-zicht-pano-bureau-768x458.jpg\" data-width=\"768\" data-height=\"458\" aria-label=\"\" role=\"img\" ><\/div>\n\t\t\t\t\t\t\t\t\t\t\t\t\t\t<\/a>\n\t\t\t\t\t\t\t<a class=\"e-gallery-item elementor-gallery-item elementor-animated-content\" href=\"https:\/\/hotelcathedral.be\/wp-content\/uploads\/2020\/08\/kamer-met-zithoek-K1-zicht-op-kast-2.jpg\" data-elementor-open-lightbox=\"yes\" data-elementor-lightbox-slideshow=\"a55fe72\" data-elementor-lightbox-title=\"kamer met zithoek K1 zicht op kast\" data-e-action-hash=\"#elementor-action%3Aaction%3Dlightbox%26settings%3DeyJpZCI6MTczMSwidXJsIjoiaHR0cHM6XC9cL2hvdGVsY2F0aGVkcmFsLmJlXC93cC1jb250ZW50XC91cGxvYWRzXC8yMDIwXC8wOFwva2FtZXItbWV0LXppdGhvZWstSzEtemljaHQtb3Ata2FzdC0yLmpwZyIsInNsaWRlc2hvdyI6ImE1NWZlNzIifQ%3D%3D\">\n\t\t\t\t\t<div class=\"e-gallery-image elementor-gallery-item__image\" data-thumbnail=\"https:\/\/hotelcathedral.be\/wp-content\/uploads\/2020\/08\/kamer-met-zithoek-K1-zicht-op-kast-2-768x512.jpg\" data-width=\"768\" data-height=\"512\" aria-label=\"\" role=\"img\" ><\/div>\n\t\t\t\t\t\t\t\t\t\t\t\t\t\t<\/a>\n\t\t\t\t\t\t\t<a class=\"e-gallery-item elementor-gallery-item elementor-animated-content\" href=\"https:\/\/hotelcathedral.be\/wp-content\/uploads\/2020\/08\/kamer-met-zithoek-K1-zicht-op-koffiezet-2.jpg\" data-elementor-open-lightbox=\"yes\" data-elementor-lightbox-slideshow=\"a55fe72\" data-elementor-lightbox-title=\"kamer met zithoek K1 zicht op koffiezet\" data-e-action-hash=\"#elementor-action%3Aaction%3Dlightbox%26settings%3DeyJpZCI6MTczMiwidXJsIjoiaHR0cHM6XC9cL2hvdGVsY2F0aGVkcmFsLmJlXC93cC1jb250ZW50XC91cGxvYWRzXC8yMDIwXC8wOFwva2FtZXItbWV0LXppdGhvZWstSzEtemljaHQtb3Ata29mZmllemV0LTIuanBnIiwic2xpZGVzaG93IjoiYTU1ZmU3MiJ9\">\n\t\t\t\t\t<div class=\"e-gallery-image elementor-gallery-item__image\" data-thumbnail=\"https:\/\/hotelcathedral.be\/wp-content\/uploads\/2020\/08\/kamer-met-zithoek-K1-zicht-op-koffiezet-2-768x512.jpg\" data-width=\"768\" data-height=\"512\" aria-label=\"\" role=\"img\" ><\/div>\n\t\t\t\t\t\t\t\t\t\t\t\t\t\t<\/a>\n\t\t\t\t\t\t\t<a class=\"e-gallery-item elementor-gallery-item elementor-animated-content\" href=\"https:\/\/hotelcathedral.be\/wp-content\/uploads\/2020\/08\/kamer-met-zithoek-K2-zicht-op-badkamer.jpg\" data-elementor-open-lightbox=\"yes\" data-elementor-lightbox-slideshow=\"a55fe72\" data-elementor-lightbox-title=\"kamer met zithoek K2 zicht op badkamer\" data-e-action-hash=\"#elementor-action%3Aaction%3Dlightbox%26settings%3DeyJpZCI6MTczMywidXJsIjoiaHR0cHM6XC9cL2hvdGVsY2F0aGVkcmFsLmJlXC93cC1jb250ZW50XC91cGxvYWRzXC8yMDIwXC8wOFwva2FtZXItbWV0LXppdGhvZWstSzItemljaHQtb3AtYmFka2FtZXIuanBnIiwic2xpZGVzaG93IjoiYTU1ZmU3MiJ9\">\n\t\t\t\t\t<div class=\"e-gallery-image elementor-gallery-item__image\" data-thumbnail=\"https:\/\/hotelcathedral.be\/wp-content\/uploads\/2020\/08\/kamer-met-zithoek-K2-zicht-op-badkamer-768x1152.jpg\" data-width=\"768\" data-height=\"1152\" aria-label=\"\" role=\"img\" ><\/div>\n\t\t\t\t\t\t\t\t\t\t\t\t\t\t<\/a>\n\t\t\t\t\t\t\t<a class=\"e-gallery-item elementor-gallery-item elementor-animated-content\" href=\"https:\/\/hotelcathedral.be\/wp-content\/uploads\/2020\/08\/kamer-met-zithoek-K4-zicht-op-kamer-ok.jpg\" data-elementor-open-lightbox=\"yes\" data-elementor-lightbox-slideshow=\"a55fe72\" data-elementor-lightbox-title=\"kamer met zithoek K4 zicht op kamer = ok\" data-e-action-hash=\"#elementor-action%3Aaction%3Dlightbox%26settings%3DeyJpZCI6MTczNywidXJsIjoiaHR0cHM6XC9cL2hvdGVsY2F0aGVkcmFsLmJlXC93cC1jb250ZW50XC91cGxvYWRzXC8yMDIwXC8wOFwva2FtZXItbWV0LXppdGhvZWstSzQtemljaHQtb3Ata2FtZXItb2suanBnIiwic2xpZGVzaG93IjoiYTU1ZmU3MiJ9\">\n\t\t\t\t\t<div class=\"e-gallery-image elementor-gallery-item__image\" data-thumbnail=\"https:\/\/hotelcathedral.be\/wp-content\/uploads\/2020\/08\/kamer-met-zithoek-K4-zicht-op-kamer-ok-768x512.jpg\" data-width=\"768\" data-height=\"512\" aria-label=\"\" role=\"img\" ><\/div>\n\t\t\t\t\t\t\t\t\t\t\t\t\t\t<\/a>\n\t\t\t\t\t\t\t<a class=\"e-gallery-item elementor-gallery-item elementor-animated-content\" href=\"https:\/\/hotelcathedral.be\/wp-content\/uploads\/2020\/08\/kamer-met-zithoek-K4-zicht-op-salon.jpg\" data-elementor-open-lightbox=\"yes\" data-elementor-lightbox-slideshow=\"a55fe72\" data-elementor-lightbox-title=\"kamer met zithoek K4 zicht op salon\" data-e-action-hash=\"#elementor-action%3Aaction%3Dlightbox%26settings%3DeyJpZCI6MTczOCwidXJsIjoiaHR0cHM6XC9cL2hvdGVsY2F0aGVkcmFsLmJlXC93cC1jb250ZW50XC91cGxvYWRzXC8yMDIwXC8wOFwva2FtZXItbWV0LXppdGhvZWstSzQtemljaHQtb3Atc2Fsb24uanBnIiwic2xpZGVzaG93IjoiYTU1ZmU3MiJ9\">\n\t\t\t\t\t<div class=\"e-gallery-image elementor-gallery-item__image\" data-thumbnail=\"https:\/\/hotelcathedral.be\/wp-content\/uploads\/2020\/08\/kamer-met-zithoek-K4-zicht-op-salon-768x1152.jpg\" data-width=\"768\" data-height=\"1152\" aria-label=\"\" role=\"img\" ><\/div>\n\t\t\t\t\t\t\t\t\t\t\t\t\t\t<\/a>\n\t\t\t\t\t\t\t<a class=\"e-gallery-item elementor-gallery-item elementor-animated-content\" href=\"https:\/\/hotelcathedral.be\/wp-content\/uploads\/2020\/08\/kamer-met-zithoek-K8-zicht-op-badkamer.jpg\" data-elementor-open-lightbox=\"yes\" data-elementor-lightbox-slideshow=\"a55fe72\" data-elementor-lightbox-title=\"kamer met zithoek K8 zicht op badkamer\" data-e-action-hash=\"#elementor-action%3Aaction%3Dlightbox%26settings%3DeyJpZCI6MTczOSwidXJsIjoiaHR0cHM6XC9cL2hvdGVsY2F0aGVkcmFsLmJlXC93cC1jb250ZW50XC91cGxvYWRzXC8yMDIwXC8wOFwva2FtZXItbWV0LXppdGhvZWstSzgtemljaHQtb3AtYmFka2FtZXIuanBnIiwic2xpZGVzaG93IjoiYTU1ZmU3MiJ9\">\n\t\t\t\t\t<div class=\"e-gallery-image elementor-gallery-item__image\" data-thumbnail=\"https:\/\/hotelcathedral.be\/wp-content\/uploads\/2020\/08\/kamer-met-zithoek-K8-zicht-op-badkamer-768x600.jpg\" data-width=\"768\" data-height=\"600\" aria-label=\"\" role=\"img\" ><\/div>\n\t\t\t\t\t\t\t\t\t\t\t\t\t\t<\/a>\n\t\t\t\t\t\t\t<a class=\"e-gallery-item elementor-gallery-item elementor-animated-content\" href=\"https:\/\/hotelcathedral.be\/wp-content\/uploads\/2020\/08\/kamer-met-zithoek-K8-zicht-op-TV-ok.jpg\" data-elementor-open-lightbox=\"yes\" data-elementor-lightbox-slideshow=\"a55fe72\" data-elementor-lightbox-title=\"kamer met zithoek K8 zicht op TV = ok\" data-e-action-hash=\"#elementor-action%3Aaction%3Dlightbox%26settings%3DeyJpZCI6MTc0MSwidXJsIjoiaHR0cHM6XC9cL2hvdGVsY2F0aGVkcmFsLmJlXC93cC1jb250ZW50XC91cGxvYWRzXC8yMDIwXC8wOFwva2FtZXItbWV0LXppdGhvZWstSzgtemljaHQtb3AtVFYtb2suanBnIiwic2xpZGVzaG93IjoiYTU1ZmU3MiJ9\">\n\t\t\t\t\t<div class=\"e-gallery-image elementor-gallery-item__image\" data-thumbnail=\"https:\/\/hotelcathedral.be\/wp-content\/uploads\/2020\/08\/kamer-met-zithoek-K8-zicht-op-TV-ok-768x525.jpg\" data-width=\"768\" data-height=\"525\" aria-label=\"\" role=\"img\" ><\/div>\n\t\t\t\t\t\t\t\t\t\t\t\t\t\t<\/a>\n\t\t\t\t\t\t\t<a class=\"e-gallery-item elementor-gallery-item elementor-animated-content\" href=\"https:\/\/hotelcathedral.be\/wp-content\/uploads\/2020\/08\/kamer-met-zithoek-K9-zicht-op-kamer-2.jpg\" data-elementor-open-lightbox=\"yes\" data-elementor-lightbox-slideshow=\"a55fe72\" data-elementor-lightbox-title=\"kamer met zithoek K9 zicht op kamer\" data-e-action-hash=\"#elementor-action%3Aaction%3Dlightbox%26settings%3DeyJpZCI6MTc0MywidXJsIjoiaHR0cHM6XC9cL2hvdGVsY2F0aGVkcmFsLmJlXC93cC1jb250ZW50XC91cGxvYWRzXC8yMDIwXC8wOFwva2FtZXItbWV0LXppdGhvZWstSzktemljaHQtb3Ata2FtZXItMi5qcGciLCJzbGlkZXNob3ciOiJhNTVmZTcyIn0%3D\">\n\t\t\t\t\t<div class=\"e-gallery-image elementor-gallery-item__image\" data-thumbnail=\"https:\/\/hotelcathedral.be\/wp-content\/uploads\/2020\/08\/kamer-met-zithoek-K9-zicht-op-kamer-2-768x290.jpg\" data-width=\"768\" data-height=\"290\" aria-label=\"\" role=\"img\" ><\/div>\n\t\t\t\t\t\t\t\t\t\t\t\t\t\t<\/a>\n\t\t\t\t\t\t\t<a class=\"e-gallery-item elementor-gallery-item elementor-animated-content\" href=\"https:\/\/hotelcathedral.be\/wp-content\/uploads\/2020\/08\/kamer-met-zithoek-K9-zicht-op-zetel.jpg\" data-elementor-open-lightbox=\"yes\" data-elementor-lightbox-slideshow=\"a55fe72\" data-elementor-lightbox-title=\"kamer met zithoek K9 zicht op zetel\" data-e-action-hash=\"#elementor-action%3Aaction%3Dlightbox%26settings%3DeyJpZCI6MTc0NCwidXJsIjoiaHR0cHM6XC9cL2hvdGVsY2F0aGVkcmFsLmJlXC93cC1jb250ZW50XC91cGxvYWRzXC8yMDIwXC8wOFwva2FtZXItbWV0LXppdGhvZWstSzktemljaHQtb3AtemV0ZWwuanBnIiwic2xpZGVzaG93IjoiYTU1ZmU3MiJ9\">\n\t\t\t\t\t<div class=\"e-gallery-image elementor-gallery-item__image\" data-thumbnail=\"https:\/\/hotelcathedral.be\/wp-content\/uploads\/2020\/08\/kamer-met-zithoek-K9-zicht-op-zetel-768x512.jpg\" data-width=\"768\" data-height=\"512\" aria-label=\"\" role=\"img\" ><\/div>\n\t\t\t\t\t\t\t\t\t\t\t\t\t\t<\/a>\n\t\t\t\t\t\t\t<a class=\"e-gallery-item elementor-gallery-item elementor-animated-content\" href=\"https:\/\/hotelcathedral.be\/wp-content\/uploads\/2020\/08\/kamer-met-zithoek-K1-zicht-badkamer.jpg\" data-elementor-open-lightbox=\"yes\" data-elementor-lightbox-slideshow=\"a55fe72\" data-elementor-lightbox-title=\"kamer met zithoek K1 zicht badkamer\" data-e-action-hash=\"#elementor-action%3Aaction%3Dlightbox%26settings%3DeyJpZCI6MTcyOSwidXJsIjoiaHR0cHM6XC9cL2hvdGVsY2F0aGVkcmFsLmJlXC93cC1jb250ZW50XC91cGxvYWRzXC8yMDIwXC8wOFwva2FtZXItbWV0LXppdGhvZWstSzEtemljaHQtYmFka2FtZXIuanBnIiwic2xpZGVzaG93IjoiYTU1ZmU3MiJ9\">\n\t\t\t\t\t<div class=\"e-gallery-image elementor-gallery-item__image\" data-thumbnail=\"https:\/\/hotelcathedral.be\/wp-content\/uploads\/2020\/08\/kamer-met-zithoek-K1-zicht-badkamer-768x566.jpg\" data-width=\"768\" data-height=\"566\" aria-label=\"\" role=\"img\" ><\/div>\n\t\t\t\t\t\t\t\t\t\t\t\t\t\t<\/a>\n\t\t\t\t\t<\/div>\n\t\t\t\t\t<\/div>\n\t\t\t\t<\/div>\n\t\t\t\t\t<\/div>\n\t\t<\/div>\n\t\t\t\t\t<\/div>\n\t\t<\/section>\n\t\t\t\t<section class=\"elementor-section elementor-top-section elementor-element elementor-element-fab8173 elementor-section-boxed elementor-section-height-default elementor-section-height-default\" data-id=\"fab8173\" data-element_type=\"section\" data-e-type=\"section\" data-settings=\"{&quot;animation&quot;:&quot;none&quot;,&quot;background_background&quot;:&quot;classic&quot;}\">\n\t\t\t\t\t\t<div class=\"elementor-container elementor-column-gap-wide\">\n\t\t\t\t\t<div class=\"elementor-column elementor-col-100 elementor-top-column elementor-element elementor-element-4a15f2e\" data-id=\"4a15f2e\" data-element_type=\"column\" data-e-type=\"column\">\n\t\t\t<div class=\"elementor-widget-wrap elementor-element-populated\">\n\t\t\t\t\t\t<div class=\"elementor-element elementor-element-11af5f4 elementor-widget elementor-widget-heading\" data-id=\"11af5f4\" data-element_type=\"widget\" data-e-type=\"widget\" data-widget_type=\"heading.default\">\n\t\t\t\t<div class=\"elementor-widget-container\">\n\t\t\t\t\t<h2 class=\"elementor-heading-title elementor-size-default\">Entdecken Sie das Hotel<\/h2>\t\t\t\t<\/div>\n\t\t\t\t<\/div>\n\t\t\t\t<div class=\"elementor-element elementor-element-f2ce0f5 elementor-invisible elementor-widget elementor-widget-gallery\" data-id=\"f2ce0f5\" data-element_type=\"widget\" data-e-type=\"widget\" data-settings=\"{&quot;gap&quot;:{&quot;unit&quot;:&quot;px&quot;,&quot;size&quot;:14,&quot;sizes&quot;:[]},&quot;_animation&quot;:&quot;fadeIn&quot;,&quot;ideal_row_height&quot;:{&quot;unit&quot;:&quot;px&quot;,&quot;size&quot;:220,&quot;sizes&quot;:[]},&quot;gallery_layout&quot;:&quot;justified&quot;,&quot;ideal_row_height_tablet&quot;:{&quot;unit&quot;:&quot;px&quot;,&quot;size&quot;:220,&quot;sizes&quot;:[]},&quot;ideal_row_height_mobile&quot;:{&quot;unit&quot;:&quot;px&quot;,&quot;size&quot;:220,&quot;sizes&quot;:[]},&quot;lazyload&quot;:&quot;yes&quot;,&quot;gap_tablet&quot;:{&quot;unit&quot;:&quot;px&quot;,&quot;size&quot;:10,&quot;sizes&quot;:[]},&quot;gap_mobile&quot;:{&quot;unit&quot;:&quot;px&quot;,&quot;size&quot;:10,&quot;sizes&quot;:[]},&quot;link_to&quot;:&quot;file&quot;,&quot;content_hover_animation&quot;:&quot;fade-in&quot;}\" data-widget_type=\"gallery.default\">\n\t\t\t\t<div class=\"elementor-widget-container\">\n\t\t\t\t\t\t\t<div class=\"elementor-gallery__container\">\n\t\t\t\t\t\t\t<a class=\"e-gallery-item elementor-gallery-item elementor-animated-content\" href=\"https:\/\/hotelcathedral.be\/wp-content\/uploads\/2020\/08\/receptie-vooraanzicht-bar.jpg\" data-elementor-open-lightbox=\"yes\" data-elementor-lightbox-slideshow=\"f2ce0f5\" data-elementor-lightbox-title=\"receptie vooraanzicht bar\" data-e-action-hash=\"#elementor-action%3Aaction%3Dlightbox%26settings%3DeyJpZCI6MTU3OSwidXJsIjoiaHR0cHM6XC9cL2hvdGVsY2F0aGVkcmFsLmJlXC93cC1jb250ZW50XC91cGxvYWRzXC8yMDIwXC8wOFwvcmVjZXB0aWUtdm9vcmFhbnppY2h0LWJhci5qcGciLCJzbGlkZXNob3ciOiJmMmNlMGY1In0%3D\">\n\t\t\t\t\t<div class=\"e-gallery-image elementor-gallery-item__image\" data-thumbnail=\"https:\/\/hotelcathedral.be\/wp-content\/uploads\/2020\/08\/receptie-vooraanzicht-bar-768x398.jpg\" data-width=\"768\" data-height=\"398\" aria-label=\"\" role=\"img\" ><\/div>\n\t\t\t\t\t\t\t\t\t\t\t\t\t\t<\/a>\n\t\t\t\t\t\t\t<a class=\"e-gallery-item elementor-gallery-item elementor-animated-content\" href=\"https:\/\/hotelcathedral.be\/wp-content\/uploads\/2020\/08\/an-aan-receptie-1.jpg\" data-elementor-open-lightbox=\"yes\" data-elementor-lightbox-slideshow=\"f2ce0f5\" data-elementor-lightbox-title=\"an aan receptie\" data-e-action-hash=\"#elementor-action%3Aaction%3Dlightbox%26settings%3DeyJpZCI6MTc0NiwidXJsIjoiaHR0cHM6XC9cL2hvdGVsY2F0aGVkcmFsLmJlXC93cC1jb250ZW50XC91cGxvYWRzXC8yMDIwXC8wOFwvYW4tYWFuLXJlY2VwdGllLTEuanBnIiwic2xpZGVzaG93IjoiZjJjZTBmNSJ9\">\n\t\t\t\t\t<div class=\"e-gallery-image elementor-gallery-item__image\" data-thumbnail=\"https:\/\/hotelcathedral.be\/wp-content\/uploads\/2020\/08\/an-aan-receptie-1-768x512.jpg\" data-width=\"768\" data-height=\"512\" aria-label=\"\" role=\"img\" ><\/div>\n\t\t\t\t\t\t\t\t\t\t\t\t\t\t<\/a>\n\t\t\t\t\t\t\t<a class=\"e-gallery-item elementor-gallery-item elementor-animated-content\" href=\"https:\/\/hotelcathedral.be\/wp-content\/uploads\/2020\/08\/receptie-ontbijtzaal-1.jpg\" data-elementor-open-lightbox=\"yes\" data-elementor-lightbox-slideshow=\"f2ce0f5\" data-elementor-lightbox-title=\"receptie ontbijtzaal\" data-e-action-hash=\"#elementor-action%3Aaction%3Dlightbox%26settings%3DeyJpZCI6MTc1NiwidXJsIjoiaHR0cHM6XC9cL2hvdGVsY2F0aGVkcmFsLmJlXC93cC1jb250ZW50XC91cGxvYWRzXC8yMDIwXC8wOFwvcmVjZXB0aWUtb250YmlqdHphYWwtMS5qcGciLCJzbGlkZXNob3ciOiJmMmNlMGY1In0%3D\">\n\t\t\t\t\t<div class=\"e-gallery-image elementor-gallery-item__image\" data-thumbnail=\"https:\/\/hotelcathedral.be\/wp-content\/uploads\/2020\/08\/receptie-ontbijtzaal-1-768x380.jpg\" data-width=\"768\" data-height=\"380\" aria-label=\"\" role=\"img\" ><\/div>\n\t\t\t\t\t\t\t\t\t\t\t\t\t\t<\/a>\n\t\t\t\t\t\t\t<a class=\"e-gallery-item elementor-gallery-item elementor-animated-content\" href=\"https:\/\/hotelcathedral.be\/wp-content\/uploads\/2020\/08\/ontbijt-buffet-met-broodmandjes.jpg\" data-elementor-open-lightbox=\"yes\" data-elementor-lightbox-slideshow=\"f2ce0f5\" data-elementor-lightbox-title=\"ontbijt buffet met broodmandjes\" data-e-action-hash=\"#elementor-action%3Aaction%3Dlightbox%26settings%3DeyJpZCI6MTYwMCwidXJsIjoiaHR0cHM6XC9cL2hvdGVsY2F0aGVkcmFsLmJlXC93cC1jb250ZW50XC91cGxvYWRzXC8yMDIwXC8wOFwvb250YmlqdC1idWZmZXQtbWV0LWJyb29kbWFuZGplcy5qcGciLCJzbGlkZXNob3ciOiJmMmNlMGY1In0%3D\">\n\t\t\t\t\t<div class=\"e-gallery-image elementor-gallery-item__image\" data-thumbnail=\"https:\/\/hotelcathedral.be\/wp-content\/uploads\/2020\/08\/ontbijt-buffet-met-broodmandjes-768x512.jpg\" data-width=\"768\" data-height=\"512\" aria-label=\"\" role=\"img\" ><\/div>\n\t\t\t\t\t\t\t\t\t\t\t\t\t\t<\/a>\n\t\t\t\t\t\t\t<a class=\"e-gallery-item elementor-gallery-item elementor-animated-content\" href=\"https:\/\/hotelcathedral.be\/wp-content\/uploads\/2020\/08\/kamer-met-zithoek-K1-zicht-op-bed.jpg\" data-elementor-open-lightbox=\"yes\" data-elementor-lightbox-slideshow=\"f2ce0f5\" data-elementor-lightbox-title=\"kamer met zithoek K1 zicht op bed\" data-e-action-hash=\"#elementor-action%3Aaction%3Dlightbox%26settings%3DeyJpZCI6MTczMCwidXJsIjoiaHR0cHM6XC9cL2hvdGVsY2F0aGVkcmFsLmJlXC93cC1jb250ZW50XC91cGxvYWRzXC8yMDIwXC8wOFwva2FtZXItbWV0LXppdGhvZWstSzEtemljaHQtb3AtYmVkLmpwZyIsInNsaWRlc2hvdyI6ImYyY2UwZjUifQ%3D%3D\">\n\t\t\t\t\t<div class=\"e-gallery-image elementor-gallery-item__image\" data-thumbnail=\"https:\/\/hotelcathedral.be\/wp-content\/uploads\/2020\/08\/kamer-met-zithoek-K1-zicht-op-bed-768x512.jpg\" data-width=\"768\" data-height=\"512\" aria-label=\"\" role=\"img\" ><\/div>\n\t\t\t\t\t\t\t\t\t\t\t\t\t\t<\/a>\n\t\t\t\t\t\t\t<a class=\"e-gallery-item elementor-gallery-item elementor-animated-content\" href=\"https:\/\/hotelcathedral.be\/wp-content\/uploads\/2020\/08\/ontbijt-buffet.jpg\" data-elementor-open-lightbox=\"yes\" data-elementor-lightbox-slideshow=\"f2ce0f5\" data-elementor-lightbox-title=\"ontbijt-buffet\" data-e-action-hash=\"#elementor-action%3Aaction%3Dlightbox%26settings%3DeyJpZCI6MTYwMSwidXJsIjoiaHR0cHM6XC9cL2hvdGVsY2F0aGVkcmFsLmJlXC93cC1jb250ZW50XC91cGxvYWRzXC8yMDIwXC8wOFwvb250YmlqdC1idWZmZXQuanBnIiwic2xpZGVzaG93IjoiZjJjZTBmNSJ9\">\n\t\t\t\t\t<div class=\"e-gallery-image elementor-gallery-item__image\" data-thumbnail=\"https:\/\/hotelcathedral.be\/wp-content\/uploads\/2020\/08\/ontbijt-buffet-768x512.jpg\" data-width=\"768\" data-height=\"512\" aria-label=\"\" role=\"img\" ><\/div>\n\t\t\t\t\t\t\t\t\t\t\t\t\t\t<\/a>\n\t\t\t\t\t<\/div>\n\t\t\t\t\t<\/div>\n\t\t\t\t<\/div>\n\t\t\t\t<div class=\"elementor-element elementor-element-b9e4aab elementor-align-center elementor-widget elementor-widget-button\" data-id=\"b9e4aab\" data-element_type=\"widget\" data-e-type=\"widget\" data-widget_type=\"button.default\">\n\t\t\t\t<div class=\"elementor-widget-container\">\n\t\t\t\t\t\t\t\t\t<div class=\"elementor-button-wrapper\">\n\t\t\t\t\t<a class=\"elementor-button elementor-button-link elementor-size-sm\" href=\"https:\/\/hotelcathedral.be\/de\/fotogalerij\/\">\n\t\t\t\t\t\t<span class=\"elementor-button-content-wrapper\">\n\t\t\t\t\t\t\t\t\t<span class=\"elementor-button-text\">Fotogalerie \u2192<\/span>\n\t\t\t\t\t<\/span>\n\t\t\t\t\t<\/a>\n\t\t\t\t<\/div>\n\t\t\t\t\t\t\t\t<\/div>\n\t\t\t\t<\/div>\n\t\t\t\t\t<\/div>\n\t\t<\/div>\n\t\t\t\t\t<\/div>\n\t\t<\/section>\n\t\t\t\t<\/div>","protected":false},"excerpt":{"rendered":"<p>Standaardkamer met zithoek Vanaf \u20ac 119 ontbijt inbegrepen De kamers zijn ingericht met een private badkamer met douche, haardroger, wastafel en toilet, flatscreen TV met Belgische en buitenlandse kanalen, bureel, airco, zithoek met 2 zitplaatsen, koffiezetapparaat en waterkoker. Deze kamers bevinden zich op het eerste en het tweede verdiep, de kamers zijn enkel met een [&hellip;]<\/p>\n","protected":false},"author":1,"featured_media":0,"parent":0,"menu_order":0,"comment_status":"closed","ping_status":"closed","template":"elementor_header_footer","meta":{"footnotes":""},"class_list":["post-1805","page","type-page","status-publish","hentry"],"_links":{"self":[{"href":"https:\/\/hotelcathedral.be\/de\/wp-json\/wp\/v2\/pages\/1805","targetHints":{"allow":["GET"]}}],"collection":[{"href":"https:\/\/hotelcathedral.be\/de\/wp-json\/wp\/v2\/pages"}],"about":[{"href":"https:\/\/hotelcathedral.be\/de\/wp-json\/wp\/v2\/types\/page"}],"author":[{"embeddable":true,"href":"https:\/\/hotelcathedral.be\/de\/wp-json\/wp\/v2\/users\/1"}],"replies":[{"embeddable":true,"href":"https:\/\/hotelcathedral.be\/de\/wp-json\/wp\/v2\/comments?post=1805"}],"version-history":[{"count":0,"href":"https:\/\/hotelcathedral.be\/de\/wp-json\/wp\/v2\/pages\/1805\/revisions"}],"wp:attachment":[{"href":"https:\/\/hotelcathedral.be\/de\/wp-json\/wp\/v2\/media?parent=1805"}],"curies":[{"name":"wp","href":"https:\/\/api.w.org\/{rel}","templated":true}]}}