{"id":1364,"date":"2020-07-17T09:27:49","date_gmt":"2020-07-17T09:27:49","guid":{"rendered":"https:\/\/parkhotelghent.be\/?page_id=1364"},"modified":"2020-08-06T12:42:38","modified_gmt":"2020-08-06T12:42:38","slug":"privacybeleid","status":"publish","type":"page","link":"https:\/\/hotelcathedral.be\/de\/privacybeleid\/","title":{"rendered":"Datenschutz-Bestimmungen"},"content":{"rendered":"<div data-elementor-type=\"wp-page\" data-elementor-id=\"1364\" class=\"elementor elementor-1364\" data-elementor-post-type=\"page\">\n\t\t\t\t\t\t<section class=\"elementor-section elementor-top-section elementor-element elementor-element-57ffb1f elementor-section-boxed elementor-section-height-default elementor-section-height-default\" data-id=\"57ffb1f\" data-element_type=\"section\" data-e-type=\"section\" data-settings=\"{&quot;background_background&quot;:&quot;classic&quot;}\">\n\t\t\t\t\t\t<div class=\"elementor-container elementor-column-gap-default\">\n\t\t\t\t\t<div class=\"elementor-column elementor-col-100 elementor-top-column elementor-element elementor-element-7b801da\" data-id=\"7b801da\" data-element_type=\"column\" data-e-type=\"column\">\n\t\t\t<div class=\"elementor-widget-wrap elementor-element-populated\">\n\t\t\t\t\t\t<div class=\"elementor-element elementor-element-68b1374 elementor-widget elementor-widget-heading\" data-id=\"68b1374\" data-element_type=\"widget\" data-e-type=\"widget\" data-widget_type=\"heading.default\">\n\t\t\t\t<div class=\"elementor-widget-container\">\n\t\t\t\t\t<h2 class=\"elementor-heading-title elementor-size-default\">Datenschutz-Bestimmungen<\/h2>\t\t\t\t<\/div>\n\t\t\t\t<\/div>\n\t\t\t\t<div class=\"elementor-element elementor-element-0437494 elementor-widget elementor-widget-text-editor\" data-id=\"0437494\" data-element_type=\"widget\" data-e-type=\"widget\" data-widget_type=\"text-editor.default\">\n\t\t\t\t<div class=\"elementor-widget-container\">\n\t\t\t\t\t\t\t\t\t<h3>Datenschutzerkl\u00e4rung<\/h3><div>\u00a0<\/div><h6>Teil 1: Wir m\u00fcssen Ihre Privatsph\u00e4re gemeinsam sch\u00fctzen.<\/h6><p>Ihre Privatsph\u00e4re ist uns sehr wichtig. Wir m\u00f6chten Ihre personenbezogenen Daten auf legale, korrekte und transparente Weise verarbeiten. In dieser Datenschutzerkl\u00e4rung erkl\u00e4ren wir, welche personenbezogenen Daten wir von Ihnen als nat\u00fcrliche Person sammeln und verarbeiten.<br \/>Von nun an sprechen wir immer \u00fcber Ihre Daten als Kunde, als m\u00f6glicher zuk\u00fcnftiger Kunde oder als andere betroffene Person, wie Beg\u00fcnstigter, Ansprechpartner in einem Unternehmen usw. In welcher Funktion auch immer, Ihre Rechte bleiben gleich und das Hotel Cathedral wird Ihre Daten mit Sorgfalt behandeln. .<\/p><p><b>1.1 Lesen Sie diese Informationen unbedingt durch und sehen Sie, was Sie tun k\u00f6nnen.<\/b><br \/>Wir empfehlen Ihnen, diese Informationen sorgf\u00e4ltig zu lesen, damit Sie wissen, wof\u00fcr das Hotel Cathedral Ihre Daten verwendet. Weitere Informationen zu Ihren Datenschutzrechten und wie Sie diese aus\u00fcben k\u00f6nnen, finden Sie in dieser Datenschutzerkl\u00e4rung.<br \/>Das Hotel Cathedral kann diese Datenschutzerkl\u00e4rung anpassen. Die neueste Version finden Sie immer unter www.hotelcathedral.be. Das Hotel Cathedral informiert Sie \u00fcber seine Website \u00fcber alle wichtigen wesentlichen \u00c4nderungen.<br \/>Weitere Informationen zur Datenschutzgesetzgebung in Belgien im Allgemeinen finden Sie auch unter www.privacycommission.be, der Website der belgischen Datenschutzbeh\u00f6rde (fr\u00fcher als Datenschutzkommission bekannt).<\/p><p><b>1.2 Wenden Sie sich an das Hotel Cathedral, wenn Sie Fragen zur Verarbeitung Ihrer Daten haben.<\/b><br \/>Wenn Sie Fragen zum Datenschutz haben oder Ihre Datenschutzeinstellungen anpassen oder Ihre Rechte aus\u00fcben m\u00f6chten, k\u00f6nnen Sie uns auf folgende Weise erreichen: per E-Mail an directie@hotelcathedral.be.<\/p><p>\u00a0<\/p><h6>Teil 2: Sie haben Anspruch auf Ihre Privatsph\u00e4re.<\/h6><p>Wenn Ihre Daten verarbeitet werden, haben Sie viele Rechte. Wenn Sie vom Hotel Cathedral um Erlaubnis zur Bearbeitung gebeten werden, k\u00f6nnen Sie diese Erlaubnis anschlie\u00dfend jederzeit selbst widerrufen. Z.B. Versenden Sie einen Newsletter mit Sonderangeboten.<\/p><p><b>2.1 Sie k\u00f6nnen Ihre Daten anzeigen.<\/b><br \/>Wenn Sie die Daten \u00fcberpr\u00fcfen m\u00f6chten, die das Hotel Cathedral \u00fcber Sie verarbeitet, teilen Sie uns dies bitte mit.<br \/>Wenn Sie von Ihrem Auskunftsrecht Gebrauch machen, bietet Ihnen das Hotel Cathedral einen m\u00f6glichst vollst\u00e4ndigen \u00dcberblick \u00fcber Ihre Daten, solange diese aufbewahrt werden. Sie k\u00f6nnen auch danach nicht mehr angezeigt werden. Sie werden gem\u00e4\u00df den Standardbereinigungsverfahren aus unseren Dateien entfernt.<\/p><p><b>2.2 Sie k\u00f6nnen Ihre Daten korrigieren lassen.<\/b><br \/>Es kann vorkommen, dass bestimmte Informationen, die das Hotel Cathedral \u00fcber Sie gespeichert hat, (nicht mehr) korrekt sind. Sie k\u00f6nnen jederzeit verlangen, dass diese Informationen korrigiert oder vervollst\u00e4ndigt werden. Z.B. Neue Adresse.<\/p><p><b>2.3 Sie k\u00f6nnen Ihre Daten l\u00f6schen lassen.<\/b><br \/>Wenn Sie den Verdacht haben, dass das Hotel Cathedral bestimmte Daten rechtswidrig verarbeitet, k\u00f6nnen Sie deren L\u00f6schung beantragen.<\/p><p><b>2.4 Sie k\u00f6nnen einer bestimmten Verwendung von Daten widersprechen.<\/b><br \/>Wenn Sie mit der Art und Weise, wie das Hotel Cathedral bestimmte Daten aufgrund seines berechtigten Interesses verarbeitet, nicht einverstanden sind, k\u00f6nnen Sie dem widersprechen. Einspruch, den wir einhalten werden, es sei denn, es gibt zwingende Gr\u00fcnde, dies nicht zu tun. Dies ist beispielsweise der Fall, wenn wir Daten zur Betrugsbek\u00e4mpfung verarbeiten.<\/p><p><b>2.5 Sie k\u00f6nnen es manchmal ablehnen, Ihre Daten vollautomatisch verarbeiten zu lassen.<\/b><br \/>Einige Datenverarbeitungen und -prozesse sind ohne menschliches Eingreifen vollst\u00e4ndig automatisiert. Das Hotel Cathedral versucht, die Logik dieses automatischen Prozesses im Moment selbst zu kommunizieren. Zum Beispiel kann die Hotelkathedrale noch schneller auf Reservierungen reagieren. Wenn Sie mit dem Ergebnis eines solchen vollautomatisierten Prozesses nicht einverstanden sind, k\u00f6nnen Sie sich an das Hotel Cathedral wenden. Sie k\u00f6nnen beispielsweise die Intervention der Hotelkathedrale beantragen oder uns mitteilen, warum Sie die Bewertung bestreiten.<\/p><p><b>2.6 Sie k\u00f6nnen Ihre Rechte aus\u00fcben.<\/b><br \/>Seien Sie immer so genau wie m\u00f6glich, wenn Sie Ihre Rechte aus\u00fcben m\u00f6chten. Dann kann das Hotel Cathedral Ihre Frage konkret und korrekt bearbeiten. Das Hotel Cathedral muss Ihre Identit\u00e4t so genau wie m\u00f6glich \u00fcberpr\u00fcfen, um zu verhindern, dass jemand anderes Ihre Rechte aus\u00fcbt. Daher kann es mit einem solchen Antrag eine Kopie Ihres Personalausweises anfordern. Wenn Sie eine Beschwerde bez\u00fcglich der Aus\u00fcbung Ihrer Rechte haben, steht Ihnen das Beschwerdemanagement der Hotel Cathedral zur Verf\u00fcgung.<\/p><h6><br \/>Teil 3: Hotel Cathedral hat viele Gr\u00fcnde f\u00fcr die Verarbeitung Ihrer pers\u00f6nlichen Daten.<\/h6><p><b>3.1 Die Hotelkathedrale muss den gesetzlichen Verpflichtungen nachkommen.<\/b><br \/>Hier listen wir die wichtigsten rechtlichen Gr\u00fcnde auf, warum das Hotel Cathedral Ihre Daten verarbeiten muss.<br \/>Hotels m\u00fcssen f\u00fcr alle Kunden polizeiliche Aufzeichnungen f\u00fchren.<br \/>Das Hotel Cathedral verarbeitet m\u00f6glicherweise personenbezogene Daten \u00fcber Sie, weil Sie die Dienste des Hotels Cathedral nutzen und \/ oder weil Sie uns diese beim Ausf\u00fcllen eines Kontaktformulars auf der Website zur Verf\u00fcgung stellen. Das Hotel Cathedral kann folgende personenbezogene Daten verarbeiten:<br \/>- Ihr Vor- und Nachname<br \/>- Ihre Adressdaten<br \/>- Deine Telefonnummer<br \/>- Deine Emailadresse<br \/>- Ihre Kreditkartendaten.<br \/>Um beispielsweise die polizeilichen Vorschriften einzuhalten, m\u00fcssen wir Daten von Kunden oder Unternehmen zusammenf\u00fchren.<\/p><p><b>3.2 WARUM HOTELKATHEDRALE DATEN BEN\u00d6TIGT<\/b><br \/>Das Hotel Cathedral verarbeitet Ihre pers\u00f6nlichen Daten, um Sie telefonisch kontaktieren zu k\u00f6nnen, um Informationen weiterzugeben, und \/ oder um Sie schriftlich (per E-Mail oder per SMS) zu kontaktieren, wenn Sie nicht telefonisch erreichbar sind.<br \/>Dar\u00fcber hinaus kann das Hotel Cathedral Ihre pers\u00f6nlichen Daten verwenden, um n\u00fctzliche Ankunftsinformationen zu senden, die f\u00fcr den Besuch unseres Hotels gelten.<\/p><p><b>3.3 WIE LANGE HOTELKATHEDRALE SPEICHERT DATEN<\/b><br \/>Das Hotel Cathedral speichert Ihre pers\u00f6nlichen Daten nicht l\u00e4nger als unbedingt erforderlich, um die Ziele zu erreichen, f\u00fcr die Ihre Daten gesammelt werden. Ihre Daten werden nicht l\u00e4nger als 3 Monate nach dem Check-out-Datum gespeichert, wenn keine Einigung mit Ihnen erzielt wurde.<\/p><p><b>3.4 TEILEN MIT ANDEREN<\/b><br \/>Das Hotel Cathedral gibt Ihre personenbezogenen Daten nur dann an Dritte weiter, wenn dies zur Ausf\u00fchrung eines Vertrags mit Ihnen oder zur Einhaltung einer gesetzlichen Verpflichtung erforderlich ist.<br \/>Z.B. Anfrage der Polizei.<\/p><p><b>3.5 BESUCHE DER KARTEN-WEBSITE<\/b><br \/>Allgemeine Besucherdaten werden auf der Website des Hotels Cathedral gespeichert, so dass der Kunde unser Hotel und unsere Stadt problemlos besuchen kann.<\/p><p><b>3.6 Cookie-Richtlinien.<\/b><br \/>Was sind Cookies?<br \/>Wir verwenden Cookies, wenn Sie unsere E-Mails \u00f6ffnen und \/ oder wenn Sie unsere Websites besuchen oder nutzen. Cookies sind Informationen, die auf Ihrem eigenen Computer oder Mobilger\u00e4t gespeichert werden und normalerweise zur Optimierung der Benutzerfreundlichkeit von Websites und Apps verwendet werden.<br \/>Es gibt verschiedene Arten von Cookies, die nach Herkunft, Funktion und Lebensdauer unterteilt sind. Eine vollst\u00e4ndige \u00dcbersicht finden Sie auf Websites wie www.allaboutcookies.org.<br \/>Das Hotel Cathedral verwendet Cookies, um:<br \/>Verbesserung der Nutzung und Funktionalit\u00e4t der Website und Apps;<br \/>Zu analysieren, wie Benutzer unsere Website und Apps nutzen, und Statistiken zu erstellen; und um den Benutzern unserer Website und Apps personalisierte Informationen und Werbung zu zeigen.<br \/>Beispielsweise k\u00f6nnen Sie bei einem sp\u00e4teren Besuch als Besucher unserer Website identifiziert werden, und wir k\u00f6nnen die Benutzerfreundlichkeit erh\u00f6hen, indem wir unsere Website besser auf Ihre W\u00fcnsche und Vorlieben abstimmen. Cookies k\u00f6nnen auch verwendet werden, um den Inhalt oder die Werbung einer Website zu personalisieren. Beispielsweise sieht ein Kunde mit einem bestimmten Unterhaltungspaket andere Nachrichten als jemand, der kein solches Paket hat.<br \/>Cookies k\u00f6nnen nur vom Hotel Cathedral platziert werden.<br \/>Welche Arten von Cookies verwenden wir?<br \/>Notwendige Cookies: Diese Cookies stellen sicher, dass Sie durch unsere Website und Apps navigieren und die Funktionen (wie den Warenkorb und Ihre Datenschutzeinstellungen) nutzen k\u00f6nnen.<\/p><p>\u00a0<\/p><h6>Teil 4: \u00dcber Sicherheit und Vertraulichkeit<\/h6><p><b>4.1 Das Hotel Cathedral beantwortet nicht nur Fragen Dritter.<\/b><br \/>Die Ermessenspflicht wird eingehalten. Da die Hotelkathedrale ihrer Diskretions- und Datenschutzgesetzgebung nachkommen muss, kann sie Fragen Dritter nur beantworten, wenn sie auf einer gesetzlichen Bestimmung oder einem berechtigten Interesse beruhen, die f\u00fcr die Ausf\u00fchrung des Vertrags erforderlich sind, oder mit Zustimmung der betreffenden Person. Im letzteren Fall empfiehlt das Hotel Cathedral sogar, dass Sie die Daten von der betreffenden Person anfordern.<br \/>Das Hotel Cathedral kann nicht haftbar gemacht werden, wenn die rechtm\u00e4\u00dfigen Empf\u00e4nger von Daten gem\u00e4\u00df (im Ausland) geltenden gesetzlichen Verpflichtungen personenbezogene Daten von Kunden oder juristischen Personen an lokale Beh\u00f6rden \u00fcbermitteln oder diese unsicher behandeln m\u00fcssen.<\/p><p>4<b>.2 Beschwerden, Abbestellen von Newslettern oder L\u00f6schen personenbezogener Daten.<\/b><br \/>Bei Beschwerden bez\u00fcglich der Verarbeitung Ihrer pers\u00f6nlichen Daten, wenn Sie keinen Newsletter erhalten m\u00f6chten oder wenn Sie m\u00f6chten, dass Ihre pers\u00f6nlichen Daten gel\u00f6scht werden, m\u00fcssen alle Anfragen durch Senden einer motivierten E-Mail an gesendet werden\u00a0<a href=\"mailto: directie@hotelcathedral.be\" target=\"_blank\" rel=\"noopener\">directie@hotelcathedral.be<\/a>.<\/p>\t\t\t\t\t\t\t\t<\/div>\n\t\t\t\t<\/div>\n\t\t\t\t\t<\/div>\n\t\t<\/div>\n\t\t\t\t\t<\/div>\n\t\t<\/section>\n\t\t\t\t<\/div>","protected":false},"excerpt":{"rendered":"<p>Privacybeleid Privacyverklaring \u00a0 Deel 1: Jouw privacy moeten we samen bewaken. Je privacy is erg belangrijk voor ons. We willen je persoonsgegevens op een wettelijke, correcte en transparante manier verwerken. In deze privacyverklaring leggen we uit welke persoonsgegevens we van jou als natuurlijke persoon verzamelen en verwerken.We hebben het hier voortaan altijd over gegevens van [&hellip;]<\/p>\n","protected":false},"author":1,"featured_media":0,"parent":0,"menu_order":0,"comment_status":"closed","ping_status":"closed","template":"elementor_header_footer","meta":{"footnotes":""},"class_list":["post-1364","page","type-page","status-publish","hentry"],"_links":{"self":[{"href":"https:\/\/hotelcathedral.be\/de\/wp-json\/wp\/v2\/pages\/1364","targetHints":{"allow":["GET"]}}],"collection":[{"href":"https:\/\/hotelcathedral.be\/de\/wp-json\/wp\/v2\/pages"}],"about":[{"href":"https:\/\/hotelcathedral.be\/de\/wp-json\/wp\/v2\/types\/page"}],"author":[{"embeddable":true,"href":"https:\/\/hotelcathedral.be\/de\/wp-json\/wp\/v2\/users\/1"}],"replies":[{"embeddable":true,"href":"https:\/\/hotelcathedral.be\/de\/wp-json\/wp\/v2\/comments?post=1364"}],"version-history":[{"count":0,"href":"https:\/\/hotelcathedral.be\/de\/wp-json\/wp\/v2\/pages\/1364\/revisions"}],"wp:attachment":[{"href":"https:\/\/hotelcathedral.be\/de\/wp-json\/wp\/v2\/media?parent=1364"}],"curies":[{"name":"wp","href":"https:\/\/api.w.org\/{rel}","templated":true}]}}